{"id":276,"date":"2021-01-31T20:12:28","date_gmt":"2021-01-31T20:12:28","guid":{"rendered":"https:\/\/blogsaverroes.juntadeandalucia.es\/ceiptartessos\/?page_id=276"},"modified":"2021-02-08T18:59:01","modified_gmt":"2021-02-08T18:59:01","slug":"pasen","status":"publish","type":"page","link":"https:\/\/blogsaverroes.juntadeandalucia.es\/ceiptartessos\/pasen\/","title":{"rendered":"Pasen\/Ipasen"},"content":{"rendered":"<p>En esta secci\u00f3n mostramos algunos videos con sencillos tutoriales para facilitar el uso y el manejo de la aplicaci\u00f3n IPASEN.<\/p>\n<p>&nbsp;<\/p>\n<p style=\"text-align: center\"><strong>1.- C\u00f3mo instalar y acceder a IPASEN por primera vez.<\/strong><\/p>\n<p style=\"text-align: center\"><iframe loading=\"lazy\" src=\"https:\/\/www.youtube.com\/embed\/Gywfd_XncSA\" width=\"560\" height=\"315\" frameborder=\"0\"><\/iframe>&nbsp;<\/p>\n<p>&nbsp;<\/p>\n<p style=\"text-align: center\"><strong>2.- C\u00f3mo recuperar la contrase\u00f1a de acceso.<\/strong><\/p>\n<p style=\"text-align: center\"><iframe loading=\"lazy\" src=\"https:\/\/www.youtube.com\/embed\/OR7r9OcG8sE\" width=\"560\" height=\"315\" frameborder=\"0\"><\/iframe>&nbsp;<\/p>\n<p>&nbsp;<\/p>\n<p style=\"text-align: center\"><strong>3.- Descargar notas y documentos desde el punto de Recogida.<\/strong><\/p>\n<p style=\"text-align: center\"><iframe loading=\"lazy\" src=\"https:\/\/www.youtube.com\/embed\/K7s5wXWcEdc\" width=\"560\" height=\"315\" frameborder=\"0\"><\/iframe>&nbsp;<\/p>\n<p>&nbsp;<\/p>\n<p style=\"text-align: center\"><strong>4.- Autorizaciones y firmas.<\/strong><\/p>\n<p style=\"text-align: center\"><iframe loading=\"lazy\" src=\"https:\/\/www.youtube.com\/embed\/BzsH8tJCN28\" width=\"560\" height=\"315\" frameborder=\"0\"><\/iframe>&nbsp;<\/p>\n<p>&nbsp;<\/p>\n<p>&nbsp;<\/p>\n<p style=\"text-align: center\"><a href=\"https:\/\/www.juntadeandalucia.es\/educacion\/portals\/web\/ced\/pasen\">https:\/\/www.juntadeandalucia.es\/educacion\/portals\/web\/ced\/pasen<\/a><\/p>\n<p>&nbsp;<\/p>\n","protected":false},"excerpt":{"rendered":"<p>En esta secci\u00f3n mostramos algunos videos con sencillos tutoriales para facilitar el uso y el manejo de la aplicaci\u00f3n IPASEN. &nbsp; 1.- C\u00f3mo instalar y acceder a IPASEN por primera vez. &nbsp; &nbsp; 2.-&#46;&#46;&#46;<\/p>\n","protected":false},"author":11117,"featured_media":0,"parent":0,"menu_order":0,"comment_status":"closed","ping_status":"closed","template":"","meta":{"ngg_post_thumbnail":0,"footnotes":""},"aioseo_notices":[],"post_mailing_queue_ids":[],"_links":{"self":[{"href":"https:\/\/blogsaverroes.juntadeandalucia.es\/ceiptartessos\/wp-json\/wp\/v2\/pages\/276"}],"collection":[{"href":"https:\/\/blogsaverroes.juntadeandalucia.es\/ceiptartessos\/wp-json\/wp\/v2\/pages"}],"about":[{"href":"https:\/\/blogsaverroes.juntadeandalucia.es\/ceiptartessos\/wp-json\/wp\/v2\/types\/page"}],"author":[{"embeddable":true,"href":"https:\/\/blogsaverroes.juntadeandalucia.es\/ceiptartessos\/wp-json\/wp\/v2\/users\/11117"}],"replies":[{"embeddable":true,"href":"https:\/\/blogsaverroes.juntadeandalucia.es\/ceiptartessos\/wp-json\/wp\/v2\/comments?post=276"}],"version-history":[{"count":9,"href":"https:\/\/blogsaverroes.juntadeandalucia.es\/ceiptartessos\/wp-json\/wp\/v2\/pages\/276\/revisions"}],"predecessor-version":[{"id":446,"href":"https:\/\/blogsaverroes.juntadeandalucia.es\/ceiptartessos\/wp-json\/wp\/v2\/pages\/276\/revisions\/446"}],"wp:attachment":[{"href":"https:\/\/blogsaverroes.juntadeandalucia.es\/ceiptartessos\/wp-json\/wp\/v2\/media?parent=276"}],"curies":[{"name":"wp","href":"https:\/\/api.w.org\/{rel}","templated":true}]}}