{"id":348,"date":"2021-02-05T09:21:05","date_gmt":"2021-02-05T09:21:05","guid":{"rendered":"https:\/\/blogsaverroes.juntadeandalucia.es\/ceiptartessos\/?page_id=348"},"modified":"2021-02-11T11:58:44","modified_gmt":"2021-02-11T11:58:44","slug":"lego","status":"publish","type":"page","link":"https:\/\/blogsaverroes.juntadeandalucia.es\/ceiptartessos\/lego\/","title":{"rendered":"LEGO"},"content":{"rendered":"<p style=\"text-align: center\"><img loading=\"lazy\" decoding=\"async\" class=\"aligncenter wp-image-509\" src=\"https:\/\/blogsaverroes.juntadeandalucia.es\/ceiptartessos\/files\/2021\/02\/LEGOS-300x200.jpeg\" alt=\"\" width=\"400\" height=\"267\" srcset=\"https:\/\/blogsaverroes.juntadeandalucia.es\/ceiptartessos\/files\/2021\/02\/LEGOS-300x200.jpeg 300w, https:\/\/blogsaverroes.juntadeandalucia.es\/ceiptartessos\/files\/2021\/02\/LEGOS-768x512.jpeg 768w, https:\/\/blogsaverroes.juntadeandalucia.es\/ceiptartessos\/files\/2021\/02\/LEGOS.jpeg 900w\" sizes=\"(max-width: 400px) 100vw, 400px\" \/><\/p>\n<p>&nbsp;<\/p>\n<p>En el Centro estamos desarrollando, dentro de los Proyectos de Innovaci\u00f3n, una serie de actividades basadas en LEGO.<\/p>\n<p>Denominada \u00abLEGO: Una herramienta para construir lo que aprendemos y somos\u00bb, se trata de una experiencia atractiva para nuestro alumnado, que puede utilizarse de forma creativa para cualquier tema o materia. Se trata de un aprendizaje muy motivador ya que est\u00e1 basado en el disfrute, en la libertad para expresarse y en el no-juicio. Creemos que su utilizaci\u00f3n puede enriquecer nuestras clases y a nuestro alumnado, desde el punto de vista f\u00edsico, social y emocional.<\/p>\n<p>&nbsp;&nbsp;&nbsp;<\/p>\n\n\t\t<style>\n\t\t\t#gallery-1 {\n\t\t\t\tmargin: auto;\n\t\t\t}\n\t\t\t#gallery-1 .gallery-item {\n\t\t\t\tfloat: left;\n\t\t\t\tmargin-top: 10px;\n\t\t\t\ttext-align: center;\n\t\t\t\twidth: 25%;\n\t\t\t}\n\t\t\t#gallery-1 img {\n\t\t\t\tborder: 2px solid #cfcfcf;\n\t\t\t}\n\t\t\t#gallery-1 .gallery-caption {\n\t\t\t\tmargin-left: 0;\n\t\t\t}\n\t\t\t\/* see gallery_shortcode() in wp-includes\/media.php *\/\n\t\t<\/style>\n\t\t<div id='gallery-1' class='gallery galleryid-348 gallery-columns-4 gallery-size-thumbnail'><dl class='gallery-item'>\n\t\t\t<dt class='gallery-icon landscape'>\n\t\t\t\t<a href='https:\/\/blogsaverroes.juntadeandalucia.es\/ceiptartessos\/files\/2021\/02\/20191122_094750.jpeg'><img loading=\"lazy\" decoding=\"async\" width=\"150\" height=\"150\" src=\"https:\/\/blogsaverroes.juntadeandalucia.es\/ceiptartessos\/files\/2021\/02\/20191122_094750-150x150.jpeg\" class=\"attachment-thumbnail size-thumbnail\" alt=\"\" srcset=\"https:\/\/blogsaverroes.juntadeandalucia.es\/ceiptartessos\/files\/2021\/02\/20191122_094750-150x150.jpeg 150w, https:\/\/blogsaverroes.juntadeandalucia.es\/ceiptartessos\/files\/2021\/02\/20191122_094750-80x80.jpeg 80w, https:\/\/blogsaverroes.juntadeandalucia.es\/ceiptartessos\/files\/2021\/02\/20191122_094750-320x320.jpeg 320w\" sizes=\"(max-width: 150px) 100vw, 150px\" \/><\/a>\n\t\t\t<\/dt><\/dl><dl class='gallery-item'>\n\t\t\t<dt class='gallery-icon landscape'>\n\t\t\t\t<a href='https:\/\/blogsaverroes.juntadeandalucia.es\/ceiptartessos\/files\/2021\/02\/20191122_094746.jpeg'><img loading=\"lazy\" decoding=\"async\" width=\"150\" height=\"150\" src=\"https:\/\/blogsaverroes.juntadeandalucia.es\/ceiptartessos\/files\/2021\/02\/20191122_094746-150x150.jpeg\" class=\"attachment-thumbnail size-thumbnail\" alt=\"\" srcset=\"https:\/\/blogsaverroes.juntadeandalucia.es\/ceiptartessos\/files\/2021\/02\/20191122_094746-150x150.jpeg 150w, https:\/\/blogsaverroes.juntadeandalucia.es\/ceiptartessos\/files\/2021\/02\/20191122_094746-80x80.jpeg 80w, https:\/\/blogsaverroes.juntadeandalucia.es\/ceiptartessos\/files\/2021\/02\/20191122_094746-320x320.jpeg 320w\" sizes=\"(max-width: 150px) 100vw, 150px\" \/><\/a>\n\t\t\t<\/dt><\/dl><dl class='gallery-item'>\n\t\t\t<dt class='gallery-icon portrait'>\n\t\t\t\t<a href='https:\/\/blogsaverroes.juntadeandalucia.es\/ceiptartessos\/files\/2021\/02\/20191122_094723.jpeg'><img loading=\"lazy\" decoding=\"async\" width=\"150\" height=\"150\" src=\"https:\/\/blogsaverroes.juntadeandalucia.es\/ceiptartessos\/files\/2021\/02\/20191122_094723-150x150.jpeg\" class=\"attachment-thumbnail size-thumbnail\" alt=\"\" srcset=\"https:\/\/blogsaverroes.juntadeandalucia.es\/ceiptartessos\/files\/2021\/02\/20191122_094723-150x150.jpeg 150w, https:\/\/blogsaverroes.juntadeandalucia.es\/ceiptartessos\/files\/2021\/02\/20191122_094723-80x80.jpeg 80w, https:\/\/blogsaverroes.juntadeandalucia.es\/ceiptartessos\/files\/2021\/02\/20191122_094723-320x320.jpeg 320w\" sizes=\"(max-width: 150px) 100vw, 150px\" \/><\/a>\n\t\t\t<\/dt><\/dl><dl class='gallery-item'>\n\t\t\t<dt class='gallery-icon portrait'>\n\t\t\t\t<a href='https:\/\/blogsaverroes.juntadeandalucia.es\/ceiptartessos\/files\/2021\/02\/20191122_094710.jpeg'><img loading=\"lazy\" decoding=\"async\" width=\"150\" height=\"150\" src=\"https:\/\/blogsaverroes.juntadeandalucia.es\/ceiptartessos\/files\/2021\/02\/20191122_094710-150x150.jpeg\" class=\"attachment-thumbnail size-thumbnail\" alt=\"\" srcset=\"https:\/\/blogsaverroes.juntadeandalucia.es\/ceiptartessos\/files\/2021\/02\/20191122_094710-150x150.jpeg 150w, https:\/\/blogsaverroes.juntadeandalucia.es\/ceiptartessos\/files\/2021\/02\/20191122_094710-80x80.jpeg 80w, https:\/\/blogsaverroes.juntadeandalucia.es\/ceiptartessos\/files\/2021\/02\/20191122_094710-320x320.jpeg 320w\" sizes=\"(max-width: 150px) 100vw, 150px\" \/><\/a>\n\t\t\t<\/dt><\/dl><br style=\"clear: both\" \/>\n\t\t<\/div>\n\n<p>&nbsp;<\/p>\n<p>&nbsp;&nbsp;&nbsp;<\/p>\n","protected":false},"excerpt":{"rendered":"<p>&nbsp; En el Centro estamos desarrollando, dentro de los Proyectos de Innovaci\u00f3n, una serie de actividades basadas en LEGO. Denominada \u00abLEGO: Una herramienta para construir lo que aprendemos y somos\u00bb, se trata de una&#46;&#46;&#46;<\/p>\n","protected":false},"author":11117,"featured_media":0,"parent":0,"menu_order":0,"comment_status":"closed","ping_status":"closed","template":"","meta":{"ngg_post_thumbnail":0,"footnotes":""},"aioseo_notices":[],"post_mailing_queue_ids":[],"_links":{"self":[{"href":"https:\/\/blogsaverroes.juntadeandalucia.es\/ceiptartessos\/wp-json\/wp\/v2\/pages\/348"}],"collection":[{"href":"https:\/\/blogsaverroes.juntadeandalucia.es\/ceiptartessos\/wp-json\/wp\/v2\/pages"}],"about":[{"href":"https:\/\/blogsaverroes.juntadeandalucia.es\/ceiptartessos\/wp-json\/wp\/v2\/types\/page"}],"author":[{"embeddable":true,"href":"https:\/\/blogsaverroes.juntadeandalucia.es\/ceiptartessos\/wp-json\/wp\/v2\/users\/11117"}],"replies":[{"embeddable":true,"href":"https:\/\/blogsaverroes.juntadeandalucia.es\/ceiptartessos\/wp-json\/wp\/v2\/comments?post=348"}],"version-history":[{"count":3,"href":"https:\/\/blogsaverroes.juntadeandalucia.es\/ceiptartessos\/wp-json\/wp\/v2\/pages\/348\/revisions"}],"predecessor-version":[{"id":510,"href":"https:\/\/blogsaverroes.juntadeandalucia.es\/ceiptartessos\/wp-json\/wp\/v2\/pages\/348\/revisions\/510"}],"wp:attachment":[{"href":"https:\/\/blogsaverroes.juntadeandalucia.es\/ceiptartessos\/wp-json\/wp\/v2\/media?parent=348"}],"curies":[{"name":"wp","href":"https:\/\/api.w.org\/{rel}","templated":true}]}}