{"id":351,"date":"2021-02-05T09:28:19","date_gmt":"2021-02-05T09:28:19","guid":{"rendered":"https:\/\/blogsaverroes.juntadeandalucia.es\/ceiptartessos\/?page_id=351"},"modified":"2021-02-11T12:08:50","modified_gmt":"2021-02-11T12:08:50","slug":"plan-de-igualdad-de-genero","status":"publish","type":"page","link":"https:\/\/blogsaverroes.juntadeandalucia.es\/ceiptartessos\/plan-de-igualdad-de-genero\/","title":{"rendered":"Plan de Igualdad de G\u00e9nero"},"content":{"rendered":"<p><strong>Dentro del Plan Estrat\u00e9gico de Igualdad de G\u00e9nero en Educaci\u00f3n, nuestro centro participa&nbsp;desde&nbsp;hace varios cursos.<\/strong><\/p>\n<p>Los<strong> Planes de Igualdad<\/strong>&nbsp;vienen a dar respuesta a la necesidad de conquistar derechos igualitarios para las mujeres, eliminando los obst\u00e1culos que se interponen a la igualdad real y al acceso al \u00e1mbito de lo p\u00fablico.<\/p>\n<p>El<strong> II Plan Estrat\u00e9gico de Igualdad de G\u00e9nero en Educaci\u00f3n<\/strong> propone actuaciones en este mismo sentido a favor de los derechos de las mujeres y adem\u00e1s, incorpora actuaciones que incidan en la cultura real que sustenta la desigualdad, con actuaciones a favor de los hombres y de las mujeres en aquellas desigualdades espec\u00edficas que produce la tradicional socializaci\u00f3n diferenciada.<\/p>\n<p>De esta forma tanto las chicas como los chicos refuerzan los aspectos que, en cada caso, les son favorables y recuperan los que se les hab\u00eda prohibido, posibilitando su pleno desarrollo como personas.<\/p>\n<p>El II Plan contribuye a fomentar, desde esta doble mirada a favor de las mujeres y a favor de los hombres, planteamientos cooperativos de \u201cyo gano, t\u00fa ganas\u201d, que configuran los pilares b\u00e1sicos de una sociedad igualitaria y justa.<\/p>\n<p>Se sustenta en una estructura de avance sobre la ya existente desde el Decreto 19\/2007, de 23 de enero, por el que se adoptan medidas para la promoci\u00f3n de la cultura de paz y la mejora de la convivencia en los centros docentes sostenidos con fondos p\u00fablicos, asign\u00e1ndoles nuevas funciones en materia de coeducaci\u00f3n, igualdad y prevenci\u00f3n de la violencia de g\u00e9nero.<\/p>\n<p><strong>En nuestro centro &nbsp;el enfoque de la Coeducaci\u00f3n es de miras m\u00e1s amplias ya que lo hemos focalizado en la Educaci\u00f3n emocional como forma de tomar conciencia y sanear a la persona. Procuramos apoyar lo sano y confrontar lo insano para buscar el equilibrio en nosotros y nuestro alumnado.<\/strong><\/p>\n<p>&nbsp;<\/p>\n<p><a href=\"https:\/\/padlet.com\/jsierras82\/qb6evinhmj8u2o2n\" target=\"_blank\" rel=\"noopener noreferrer\"><img loading=\"lazy\" decoding=\"async\" class=\"aligncenter wp-image-512\" src=\"https:\/\/blogsaverroes.juntadeandalucia.es\/ceiptartessos\/files\/2021\/02\/Captura-de-pantalla-2021-02-11-a-las-13.05.35-1024x602.png\" alt=\"\" width=\"496\" height=\"292\" srcset=\"https:\/\/blogsaverroes.juntadeandalucia.es\/ceiptartessos\/files\/2021\/02\/Captura-de-pantalla-2021-02-11-a-las-13.05.35-1024x602.png 1024w, https:\/\/blogsaverroes.juntadeandalucia.es\/ceiptartessos\/files\/2021\/02\/Captura-de-pantalla-2021-02-11-a-las-13.05.35-300x176.png 300w, https:\/\/blogsaverroes.juntadeandalucia.es\/ceiptartessos\/files\/2021\/02\/Captura-de-pantalla-2021-02-11-a-las-13.05.35-768x452.png 768w, https:\/\/blogsaverroes.juntadeandalucia.es\/ceiptartessos\/files\/2021\/02\/Captura-de-pantalla-2021-02-11-a-las-13.05.35-1536x904.png 1536w, https:\/\/blogsaverroes.juntadeandalucia.es\/ceiptartessos\/files\/2021\/02\/Captura-de-pantalla-2021-02-11-a-las-13.05.35-2048x1205.png 2048w\" sizes=\"(max-width: 496px) 100vw, 496px\" \/><\/a><\/p>\n<p>&nbsp;<\/p>\n<p style=\"text-align: center\"><a href=\"https:\/\/www.juntadeandalucia.es\/educacion\/portals\/web\/igualdad\/plan-igualdad\" target=\"_blank\" rel=\"noopener noreferrer\">https:\/\/www.juntadeandalucia.es\/educacion\/portals\/web\/igualdad\/plan-igualdad<\/a><\/p>\n","protected":false},"excerpt":{"rendered":"<p>Dentro del Plan Estrat\u00e9gico de Igualdad de G\u00e9nero en Educaci\u00f3n, nuestro centro participa&nbsp;desde&nbsp;hace varios cursos. Los Planes de Igualdad&nbsp;vienen a dar respuesta a la necesidad de conquistar derechos igualitarios para las mujeres, eliminando los&#46;&#46;&#46;<\/p>\n","protected":false},"author":11117,"featured_media":0,"parent":0,"menu_order":0,"comment_status":"closed","ping_status":"closed","template":"","meta":{"ngg_post_thumbnail":0,"footnotes":""},"aioseo_notices":[],"post_mailing_queue_ids":[],"_links":{"self":[{"href":"https:\/\/blogsaverroes.juntadeandalucia.es\/ceiptartessos\/wp-json\/wp\/v2\/pages\/351"}],"collection":[{"href":"https:\/\/blogsaverroes.juntadeandalucia.es\/ceiptartessos\/wp-json\/wp\/v2\/pages"}],"about":[{"href":"https:\/\/blogsaverroes.juntadeandalucia.es\/ceiptartessos\/wp-json\/wp\/v2\/types\/page"}],"author":[{"embeddable":true,"href":"https:\/\/blogsaverroes.juntadeandalucia.es\/ceiptartessos\/wp-json\/wp\/v2\/users\/11117"}],"replies":[{"embeddable":true,"href":"https:\/\/blogsaverroes.juntadeandalucia.es\/ceiptartessos\/wp-json\/wp\/v2\/comments?post=351"}],"version-history":[{"count":7,"href":"https:\/\/blogsaverroes.juntadeandalucia.es\/ceiptartessos\/wp-json\/wp\/v2\/pages\/351\/revisions"}],"predecessor-version":[{"id":513,"href":"https:\/\/blogsaverroes.juntadeandalucia.es\/ceiptartessos\/wp-json\/wp\/v2\/pages\/351\/revisions\/513"}],"wp:attachment":[{"href":"https:\/\/blogsaverroes.juntadeandalucia.es\/ceiptartessos\/wp-json\/wp\/v2\/media?parent=351"}],"curies":[{"name":"wp","href":"https:\/\/api.w.org\/{rel}","templated":true}]}}