{"id":354,"date":"2021-02-05T09:30:39","date_gmt":"2021-02-05T09:30:39","guid":{"rendered":"https:\/\/blogsaverroes.juntadeandalucia.es\/ceiptartessos\/?page_id=354"},"modified":"2021-02-09T11:28:38","modified_gmt":"2021-02-09T11:28:38","slug":"bilingue-ingles","status":"publish","type":"page","link":"https:\/\/blogsaverroes.juntadeandalucia.es\/ceiptartessos\/bilingue-ingles\/","title":{"rendered":"Pr\u00e1cticas"},"content":{"rendered":"<p>Para la vida del Centro, recibir alumnado de pr\u00e1cticas es una parte fundamental en varios aspectos. Por una parte ofrecemos a los estudiantes de distintos \u00e1mbitos formativos, la oportunidad de realizar esta fase tan importante del desarrollo de su carrera profesional, dejando que participen del d\u00eda a d\u00eda del trabajo escolar. Por otra parte, el alumnado de pr\u00e1cticas nos aporta una visi\u00f3n fresca, novedosa, nos ayuda a reciclarnos y estar al d\u00eda, y nos aporta una ayuda esencial para el desarrollo de nuestro trabajo con el alumnado.<\/p>\n<p>En este sentido, desde el Centro participamos en varios Programas:<\/p>\n<p style=\"padding-left: 40px\"><strong>-Pr\u00e1cticum del Grado de Maestro.<\/strong><\/p>\n<p style=\"padding-left: 40px\"><strong>-Pr\u00e1cticas de alumnado Universitario en Centros Biling\u00fces.<\/strong><\/p>\n<p style=\"padding-left: 40px\"><strong>-Pr\u00e1cticas del Programa Formativo para FP Inicial de Grado Medio.<\/strong><\/p>\n<p style=\"padding-left: 40px\"><strong>-Programa de Intercambio Estudiantil \u00abErasmus+: Leonardo da Vinci\u00bb.<\/strong><\/p>\n<p>&nbsp;<\/p>\n","protected":false},"excerpt":{"rendered":"<p>Para la vida del Centro, recibir alumnado de pr\u00e1cticas es una parte fundamental en varios aspectos. Por una parte ofrecemos a los estudiantes de distintos \u00e1mbitos formativos, la oportunidad de realizar esta fase tan&#46;&#46;&#46;<\/p>\n","protected":false},"author":11117,"featured_media":0,"parent":0,"menu_order":0,"comment_status":"closed","ping_status":"closed","template":"","meta":{"ngg_post_thumbnail":0,"footnotes":""},"aioseo_notices":[],"post_mailing_queue_ids":[],"_links":{"self":[{"href":"https:\/\/blogsaverroes.juntadeandalucia.es\/ceiptartessos\/wp-json\/wp\/v2\/pages\/354"}],"collection":[{"href":"https:\/\/blogsaverroes.juntadeandalucia.es\/ceiptartessos\/wp-json\/wp\/v2\/pages"}],"about":[{"href":"https:\/\/blogsaverroes.juntadeandalucia.es\/ceiptartessos\/wp-json\/wp\/v2\/types\/page"}],"author":[{"embeddable":true,"href":"https:\/\/blogsaverroes.juntadeandalucia.es\/ceiptartessos\/wp-json\/wp\/v2\/users\/11117"}],"replies":[{"embeddable":true,"href":"https:\/\/blogsaverroes.juntadeandalucia.es\/ceiptartessos\/wp-json\/wp\/v2\/comments?post=354"}],"version-history":[{"count":8,"href":"https:\/\/blogsaverroes.juntadeandalucia.es\/ceiptartessos\/wp-json\/wp\/v2\/pages\/354\/revisions"}],"predecessor-version":[{"id":471,"href":"https:\/\/blogsaverroes.juntadeandalucia.es\/ceiptartessos\/wp-json\/wp\/v2\/pages\/354\/revisions\/471"}],"wp:attachment":[{"href":"https:\/\/blogsaverroes.juntadeandalucia.es\/ceiptartessos\/wp-json\/wp\/v2\/media?parent=354"}],"curies":[{"name":"wp","href":"https:\/\/api.w.org\/{rel}","templated":true}]}}