{"id":433,"date":"2021-02-08T10:57:50","date_gmt":"2021-02-08T10:57:50","guid":{"rendered":"https:\/\/blogsaverroes.juntadeandalucia.es\/ceiptartessos\/?page_id=433"},"modified":"2025-04-28T08:42:08","modified_gmt":"2025-04-28T08:42:08","slug":"ed-especial","status":"publish","type":"page","link":"https:\/\/blogsaverroes.juntadeandalucia.es\/ceiptartessos\/ed-especial\/","title":{"rendered":"Programaciones de Educaci\u00f3n Especial"},"content":{"rendered":"<p><a href=\"https:\/\/blogsaverroes.juntadeandalucia.es\/ceiptartessos\/files\/2025\/04\/PROGRAMACION-AE-2024-2025-.pdf\">PROGRAMACI\u00d3N Aula Espec\u00edfica 24-25<\/a><\/p>\n<p><a href=\"https:\/\/blogsaverroes.juntadeandalucia.es\/ceiptartessos\/files\/2025\/04\/PROGRAMACION-AL-24-25.pdf\">PROGRAMACION Audici\u00f3n y Lenguaje 24-25<\/a><\/p>\n<p><a href=\"https:\/\/blogsaverroes.juntadeandalucia.es\/ceiptartessos\/files\/2025\/04\/Programacion-Apoyo-a-la-integracion-24-25.pdf\">PROGRAMACI\u00d3N Apoyo a la Integraci\u00f3n 24-25<\/a><\/p>\n","protected":false},"excerpt":{"rendered":"<p>PROGRAMACI\u00d3N Aula Espec\u00edfica 24-25 PROGRAMACION Audici\u00f3n y Lenguaje 24-25 PROGRAMACI\u00d3N Apoyo a la Integraci\u00f3n 24-25<\/p>\n","protected":false},"author":11117,"featured_media":0,"parent":0,"menu_order":0,"comment_status":"closed","ping_status":"closed","template":"","meta":{"ngg_post_thumbnail":0,"footnotes":""},"aioseo_notices":[],"post_mailing_queue_ids":[],"_links":{"self":[{"href":"https:\/\/blogsaverroes.juntadeandalucia.es\/ceiptartessos\/wp-json\/wp\/v2\/pages\/433"}],"collection":[{"href":"https:\/\/blogsaverroes.juntadeandalucia.es\/ceiptartessos\/wp-json\/wp\/v2\/pages"}],"about":[{"href":"https:\/\/blogsaverroes.juntadeandalucia.es\/ceiptartessos\/wp-json\/wp\/v2\/types\/page"}],"author":[{"embeddable":true,"href":"https:\/\/blogsaverroes.juntadeandalucia.es\/ceiptartessos\/wp-json\/wp\/v2\/users\/11117"}],"replies":[{"embeddable":true,"href":"https:\/\/blogsaverroes.juntadeandalucia.es\/ceiptartessos\/wp-json\/wp\/v2\/comments?post=433"}],"version-history":[{"count":9,"href":"https:\/\/blogsaverroes.juntadeandalucia.es\/ceiptartessos\/wp-json\/wp\/v2\/pages\/433\/revisions"}],"predecessor-version":[{"id":1482,"href":"https:\/\/blogsaverroes.juntadeandalucia.es\/ceiptartessos\/wp-json\/wp\/v2\/pages\/433\/revisions\/1482"}],"wp:attachment":[{"href":"https:\/\/blogsaverroes.juntadeandalucia.es\/ceiptartessos\/wp-json\/wp\/v2\/media?parent=433"}],"curies":[{"name":"wp","href":"https:\/\/api.w.org\/{rel}","templated":true}]}}