{"id":74,"date":"2020-10-25T21:28:14","date_gmt":"2020-10-25T21:28:14","guid":{"rendered":"https:\/\/blogsaverroes.juntadeandalucia.es\/ceiptartessos\/?page_id=74"},"modified":"2025-02-05T11:16:59","modified_gmt":"2025-02-05T11:16:59","slug":"datos-del-centro","status":"publish","type":"page","link":"https:\/\/blogsaverroes.juntadeandalucia.es\/ceiptartessos\/datos-del-centro\/","title":{"rendered":"Datos del Centro"},"content":{"rendered":"<p style=\"text-align: center\"><iframe loading=\"lazy\" src=\"https:\/\/www.google.com\/maps\/embed?pb=!1m14!1m8!1m3!1d12799.141913500953!2d-6.1176575!3d36.6796586!3m2!1i1024!2i768!4f13.1!3m3!1m2!1s0x0%3A0xa8020b35b279c67e!2sC.E.I.P.%20Tartessos!5e0!3m2!1ses!2ses!4v1612553438321!5m2!1ses!2ses\" width=\"600\" height=\"450\" frameborder=\"0\"><\/iframe><br \/>\n&nbsp;<\/p>\n<p>&nbsp;<\/p>\n<p style=\"text-align: center\"><strong><u>TEL\u00c9FONO<\/u><\/strong><\/p>\n<p style=\"text-align: center\">856.811.910<\/p>\n<p style=\"text-align: center\"><strong><u>DIRECCI\u00d3N<\/u><\/strong><\/p>\n<p style=\"text-align: center\">C\/Albor\u00e1n, 6 -8. CP:11.406. Jerez de la Frontera. (C\u00e1diz).<\/p>\n<p style=\"text-align: center\"><strong><u>E-MAIL<\/u><\/strong><\/p>\n<p style=\"text-align: center\"><b>Secretar\u00eda:<\/b> <a href=\"mailto:tartessos.jerez.secretaria@gmail.com\">tartessos.jerez.secretaria@gmail.com<\/a><\/p>\n<p style=\"text-align: center\"><b>Jefatura de Estudios:<\/b> <a href=\"mailto:tartessos.jerez.jefatura@gmail.com\">tartessos.jerez.jefatura@gmail.com<\/a><\/p>\n<p style=\"text-align: center\"><b>Direcci\u00f3n:<\/b> <a href=\"mailto:tartessos.jerez.direccion@gmail.com\">tartessos.jerez.direccion@gmail.com<\/a><\/p>\n<p style=\"text-align: center\"><strong><u>C\u00d3DIGO IDENTIFICATIVO DEL CENTRO<\/u><\/strong><\/p>\n<p style=\"text-align: center\">11006966<\/p>\n<p style=\"text-align: center\">&nbsp;<\/p>\n<p>&nbsp;<\/p>\n<p style=\"padding-left: 40px\">&nbsp;<\/p>\n","protected":false},"excerpt":{"rendered":"<p>&nbsp; &nbsp; TEL\u00c9FONO 856.811.910 DIRECCI\u00d3N C\/Albor\u00e1n, 6 -8. CP:11.406. Jerez de la Frontera. (C\u00e1diz). E-MAIL Secretar\u00eda: tartessos.jerez.secretaria@gmail.com Jefatura de Estudios: tartessos.jerez.jefatura@gmail.com Direcci\u00f3n: tartessos.jerez.direccion@gmail.com C\u00d3DIGO IDENTIFICATIVO DEL CENTRO 11006966 &nbsp; &nbsp; &nbsp;<\/p>\n","protected":false},"author":11117,"featured_media":0,"parent":0,"menu_order":0,"comment_status":"closed","ping_status":"closed","template":"","meta":{"ngg_post_thumbnail":0,"footnotes":""},"aioseo_notices":[],"post_mailing_queue_ids":[],"_links":{"self":[{"href":"https:\/\/blogsaverroes.juntadeandalucia.es\/ceiptartessos\/wp-json\/wp\/v2\/pages\/74"}],"collection":[{"href":"https:\/\/blogsaverroes.juntadeandalucia.es\/ceiptartessos\/wp-json\/wp\/v2\/pages"}],"about":[{"href":"https:\/\/blogsaverroes.juntadeandalucia.es\/ceiptartessos\/wp-json\/wp\/v2\/types\/page"}],"author":[{"embeddable":true,"href":"https:\/\/blogsaverroes.juntadeandalucia.es\/ceiptartessos\/wp-json\/wp\/v2\/users\/11117"}],"replies":[{"embeddable":true,"href":"https:\/\/blogsaverroes.juntadeandalucia.es\/ceiptartessos\/wp-json\/wp\/v2\/comments?post=74"}],"version-history":[{"count":30,"href":"https:\/\/blogsaverroes.juntadeandalucia.es\/ceiptartessos\/wp-json\/wp\/v2\/pages\/74\/revisions"}],"predecessor-version":[{"id":1430,"href":"https:\/\/blogsaverroes.juntadeandalucia.es\/ceiptartessos\/wp-json\/wp\/v2\/pages\/74\/revisions\/1430"}],"wp:attachment":[{"href":"https:\/\/blogsaverroes.juntadeandalucia.es\/ceiptartessos\/wp-json\/wp\/v2\/media?parent=74"}],"curies":[{"name":"wp","href":"https:\/\/api.w.org\/{rel}","templated":true}]}}