{"id":87,"date":"2021-01-28T09:03:54","date_gmt":"2021-01-28T09:03:54","guid":{"rendered":"https:\/\/blogsaverroes.juntadeandalucia.es\/ceiptartessos\/?page_id=87"},"modified":"2025-02-05T11:28:11","modified_gmt":"2025-02-05T11:28:11","slug":"nuestro-centro","status":"publish","type":"page","link":"https:\/\/blogsaverroes.juntadeandalucia.es\/ceiptartessos\/nuestro-centro\/","title":{"rendered":"Con\u00f3cenos"},"content":{"rendered":"<p style=\"text-align: center\"><strong>EN ESTA SECCI\u00d3N NOS PRESENTAMOS Y OS INVITAMOS A CONOCER M\u00c1S SOBRE NUESTRO CENTRO.<\/strong><\/p>\nngg_shortcode_0_placeholder\n<p>En el <strong>CEIP Tartessos disponemos de dos edificios<\/strong> para albergar las aulas de Educaci\u00f3n Infantil y Educaci\u00f3n Primaria respectivamente.&nbsp;<\/p>\n<ul>\n<li>Alrededor de 75<strong>&nbsp;alumnos y alumnas de Infantil<\/strong> est\u00e1n repartidos en 4 aulas:<\/li>\n<\/ul>\n<p>-Dos aulas de Infantil de 5 a\u00f1os, una de Infantil de 4 a\u00f1os y una de Infantil de 3 a\u00f1os; cada una compuesta por entre 16 y 20 ni\u00f1os y ni\u00f1as.<\/p>\n<ul>\n<li>En <strong>Educaci\u00f3n Primaria, alrededor de &nbsp;300<\/strong> alumnos y alumnas, repartidos en 6 cursos y 12 aulas:<\/li>\n<\/ul>\n<p>-Dos l\u00edneas de primero a 6\u00ba; compuestas cada una por entre 15 y 25 ni\u00f1os y ni\u00f1as.<\/p>\n<ul>\n<li>Adem\u00e1s, nuestro Centro cuenta un <strong>Aula Espec\u00edfica; y otras 3 unidades de Educaci\u00f3n Especial: 2 de Pedagog\u00eda Terap\u00e9utica y 1 de Audici\u00f3n y Lenguaje.<\/strong><\/li>\n<\/ul>\n<p>Para atender a nuestro alumnado, el equipo de personal docente y no docente del Centro se compone de <b>30 docentes<\/b>&nbsp;de diferentes especialidades, <strong>1 orientador del EOE<\/strong> (Equipo de Orientaci\u00f3n Educativa), <strong>3 PTIS<\/strong> (Personal T\u00e9cnico en Integraci\u00f3n Social), <strong>2 Auxiliares de Conversaci\u00f3n para centros Biling\u00fces<\/strong> (del Fondo Social Europeo), <b>1 Auxiliar Administrativ<\/b>o y <b>1 Conserje<\/b>. Adem\u00e1s, <strong>3 personas encargadas de la limpieza del Centro.<\/strong><\/p>\n<p>Entre los servicios que oferta el Centro, destacan el <strong>Aula Matinal<\/strong> y <strong>Servicio de Comedor; <\/strong>as\u00ed como <strong>Aula de Mediod\u00eda.&nbsp;<\/strong><\/p>\n<p>&nbsp;<\/p>\n<p>&nbsp;<\/p>\n","protected":false},"excerpt":{"rendered":"<p>EN ESTA SECCI\u00d3N NOS PRESENTAMOS Y OS INVITAMOS A CONOCER M\u00c1S SOBRE NUESTRO CENTRO. &nbsp; En el CEIP Tartessos disponemos de dos edificios para albergar las aulas de Educaci\u00f3n Infantil y Educaci\u00f3n Primaria respectivamente.&nbsp;&#46;&#46;&#46;<\/p>\n","protected":false},"author":11117,"featured_media":0,"parent":0,"menu_order":0,"comment_status":"closed","ping_status":"closed","template":"","meta":{"ngg_post_thumbnail":0,"footnotes":""},"aioseo_notices":[],"post_mailing_queue_ids":[],"_links":{"self":[{"href":"https:\/\/blogsaverroes.juntadeandalucia.es\/ceiptartessos\/wp-json\/wp\/v2\/pages\/87"}],"collection":[{"href":"https:\/\/blogsaverroes.juntadeandalucia.es\/ceiptartessos\/wp-json\/wp\/v2\/pages"}],"about":[{"href":"https:\/\/blogsaverroes.juntadeandalucia.es\/ceiptartessos\/wp-json\/wp\/v2\/types\/page"}],"author":[{"embeddable":true,"href":"https:\/\/blogsaverroes.juntadeandalucia.es\/ceiptartessos\/wp-json\/wp\/v2\/users\/11117"}],"replies":[{"embeddable":true,"href":"https:\/\/blogsaverroes.juntadeandalucia.es\/ceiptartessos\/wp-json\/wp\/v2\/comments?post=87"}],"version-history":[{"count":17,"href":"https:\/\/blogsaverroes.juntadeandalucia.es\/ceiptartessos\/wp-json\/wp\/v2\/pages\/87\/revisions"}],"predecessor-version":[{"id":1434,"href":"https:\/\/blogsaverroes.juntadeandalucia.es\/ceiptartessos\/wp-json\/wp\/v2\/pages\/87\/revisions\/1434"}],"wp:attachment":[{"href":"https:\/\/blogsaverroes.juntadeandalucia.es\/ceiptartessos\/wp-json\/wp\/v2\/media?parent=87"}],"curies":[{"name":"wp","href":"https:\/\/api.w.org\/{rel}","templated":true}]}}