{"id":2662,"date":"2021-04-18T16:19:22","date_gmt":"2021-04-18T14:19:22","guid":{"rendered":"https:\/\/blogsaverroes.juntadeandalucia.es\/ceiptartessoshuelva\/?page_id=2662"},"modified":"2021-04-18T16:42:16","modified_gmt":"2021-04-18T14:42:16","slug":"normativa-de-interes","status":"publish","type":"page","link":"https:\/\/blogsaverroes.juntadeandalucia.es\/ceiptartessoshuelva\/normativa-de-interes\/","title":{"rendered":"Normativa de inter\u00e9s"},"content":{"rendered":"<div class=\"diywebContent\">\n<div class=\"diywebLiveArea diyfeCA diyfeCA1\">\n<div class=\"diywebMain\">\n<div class=\"diywebGutter\">\n<div id=\"content_area\">\n<div id=\"matrix_1442580\" class=\"sortable-matrix\" data-matrixid=\"1442580\">\n<div class=\"n module-type-header diyfeLiveArea \">\n<h1 style=\"text-align: left\"><a href=\"https:\/\/blogsaverroes.juntadeandalucia.es\/ceiptartessoshuelva\/files\/2021\/04\/1BCD6A0F-5551-482B-91B6-A567C4A067AA.png\"><img fetchpriority=\"high\" decoding=\"async\" class=\"size-full wp-image-2668 aligncenter\" src=\"https:\/\/blogsaverroes.juntadeandalucia.es\/ceiptartessoshuelva\/files\/2021\/04\/1BCD6A0F-5551-482B-91B6-A567C4A067AA.png\" alt=\"\" width=\"460\" height=\"276\" srcset=\"https:\/\/blogsaverroes.juntadeandalucia.es\/ceiptartessoshuelva\/files\/2021\/04\/1BCD6A0F-5551-482B-91B6-A567C4A067AA.png 460w, https:\/\/blogsaverroes.juntadeandalucia.es\/ceiptartessoshuelva\/files\/2021\/04\/1BCD6A0F-5551-482B-91B6-A567C4A067AA-300x180.png 300w, https:\/\/blogsaverroes.juntadeandalucia.es\/ceiptartessoshuelva\/files\/2021\/04\/1BCD6A0F-5551-482B-91B6-A567C4A067AA-332x199.png 332w\" sizes=\"(max-width: 460px) 100vw, 460px\" \/><\/a><\/h1>\n<\/div>\n<div class=\"n module-type-text diyfeLiveArea \">\n<div><b>\u0097Ley Org\u00e1nica 2\/2006, de 3 de mayo<\/b>, de Educaci\u00f3n. (Texto consolidado de la \u00faltima modificaci\u00f3n de 10 de diciembre de 2013).LOMCE.<\/div>\n<div>&nbsp;<\/div>\n<div><b>\u0097Decreto 328\/2010, de 13 de julio<\/b>, por el que se aprueba el Reglamento Org\u00e1nico de las escuelas infantiles de segundo grado, de los colegios de educaci\u00f3n primaria, de los colegios de educaci\u00f3n infantil y primaria, y de los centros p\u00fablicos espec\u00edficos de educaci\u00f3n especial. (BOJA 16-07-2010).<\/div>\n<div>&nbsp;<\/div>\n<div><b>\u0097Orden de 20-08-2010<\/b>, por la que se regula la organizaci\u00f3n y el funcionamiento de las escuelas infantiles de segundo ciclo, de los colegios de educaci\u00f3n primaria, de los colegios de educaci\u00f3n infantil y primaria y de los centros p\u00fablicos espec\u00edficos de educaci\u00f3n especial, as\u00ed como el horario de los centros, del alumnado y del profesorado (BOJA 30-08-2010).<\/div>\n<div>&nbsp;<\/div>\n<div><b>\u0097Decreto 97\/2015, de 3 de marzo<\/b>, por el que se establece la ordenaci\u00f3n y el curr\u00edculo de la Educaci\u00f3n Primaria en la Comunidad Aut\u00f3noma de Andaluc\u00eda (BOJA 13-03-2015).<\/div>\n<div><b><br \/>\nOrden de 17 de marzo de 2015<\/b>, por la que se desarrolla el curr\u00edculo correspondiente a la Educaci\u00f3n Primaria en Andaluc\u00eda (BOJA 27-03-2015).<\/div>\n<div>&nbsp;<\/div>\n<div><b>\u0097Orden de 4 de noviembre de 2015<\/b>, por la que es establece la ordenaci\u00f3n de la evaluaci\u00f3n del proceso de aprendizaje del alumnado de Educaci\u00f3n Primaria en la Comunidad Aut\u00f3noma de Andaluc\u00eda.<\/div>\n<\/div>\n<\/div>\n<\/div>\n<\/div>\n<\/div>\n<div class=\"diywebSecondary diyfeCA diyfeCA3\">\n<div class=\"diywebSidebar\">\n<div class=\"diywebGutter\">\n<div id=\"matrix_236017\" class=\"sortable-matrix\" data-matrixid=\"236017\">\n<div class=\"n module-type-remoteModule-facebook diyfeLiveArea \">\n<div id=\"modul_1462842_content\">\n<div id=\"NGH1462842_main\">\n<div class=\"facebook-content\">&nbsp;<\/div>\n<\/div>\n<\/div>\n<\/div>\n<\/div>\n<\/div>\n<\/div>\n<\/div>\n<\/div>\n<\/div>\n","protected":false},"excerpt":{"rendered":"<p>\u0097Ley Org\u00e1nica 2\/2006, de 3 de mayo, de Educaci\u00f3n. (Texto consolidado de la \u00faltima modificaci\u00f3n de 10 de diciembre de 2013).LOMCE. &nbsp; \u0097Decreto 328\/2010, de 13 de julio, por el que se aprueba el&#46;&#46;&#46;<\/p>\n","protected":false},"author":12880,"featured_media":2668,"parent":0,"menu_order":0,"comment_status":"closed","ping_status":"closed","template":"","meta":{"ngg_post_thumbnail":0,"footnotes":"","_mc_calendar":[]},"aioseo_notices":[],"_links":{"self":[{"href":"https:\/\/blogsaverroes.juntadeandalucia.es\/ceiptartessoshuelva\/wp-json\/wp\/v2\/pages\/2662"}],"collection":[{"href":"https:\/\/blogsaverroes.juntadeandalucia.es\/ceiptartessoshuelva\/wp-json\/wp\/v2\/pages"}],"about":[{"href":"https:\/\/blogsaverroes.juntadeandalucia.es\/ceiptartessoshuelva\/wp-json\/wp\/v2\/types\/page"}],"author":[{"embeddable":true,"href":"https:\/\/blogsaverroes.juntadeandalucia.es\/ceiptartessoshuelva\/wp-json\/wp\/v2\/users\/12880"}],"replies":[{"embeddable":true,"href":"https:\/\/blogsaverroes.juntadeandalucia.es\/ceiptartessoshuelva\/wp-json\/wp\/v2\/comments?post=2662"}],"version-history":[{"count":4,"href":"https:\/\/blogsaverroes.juntadeandalucia.es\/ceiptartessoshuelva\/wp-json\/wp\/v2\/pages\/2662\/revisions"}],"predecessor-version":[{"id":2670,"href":"https:\/\/blogsaverroes.juntadeandalucia.es\/ceiptartessoshuelva\/wp-json\/wp\/v2\/pages\/2662\/revisions\/2670"}],"wp:featuredmedia":[{"embeddable":true,"href":"https:\/\/blogsaverroes.juntadeandalucia.es\/ceiptartessoshuelva\/wp-json\/wp\/v2\/media\/2668"}],"wp:attachment":[{"href":"https:\/\/blogsaverroes.juntadeandalucia.es\/ceiptartessoshuelva\/wp-json\/wp\/v2\/media?parent=2662"}],"curies":[{"name":"wp","href":"https:\/\/api.w.org\/{rel}","templated":true}]}}