{"id":2697,"date":"2021-04-19T01:36:32","date_gmt":"2021-04-18T23:36:32","guid":{"rendered":"https:\/\/blogsaverroes.juntadeandalucia.es\/ceiptartessoshuelva\/?page_id=2697"},"modified":"2021-04-20T22:41:45","modified_gmt":"2021-04-20T20:41:45","slug":"escuela-de-familias","status":"publish","type":"page","link":"https:\/\/blogsaverroes.juntadeandalucia.es\/ceiptartessoshuelva\/escuela-de-familias\/","title":{"rendered":"Escuela de familias"},"content":{"rendered":"<p><a href=\"https:\/\/blogsaverroes.juntadeandalucia.es\/ceiptartessoshuelva\/files\/2021\/04\/9D8A5886-1B23-4EB7-80CB-F99CB17CD5CC.jpeg\"><img fetchpriority=\"high\" decoding=\"async\" class=\"aligncenter size-full wp-image-2698\" src=\"https:\/\/blogsaverroes.juntadeandalucia.es\/ceiptartessoshuelva\/files\/2021\/04\/9D8A5886-1B23-4EB7-80CB-F99CB17CD5CC.jpeg\" alt=\"\" width=\"1600\" height=\"1051\" srcset=\"https:\/\/blogsaverroes.juntadeandalucia.es\/ceiptartessoshuelva\/files\/2021\/04\/9D8A5886-1B23-4EB7-80CB-F99CB17CD5CC.jpeg 1600w, https:\/\/blogsaverroes.juntadeandalucia.es\/ceiptartessoshuelva\/files\/2021\/04\/9D8A5886-1B23-4EB7-80CB-F99CB17CD5CC-300x197.jpeg 300w, https:\/\/blogsaverroes.juntadeandalucia.es\/ceiptartessoshuelva\/files\/2021\/04\/9D8A5886-1B23-4EB7-80CB-F99CB17CD5CC-1024x673.jpeg 1024w, https:\/\/blogsaverroes.juntadeandalucia.es\/ceiptartessoshuelva\/files\/2021\/04\/9D8A5886-1B23-4EB7-80CB-F99CB17CD5CC-768x504.jpeg 768w, https:\/\/blogsaverroes.juntadeandalucia.es\/ceiptartessoshuelva\/files\/2021\/04\/9D8A5886-1B23-4EB7-80CB-F99CB17CD5CC-1536x1009.jpeg 1536w, https:\/\/blogsaverroes.juntadeandalucia.es\/ceiptartessoshuelva\/files\/2021\/04\/9D8A5886-1B23-4EB7-80CB-F99CB17CD5CC-2048x1345.jpeg 2048w, https:\/\/blogsaverroes.juntadeandalucia.es\/ceiptartessoshuelva\/files\/2021\/04\/9D8A5886-1B23-4EB7-80CB-F99CB17CD5CC-700x460.jpeg 700w, https:\/\/blogsaverroes.juntadeandalucia.es\/ceiptartessoshuelva\/files\/2021\/04\/9D8A5886-1B23-4EB7-80CB-F99CB17CD5CC-332x218.jpeg 332w\" sizes=\"(max-width: 1600px) 100vw, 1600px\" \/><\/a><br \/>\nLa Consejer\u00eda de Educaci\u00f3n de la Junta de Andaluc\u00eda ha creado el&nbsp;Portal \u00abEscuela de Familias\u00bb en su web. En ese portal se explican, entre otros aspectos, los derechos y responsabilidades que tienen como responsables de sus hijas e hijos<strong>.&nbsp;<\/strong>Pueden acceder a \u00e9l desde este <a title=\"Portal para las familias\" href=\"http:\/\/www.juntadeandalucia.es\/educacion\/webportal\/web\/escuela-de-familias\" target=\"_blank\" rel=\"noopener noreferrer\">ENLACE<\/a><\/p>\n","protected":false},"excerpt":{"rendered":"<p>La Consejer\u00eda de Educaci\u00f3n de la Junta de Andaluc\u00eda ha creado el&nbsp;Portal \u00abEscuela de Familias\u00bb en su web. En ese portal se explican, entre otros aspectos, los derechos y responsabilidades que tienen como responsables&#46;&#46;&#46;<\/p>\n","protected":false},"author":12880,"featured_media":0,"parent":0,"menu_order":0,"comment_status":"closed","ping_status":"closed","template":"","meta":{"ngg_post_thumbnail":0,"footnotes":"","_mc_calendar":[]},"aioseo_notices":[],"_links":{"self":[{"href":"https:\/\/blogsaverroes.juntadeandalucia.es\/ceiptartessoshuelva\/wp-json\/wp\/v2\/pages\/2697"}],"collection":[{"href":"https:\/\/blogsaverroes.juntadeandalucia.es\/ceiptartessoshuelva\/wp-json\/wp\/v2\/pages"}],"about":[{"href":"https:\/\/blogsaverroes.juntadeandalucia.es\/ceiptartessoshuelva\/wp-json\/wp\/v2\/types\/page"}],"author":[{"embeddable":true,"href":"https:\/\/blogsaverroes.juntadeandalucia.es\/ceiptartessoshuelva\/wp-json\/wp\/v2\/users\/12880"}],"replies":[{"embeddable":true,"href":"https:\/\/blogsaverroes.juntadeandalucia.es\/ceiptartessoshuelva\/wp-json\/wp\/v2\/comments?post=2697"}],"version-history":[{"count":2,"href":"https:\/\/blogsaverroes.juntadeandalucia.es\/ceiptartessoshuelva\/wp-json\/wp\/v2\/pages\/2697\/revisions"}],"predecessor-version":[{"id":2769,"href":"https:\/\/blogsaverroes.juntadeandalucia.es\/ceiptartessoshuelva\/wp-json\/wp\/v2\/pages\/2697\/revisions\/2769"}],"wp:attachment":[{"href":"https:\/\/blogsaverroes.juntadeandalucia.es\/ceiptartessoshuelva\/wp-json\/wp\/v2\/media?parent=2697"}],"curies":[{"name":"wp","href":"https:\/\/api.w.org\/{rel}","templated":true}]}}