{"id":2822,"date":"2021-04-22T23:25:16","date_gmt":"2021-04-22T21:25:16","guid":{"rendered":"https:\/\/blogsaverroes.juntadeandalucia.es\/ceiptartessoshuelva\/?page_id=2822"},"modified":"2021-04-22T23:25:16","modified_gmt":"2021-04-22T21:25:16","slug":"webs-para-el-profesorado","status":"publish","type":"page","link":"https:\/\/blogsaverroes.juntadeandalucia.es\/ceiptartessoshuelva\/webs-para-el-profesorado\/","title":{"rendered":"Webs para el profesorado"},"content":{"rendered":"<p>En esta p\u00e1gina podr\u00e1s encontrar enlaces interesantes, unidades did\u00e1cticas, juegos, fichas imprimibles, generadores de actividades, principios metodol\u00f3gicos\u2026y un mont\u00f3n de recursos educativos.<\/p>\n<p>Esperamos que te resulten \u00fatiles para tu pr\u00e1ctica educativa y tu trabajo en el aula con los alumnos.<\/p>\n<ul>\n<li>\n<h4><a href=\"http:\/\/www.aula21.net\/\">www.aula21.net<\/a><\/h4>\n<\/li>\n<li>\n<h4><a href=\"http:\/\/www.orientacionandujar.es\/\">www.orientacionandujar.es<\/a><\/h4>\n<\/li>\n<li>\n<h4><a href=\"http:\/\/www.aulapt.org\/\">Aula PT: recursos para la elaboraci\u00f3n de adaptaciones curriculares.<\/a><\/h4>\n<\/li>\n<li>\n<h4><a href=\"http:\/\/www.actiludis.com\/\">Actiludis: actividades l\u00fadicas educativas<\/a><\/h4>\n<\/li>\n<li>\n<h4><a href=\"http:\/\/recursostic.educacion.es\/bancoimagenes\/web\/\">Banco de im\u00e1genes y sonidos<\/a><\/h4>\n<\/li>\n<li>\n<h4><a href=\"http:\/\/www.primeraescuela.com\/\">Primera escuela: actividades infantiles<\/a><\/h4>\n<\/li>\n<li>\n<h4><a href=\"http:\/\/recursosinfantilprimaria.blogspot.com.es\/\">Recursos educativos en Infantil y en Primaria<\/a><\/h4>\n<\/li>\n<li>\n<h4><a href=\"http:\/\/informaticaparaeducacionespecial.blogspot.com.es\/\">Inform\u00e1tica para Educaci\u00f3n Especial<\/a><\/h4>\n<\/li>\n<li>\n<h4><a href=\"http:\/\/chiquitajos.blogspot.com.es\/\">Juegos de atenci\u00f3n temprana<\/a><\/h4>\n<\/li>\n<li>\n<h4><a href=\"http:\/\/areatablet.wordpress.com\/\">Areatablet:recursos educativos TIC y apoyo did\u00e1ctico<\/a><\/h4>\n<\/li>\n<li>\n<h4><a href=\"http:\/\/www.boohbah.tv\/\">Boobhbah.Juegos interactivos de estimulaci\u00f3n<\/a><\/h4>\n<\/li>\n<li>\n<h4><a href=\"http:\/\/educacion.once.es\/caracol.html\">El caracol Seraf\u00edn. Cuento y juegos para educaci\u00f3n infantil<\/a><\/h4>\n<\/li>\n<li>\n<h4><a href=\"http:\/\/recursosauladeapoyo.blogspot.com.es\/2009\/02\/el-rincon-de-yiyo.html\">Recursos aula de apoyo<\/a><\/h4>\n<\/li>\n<li>\n<h4><a href=\"http:\/\/www.ite.educacion.es\/es\/recursos\">Instituto Nacional de Tecnolog\u00edas: recursos educativos para todas las etapas<\/a><\/h4>\n<\/li>\n<li>\n<h4><a href=\"http:\/\/www.cuentosinteractivos.org\/\">Cuentos interactivos<\/a><\/h4>\n<\/li>\n<li>\n<h4><a href=\"http:\/\/www.sehacesaber.org\/\">Se hace saber<\/a><\/h4>\n<\/li>\n<li>\n<h4><a href=\"http:\/\/roble.pntic.mec.es\/arum0010\/\">Jueduland<\/a><a href=\"http:\/\/roble.pntic.mec.es\/arum0010\/\">: juegos interactivos educativos en l\u00ednea<\/a><\/h4>\n<\/li>\n<li>\n<h4><a href=\"http:\/\/www.colegiocampoamor.es\/pelayo\">Pelayo y su pandilla: Unidades did\u00e1cticas<\/a><\/h4>\n<\/li>\n<li>\n<h4><a href=\"http:\/\/www.ciudad17.com\/\">Ciudad 17: P\u00e1gina infantil para jugar, aprender y divertirse<\/a><\/h4>\n<\/li>\n<li>\n<h4><a href=\"http:\/\/www.educarm.es\/udicom\/unid1.htm\">Udicom: Unidades did\u00e1cticas<\/a><\/h4>\n<\/li>\n<li>\n<h4><a href=\"http:\/\/www.educalandia.net\/\">Educalandia:recursos educativos para todos los niveles<\/a><\/h4>\n<\/li>\n<li>\n<h4><a href=\"http:\/\/areatable0.wix.com\/misrecursosweb\">Recursos web: recopilaci\u00f3n de p\u00e1ginas webs con recursos<\/a><\/h4>\n<\/li>\n<li>\n<h4><a href=\"http:\/\/www.leoloqueveo.org\/\">Leo lo que veo: diccionario tem\u00e1tico visual<\/a><\/h4>\n<\/li>\n<li>\n<h4><a href=\"http:\/\/www.elhuevodechocolate.com\/\">El huevo de chocolate: cuentos, adivinanzas, poes\u00edas, juegos, recursos de lenguaje oral\u2026<\/a><\/h4>\n<\/li>\n<li>\n<h4><a href=\"http:\/\/www.vedoque.com\/\">Vedoque: juegos y materiales educativos.<\/a><\/h4>\n<\/li>\n<li>\n<h4><a href=\"http:\/\/maestraespecialpt.blogspot.com.es\/\">Maestra de Pedagog\u00eda Terap\u00e9utica: blog con materiales, recursos y un amplio listado de p\u00e1ginas webs interesantes.<\/a><\/h4>\n<\/li>\n<\/ul>\n","protected":false},"excerpt":{"rendered":"<p>En esta p\u00e1gina podr\u00e1s encontrar enlaces interesantes, unidades did\u00e1cticas, juegos, fichas imprimibles, generadores de actividades, principios metodol\u00f3gicos\u2026y un mont\u00f3n de recursos educativos. Esperamos que te resulten \u00fatiles para tu pr\u00e1ctica educativa y tu trabajo&#46;&#46;&#46;<\/p>\n","protected":false},"author":12880,"featured_media":0,"parent":0,"menu_order":0,"comment_status":"closed","ping_status":"closed","template":"","meta":{"ngg_post_thumbnail":0,"footnotes":"","_mc_calendar":[]},"aioseo_notices":[],"_links":{"self":[{"href":"https:\/\/blogsaverroes.juntadeandalucia.es\/ceiptartessoshuelva\/wp-json\/wp\/v2\/pages\/2822"}],"collection":[{"href":"https:\/\/blogsaverroes.juntadeandalucia.es\/ceiptartessoshuelva\/wp-json\/wp\/v2\/pages"}],"about":[{"href":"https:\/\/blogsaverroes.juntadeandalucia.es\/ceiptartessoshuelva\/wp-json\/wp\/v2\/types\/page"}],"author":[{"embeddable":true,"href":"https:\/\/blogsaverroes.juntadeandalucia.es\/ceiptartessoshuelva\/wp-json\/wp\/v2\/users\/12880"}],"replies":[{"embeddable":true,"href":"https:\/\/blogsaverroes.juntadeandalucia.es\/ceiptartessoshuelva\/wp-json\/wp\/v2\/comments?post=2822"}],"version-history":[{"count":1,"href":"https:\/\/blogsaverroes.juntadeandalucia.es\/ceiptartessoshuelva\/wp-json\/wp\/v2\/pages\/2822\/revisions"}],"predecessor-version":[{"id":2824,"href":"https:\/\/blogsaverroes.juntadeandalucia.es\/ceiptartessoshuelva\/wp-json\/wp\/v2\/pages\/2822\/revisions\/2824"}],"wp:attachment":[{"href":"https:\/\/blogsaverroes.juntadeandalucia.es\/ceiptartessoshuelva\/wp-json\/wp\/v2\/media?parent=2822"}],"curies":[{"name":"wp","href":"https:\/\/api.w.org\/{rel}","templated":true}]}}