{"id":42,"date":"2015-03-13T08:40:47","date_gmt":"2015-03-13T08:40:47","guid":{"rendered":"http:\/\/blogsaverroes.juntadeandalucia.es\/pre\/ceip\/?page_id=42"},"modified":"2021-04-21T00:03:26","modified_gmt":"2021-04-20T22:03:26","slug":"equipo-directivo","status":"publish","type":"page","link":"https:\/\/blogsaverroes.juntadeandalucia.es\/ceiptartessoshuelva\/equipo-directivo\/","title":{"rendered":"Equipo directivo"},"content":{"rendered":"<p>&nbsp;Las &nbsp;personas que componen el equipo directivo de nuestro centro son:<\/p>\n<p><strong>Directora: &nbsp;D\u00f1a. Carmen Borrero P\u00e9rez.<\/strong><\/p>\n<p><strong>Jefa de estudios: D\u00f1a. Mar\u00eda Teresa Guinea Guinea.<\/strong><\/p>\n<p><strong>Secretario: D. Juan Carlos Garc\u00eda Mart\u00ednez.<\/strong><\/p>\n<p style=\"text-align: center\"><a href=\"https:\/\/drive.google.com\/file\/d\/138x4etZjY3Dcgk7B_MDDBN30_hDn5_4K\/view?usp=sharing\"><strong>PROYECTO DE DIRECCI\u00d3N<\/strong><\/a><\/p>\n","protected":false},"excerpt":{"rendered":"<p>&nbsp;Las &nbsp;personas que componen el equipo directivo de nuestro centro son: Directora: &nbsp;D\u00f1a. Carmen Borrero P\u00e9rez. Jefa de estudios: D\u00f1a. Mar\u00eda Teresa Guinea Guinea. Secretario: D. Juan Carlos Garc\u00eda Mart\u00ednez. PROYECTO DE DIRECCI\u00d3N<\/p>\n","protected":false},"author":1,"featured_media":0,"parent":0,"menu_order":0,"comment_status":"closed","ping_status":"open","template":"","meta":{"ngg_post_thumbnail":0,"footnotes":"","_mc_calendar":[]},"aioseo_notices":[],"_links":{"self":[{"href":"https:\/\/blogsaverroes.juntadeandalucia.es\/ceiptartessoshuelva\/wp-json\/wp\/v2\/pages\/42"}],"collection":[{"href":"https:\/\/blogsaverroes.juntadeandalucia.es\/ceiptartessoshuelva\/wp-json\/wp\/v2\/pages"}],"about":[{"href":"https:\/\/blogsaverroes.juntadeandalucia.es\/ceiptartessoshuelva\/wp-json\/wp\/v2\/types\/page"}],"author":[{"embeddable":true,"href":"https:\/\/blogsaverroes.juntadeandalucia.es\/ceiptartessoshuelva\/wp-json\/wp\/v2\/users\/1"}],"replies":[{"embeddable":true,"href":"https:\/\/blogsaverroes.juntadeandalucia.es\/ceiptartessoshuelva\/wp-json\/wp\/v2\/comments?post=42"}],"version-history":[{"count":8,"href":"https:\/\/blogsaverroes.juntadeandalucia.es\/ceiptartessoshuelva\/wp-json\/wp\/v2\/pages\/42\/revisions"}],"predecessor-version":[{"id":2784,"href":"https:\/\/blogsaverroes.juntadeandalucia.es\/ceiptartessoshuelva\/wp-json\/wp\/v2\/pages\/42\/revisions\/2784"}],"wp:attachment":[{"href":"https:\/\/blogsaverroes.juntadeandalucia.es\/ceiptartessoshuelva\/wp-json\/wp\/v2\/media?parent=42"}],"curies":[{"name":"wp","href":"https:\/\/api.w.org\/{rel}","templated":true}]}}