{"id":200,"date":"2015-03-17T10:04:24","date_gmt":"2015-03-17T10:04:24","guid":{"rendered":"http:\/\/blogsaverroes.juntadeandalucia.es\/pre\/ceip\/?page_id=200"},"modified":"2021-01-29T11:54:12","modified_gmt":"2021-01-29T11:54:12","slug":"quienes-formamos-el-ampa","status":"publish","type":"page","link":"https:\/\/blogsaverroes.juntadeandalucia.es\/ceiptartessospedrera\/quienes-formamos-el-ampa\/","title":{"rendered":"\u00bfQuienes formamos el AMPA?"},"content":{"rendered":"<p>La Asociaci\u00f3n de Madres y Padres <strong>Mariana Pineda<\/strong> est\u00e1 constituida por todas las familias de la asociaci\u00f3n&nbsp; y&nbsp; es gestionada por una &nbsp;<strong>Junta Directiva<\/strong>.<\/p>\n","protected":false},"excerpt":{"rendered":"<p>La Asociaci\u00f3n de Madres y Padres Mariana Pineda est\u00e1 constituida por todas las familias de la asociaci\u00f3n&nbsp; y&nbsp; es gestionada por una &nbsp;Junta Directiva.<\/p>\n","protected":false},"author":1,"featured_media":0,"parent":0,"menu_order":0,"comment_status":"open","ping_status":"open","template":"page-templates\/child-menu.php","meta":{"ngg_post_thumbnail":0,"footnotes":"","_mc_calendar":[]},"aioseo_notices":[],"_links":{"self":[{"href":"https:\/\/blogsaverroes.juntadeandalucia.es\/ceiptartessospedrera\/wp-json\/wp\/v2\/pages\/200"}],"collection":[{"href":"https:\/\/blogsaverroes.juntadeandalucia.es\/ceiptartessospedrera\/wp-json\/wp\/v2\/pages"}],"about":[{"href":"https:\/\/blogsaverroes.juntadeandalucia.es\/ceiptartessospedrera\/wp-json\/wp\/v2\/types\/page"}],"author":[{"embeddable":true,"href":"https:\/\/blogsaverroes.juntadeandalucia.es\/ceiptartessospedrera\/wp-json\/wp\/v2\/users\/1"}],"replies":[{"embeddable":true,"href":"https:\/\/blogsaverroes.juntadeandalucia.es\/ceiptartessospedrera\/wp-json\/wp\/v2\/comments?post=200"}],"version-history":[{"count":4,"href":"https:\/\/blogsaverroes.juntadeandalucia.es\/ceiptartessospedrera\/wp-json\/wp\/v2\/pages\/200\/revisions"}],"predecessor-version":[{"id":2330,"href":"https:\/\/blogsaverroes.juntadeandalucia.es\/ceiptartessospedrera\/wp-json\/wp\/v2\/pages\/200\/revisions\/2330"}],"wp:attachment":[{"href":"https:\/\/blogsaverroes.juntadeandalucia.es\/ceiptartessospedrera\/wp-json\/wp\/v2\/media?parent=200"}],"curies":[{"name":"wp","href":"https:\/\/api.w.org\/{rel}","templated":true}]}}