{"id":2536,"date":"2022-01-26T11:58:24","date_gmt":"2022-01-26T11:58:24","guid":{"rendered":"https:\/\/blogsaverroes.juntadeandalucia.es\/ceiptartessospedrera\/?page_id=2536"},"modified":"2025-04-11T11:07:59","modified_gmt":"2025-04-11T11:07:59","slug":"__trashed","status":"publish","type":"page","link":"https:\/\/blogsaverroes.juntadeandalucia.es\/ceiptartessospedrera\/__trashed\/","title":{"rendered":"Recursos"},"content":{"rendered":"<p>Recursos. Videos de Internet Segura.<\/p>\n<p>D\u00eda del Internet seguro<\/p>\n<p><iframe loading=\"lazy\" title=\"D\u00eda Del Internet Seguro | Consejos de seguridad para ni\u00f1as y ni\u00f1os en internet.\" width=\"500\" height=\"375\" src=\"https:\/\/www.youtube.com\/embed\/cIeTUuo6n1c?feature=oembed&#038;wmode=opaque\" frameborder=\"0\" allow=\"accelerometer; autoplay; clipboard-write; encrypted-media; gyroscope; picture-in-picture; web-share\" referrerpolicy=\"strict-origin-when-cross-origin\" allowfullscreen><\/iframe><\/p>\n<p>&nbsp;<\/p>\n<p>Consejos para&nbsp; cuidar el ordenador<\/p>\n<p><iframe loading=\"lazy\" title=\"Consejos para cuidar la compu\" width=\"500\" height=\"281\" src=\"https:\/\/www.youtube.com\/embed\/y6z0Tq1a8fs?feature=oembed&#038;wmode=opaque\" frameborder=\"0\" allow=\"accelerometer; autoplay; clipboard-write; encrypted-media; gyroscope; picture-in-picture; web-share\" referrerpolicy=\"strict-origin-when-cross-origin\" allowfullscreen><\/iframe><\/p>\n<p>Pantallas amigas. Un video para pensar.<\/p>\n<p><iframe loading=\"lazy\" title=\"pantallasamigas net   el cuidado de las datos ajenos\" width=\"500\" height=\"281\" src=\"https:\/\/www.youtube.com\/embed\/tPKsrIUSCmw?feature=oembed&#038;wmode=opaque\" frameborder=\"0\" allow=\"accelerometer; autoplay; clipboard-write; encrypted-media; gyroscope; picture-in-picture; web-share\" referrerpolicy=\"strict-origin-when-cross-origin\" allowfullscreen><\/iframe><\/p>\n<p>&nbsp;<\/p>\n","protected":false},"excerpt":{"rendered":"<p>Recursos. Videos de Internet Segura. D\u00eda del Internet seguro &nbsp; Consejos para&nbsp; cuidar el ordenador Pantallas amigas. Un video para pensar. &nbsp;<\/p>\n","protected":false},"author":10814,"featured_media":0,"parent":0,"menu_order":0,"comment_status":"closed","ping_status":"closed","template":"","meta":{"ngg_post_thumbnail":0,"footnotes":"","_mc_calendar":[]},"aioseo_notices":[],"_links":{"self":[{"href":"https:\/\/blogsaverroes.juntadeandalucia.es\/ceiptartessospedrera\/wp-json\/wp\/v2\/pages\/2536"}],"collection":[{"href":"https:\/\/blogsaverroes.juntadeandalucia.es\/ceiptartessospedrera\/wp-json\/wp\/v2\/pages"}],"about":[{"href":"https:\/\/blogsaverroes.juntadeandalucia.es\/ceiptartessospedrera\/wp-json\/wp\/v2\/types\/page"}],"author":[{"embeddable":true,"href":"https:\/\/blogsaverroes.juntadeandalucia.es\/ceiptartessospedrera\/wp-json\/wp\/v2\/users\/10814"}],"replies":[{"embeddable":true,"href":"https:\/\/blogsaverroes.juntadeandalucia.es\/ceiptartessospedrera\/wp-json\/wp\/v2\/comments?post=2536"}],"version-history":[{"count":7,"href":"https:\/\/blogsaverroes.juntadeandalucia.es\/ceiptartessospedrera\/wp-json\/wp\/v2\/pages\/2536\/revisions"}],"predecessor-version":[{"id":3230,"href":"https:\/\/blogsaverroes.juntadeandalucia.es\/ceiptartessospedrera\/wp-json\/wp\/v2\/pages\/2536\/revisions\/3230"}],"wp:attachment":[{"href":"https:\/\/blogsaverroes.juntadeandalucia.es\/ceiptartessospedrera\/wp-json\/wp\/v2\/media?parent=2536"}],"curies":[{"name":"wp","href":"https:\/\/api.w.org\/{rel}","templated":true}]}}