{"id":2587,"date":"2022-02-23T11:42:58","date_gmt":"2022-02-23T11:42:58","guid":{"rendered":"https:\/\/blogsaverroes.juntadeandalucia.es\/ceiptartessospedrera\/?page_id=2587"},"modified":"2022-02-24T09:18:12","modified_gmt":"2022-02-24T09:18:12","slug":"biblioweb","status":"publish","type":"page","link":"https:\/\/blogsaverroes.juntadeandalucia.es\/ceiptartessospedrera\/biblioteca\/biblioweb\/","title":{"rendered":"Biblioweb"},"content":{"rendered":"<p>Ya puedes acceder al cat\u00e1logo de nuestra Biblioteca a trav\u00e9s del siguiente enlace:<\/p>\n<p><a href=\"https:\/\/www.juntadeandalucia.es\/educacion\/senecav2\/seneca\/biblioweb\/portal\/41003261\">:: PASEN &#8211; BiblioWeb S\u00e9neca :: (juntadeandalucia.es)<\/a><\/p>\n<p>&nbsp;<\/p>\n","protected":false},"excerpt":{"rendered":"<p>Ya puedes acceder al cat\u00e1logo de nuestra Biblioteca a trav\u00e9s del siguiente enlace: :: PASEN &#8211; BiblioWeb S\u00e9neca :: (juntadeandalucia.es) &nbsp;<\/p>\n","protected":false},"author":10814,"featured_media":0,"parent":113,"menu_order":1,"comment_status":"closed","ping_status":"closed","template":"","meta":{"ngg_post_thumbnail":0,"footnotes":"","_mc_calendar":[]},"aioseo_notices":[],"_links":{"self":[{"href":"https:\/\/blogsaverroes.juntadeandalucia.es\/ceiptartessospedrera\/wp-json\/wp\/v2\/pages\/2587"}],"collection":[{"href":"https:\/\/blogsaverroes.juntadeandalucia.es\/ceiptartessospedrera\/wp-json\/wp\/v2\/pages"}],"about":[{"href":"https:\/\/blogsaverroes.juntadeandalucia.es\/ceiptartessospedrera\/wp-json\/wp\/v2\/types\/page"}],"author":[{"embeddable":true,"href":"https:\/\/blogsaverroes.juntadeandalucia.es\/ceiptartessospedrera\/wp-json\/wp\/v2\/users\/10814"}],"replies":[{"embeddable":true,"href":"https:\/\/blogsaverroes.juntadeandalucia.es\/ceiptartessospedrera\/wp-json\/wp\/v2\/comments?post=2587"}],"version-history":[{"count":5,"href":"https:\/\/blogsaverroes.juntadeandalucia.es\/ceiptartessospedrera\/wp-json\/wp\/v2\/pages\/2587\/revisions"}],"predecessor-version":[{"id":2594,"href":"https:\/\/blogsaverroes.juntadeandalucia.es\/ceiptartessospedrera\/wp-json\/wp\/v2\/pages\/2587\/revisions\/2594"}],"up":[{"embeddable":true,"href":"https:\/\/blogsaverroes.juntadeandalucia.es\/ceiptartessospedrera\/wp-json\/wp\/v2\/pages\/113"}],"wp:attachment":[{"href":"https:\/\/blogsaverroes.juntadeandalucia.es\/ceiptartessospedrera\/wp-json\/wp\/v2\/media?parent=2587"}],"curies":[{"name":"wp","href":"https:\/\/api.w.org\/{rel}","templated":true}]}}