{"id":35,"date":"2015-03-13T08:21:43","date_gmt":"2015-03-13T08:21:43","guid":{"rendered":"http:\/\/blogsaverroes.juntadeandalucia.es\/pre\/ceip\/?page_id=35"},"modified":"2021-04-06T08:36:07","modified_gmt":"2021-04-06T08:36:07","slug":"el-centro-2","status":"publish","type":"page","link":"https:\/\/blogsaverroes.juntadeandalucia.es\/ceiptartessospedrera\/el-centro-2\/","title":{"rendered":"Datos del centro"},"content":{"rendered":"<p>[googlemaps https:\/\/www.google.com\/maps\/embed?pb=!1m14!1m8!1m3!1d3176.989078219572!2d-4.893307!3d37.2242342!3m2!1i1024!2i768!4f13.1!3m3!1m2!1s0xd6d5826d8cb6725%3A0x376060ab5e2abf4f!2sColegio%20P%C3%BAblico%20Tartessos!5e0!3m2!1ses!2ses!4v1613131176237!5m2!1ses!2ses&amp;w=600&amp;h=450]<\/p>\n<h4>Datos de contacto<\/h4>\n<p>Ceip Tartessos<\/p>\n<p><strong>Direcci\u00f3n:<\/strong> C\/Rodr\u00edguez Mar\u00edn,5 Pedrera (Sevilla)<\/p>\n<p><strong>Tel\u00e9fono \/ FAX: 954822924 \/ 954822925<\/strong><br \/>\n<strong>Email:<\/strong> 41003261.edu@juntadeandalucia.es<\/p>\n<p>&nbsp;<\/p>\n<p>Fotos de nuestro centro:<\/p>\n<p>Entrada al centro<\/p>\n<p><a href=\"https:\/\/blogsaverroes.juntadeandalucia.es\/ceiptartessospedrera\/files\/2021\/03\/20210323_103910-scaled.jpg\"><img loading=\"lazy\" decoding=\"async\" class=\"alignnone size-medium wp-image-2392\" src=\"https:\/\/blogsaverroes.juntadeandalucia.es\/ceiptartessospedrera\/files\/2021\/03\/20210323_103910-225x300.jpg\" alt=\"\" width=\"225\" height=\"300\"><\/a><\/p>\n<p>Pasillo Primaria&nbsp;<\/p>\n<p><a href=\"https:\/\/blogsaverroes.juntadeandalucia.es\/ceiptartessospedrera\/files\/2021\/03\/pasillo-scaled.jpg\"><img loading=\"lazy\" decoding=\"async\" class=\"alignnone size-medium wp-image-2389\" src=\"https:\/\/blogsaverroes.juntadeandalucia.es\/ceiptartessospedrera\/files\/2021\/03\/pasillo-225x300.jpg\" alt=\"\" width=\"225\" height=\"300\" srcset=\"https:\/\/blogsaverroes.juntadeandalucia.es\/ceiptartessospedrera\/files\/2021\/03\/pasillo-225x300.jpg 225w, https:\/\/blogsaverroes.juntadeandalucia.es\/ceiptartessospedrera\/files\/2021\/03\/pasillo-768x1024.jpg 768w, https:\/\/blogsaverroes.juntadeandalucia.es\/ceiptartessospedrera\/files\/2021\/03\/pasillo-1152x1536.jpg 1152w, https:\/\/blogsaverroes.juntadeandalucia.es\/ceiptartessospedrera\/files\/2021\/03\/pasillo-1536x2048.jpg 1536w, https:\/\/blogsaverroes.juntadeandalucia.es\/ceiptartessospedrera\/files\/2021\/03\/pasillo-scaled.jpg 1200w\" sizes=\"(max-width: 225px) 100vw, 225px\" \/><\/a><\/p>\n<p>Secretar\u00eda, Jefatura de Estudios y Direcci\u00f3n<\/p>\n<p><a href=\"https:\/\/blogsaverroes.juntadeandalucia.es\/ceiptartessospedrera\/files\/2021\/03\/20210323_104028-scaled.jpg\"><img loading=\"lazy\" decoding=\"async\" class=\"alignnone size-medium wp-image-2394\" src=\"https:\/\/blogsaverroes.juntadeandalucia.es\/ceiptartessospedrera\/files\/2021\/03\/20210323_104028-225x300.jpg\" alt=\"\" width=\"225\" height=\"300\" srcset=\"https:\/\/blogsaverroes.juntadeandalucia.es\/ceiptartessospedrera\/files\/2021\/03\/20210323_104028-225x300.jpg 225w, https:\/\/blogsaverroes.juntadeandalucia.es\/ceiptartessospedrera\/files\/2021\/03\/20210323_104028-768x1024.jpg 768w, https:\/\/blogsaverroes.juntadeandalucia.es\/ceiptartessospedrera\/files\/2021\/03\/20210323_104028-1152x1536.jpg 1152w, https:\/\/blogsaverroes.juntadeandalucia.es\/ceiptartessospedrera\/files\/2021\/03\/20210323_104028-1536x2048.jpg 1536w, https:\/\/blogsaverroes.juntadeandalucia.es\/ceiptartessospedrera\/files\/2021\/03\/20210323_104028-scaled.jpg 1200w\" sizes=\"(max-width: 225px) 100vw, 225px\" \/><\/a><\/p>\n<p>Pasillo Aulario Infantil<\/p>\n<p><a href=\"https:\/\/blogsaverroes.juntadeandalucia.es\/ceiptartessospedrera\/files\/2021\/04\/Pasillo-Aulario-Infantil-scaled.jpg\"><img loading=\"lazy\" decoding=\"async\" class=\"alignnone size-medium wp-image-2411\" src=\"https:\/\/blogsaverroes.juntadeandalucia.es\/ceiptartessospedrera\/files\/2021\/04\/Pasillo-Aulario-Infantil-225x300.jpg\" alt=\"\" width=\"225\" height=\"300\" srcset=\"https:\/\/blogsaverroes.juntadeandalucia.es\/ceiptartessospedrera\/files\/2021\/04\/Pasillo-Aulario-Infantil-225x300.jpg 225w, https:\/\/blogsaverroes.juntadeandalucia.es\/ceiptartessospedrera\/files\/2021\/04\/Pasillo-Aulario-Infantil-768x1024.jpg 768w, https:\/\/blogsaverroes.juntadeandalucia.es\/ceiptartessospedrera\/files\/2021\/04\/Pasillo-Aulario-Infantil-1152x1536.jpg 1152w, https:\/\/blogsaverroes.juntadeandalucia.es\/ceiptartessospedrera\/files\/2021\/04\/Pasillo-Aulario-Infantil-1536x2048.jpg 1536w, https:\/\/blogsaverroes.juntadeandalucia.es\/ceiptartessospedrera\/files\/2021\/04\/Pasillo-Aulario-Infantil-scaled.jpg 1200w\" sizes=\"(max-width: 225px) 100vw, 225px\" \/><\/a><\/p>\n<p>Patio Recreo Primaria<\/p>\n<p><a href=\"https:\/\/blogsaverroes.juntadeandalucia.es\/ceiptartessospedrera\/files\/2021\/04\/Patio-recreo-Primaria-scaled.jpg\"><img loading=\"lazy\" decoding=\"async\" class=\"alignnone size-medium wp-image-2412\" src=\"https:\/\/blogsaverroes.juntadeandalucia.es\/ceiptartessospedrera\/files\/2021\/04\/Patio-recreo-Primaria-225x300.jpg\" alt=\"\" width=\"225\" height=\"300\" srcset=\"https:\/\/blogsaverroes.juntadeandalucia.es\/ceiptartessospedrera\/files\/2021\/04\/Patio-recreo-Primaria-225x300.jpg 225w, https:\/\/blogsaverroes.juntadeandalucia.es\/ceiptartessospedrera\/files\/2021\/04\/Patio-recreo-Primaria-768x1024.jpg 768w, https:\/\/blogsaverroes.juntadeandalucia.es\/ceiptartessospedrera\/files\/2021\/04\/Patio-recreo-Primaria-1152x1536.jpg 1152w, https:\/\/blogsaverroes.juntadeandalucia.es\/ceiptartessospedrera\/files\/2021\/04\/Patio-recreo-Primaria-1536x2048.jpg 1536w, https:\/\/blogsaverroes.juntadeandalucia.es\/ceiptartessospedrera\/files\/2021\/04\/Patio-recreo-Primaria-scaled.jpg 1200w\" sizes=\"(max-width: 225px) 100vw, 225px\" \/><\/a><\/p>\n<p>&nbsp;<\/p>\n","protected":false},"excerpt":{"rendered":"<p>[googlemaps https:\/\/www.google.com\/maps\/embed?pb=!1m14!1m8!1m3!1d3176.989078219572!2d-4.893307!3d37.2242342!3m2!1i1024!2i768!4f13.1!3m3!1m2!1s0xd6d5826d8cb6725%3A0x376060ab5e2abf4f!2sColegio%20P%C3%BAblico%20Tartessos!5e0!3m2!1ses!2ses!4v1613131176237!5m2!1ses!2ses&amp;w=600&amp;h=450] Datos de contacto Ceip Tartessos Direcci\u00f3n: C\/Rodr\u00edguez Mar\u00edn,5 Pedrera (Sevilla) Tel\u00e9fono \/ FAX: 954822924 \/ 954822925 Email: 41003261.edu@juntadeandalucia.es &nbsp; Fotos de nuestro centro: Entrada al centro Pasillo Primaria&nbsp; Secretar\u00eda, Jefatura de Estudios&#46;&#46;&#46;<\/p>\n","protected":false},"author":1,"featured_media":0,"parent":0,"menu_order":0,"comment_status":"open","ping_status":"open","template":"","meta":{"ngg_post_thumbnail":0,"footnotes":"","_mc_calendar":[]},"aioseo_notices":[],"_links":{"self":[{"href":"https:\/\/blogsaverroes.juntadeandalucia.es\/ceiptartessospedrera\/wp-json\/wp\/v2\/pages\/35"}],"collection":[{"href":"https:\/\/blogsaverroes.juntadeandalucia.es\/ceiptartessospedrera\/wp-json\/wp\/v2\/pages"}],"about":[{"href":"https:\/\/blogsaverroes.juntadeandalucia.es\/ceiptartessospedrera\/wp-json\/wp\/v2\/types\/page"}],"author":[{"embeddable":true,"href":"https:\/\/blogsaverroes.juntadeandalucia.es\/ceiptartessospedrera\/wp-json\/wp\/v2\/users\/1"}],"replies":[{"embeddable":true,"href":"https:\/\/blogsaverroes.juntadeandalucia.es\/ceiptartessospedrera\/wp-json\/wp\/v2\/comments?post=35"}],"version-history":[{"count":32,"href":"https:\/\/blogsaverroes.juntadeandalucia.es\/ceiptartessospedrera\/wp-json\/wp\/v2\/pages\/35\/revisions"}],"predecessor-version":[{"id":2413,"href":"https:\/\/blogsaverroes.juntadeandalucia.es\/ceiptartessospedrera\/wp-json\/wp\/v2\/pages\/35\/revisions\/2413"}],"wp:attachment":[{"href":"https:\/\/blogsaverroes.juntadeandalucia.es\/ceiptartessospedrera\/wp-json\/wp\/v2\/media?parent=35"}],"curies":[{"name":"wp","href":"https:\/\/api.w.org\/{rel}","templated":true}]}}