{"id":424,"date":"2015-03-20T07:05:20","date_gmt":"2015-03-20T07:05:20","guid":{"rendered":"http:\/\/blogsaverroes.juntadeandalucia.es\/pre\/ceip\/?page_id=424"},"modified":"2021-04-20T08:58:40","modified_gmt":"2021-04-20T08:58:40","slug":"educacion-infantil","status":"publish","type":"page","link":"https:\/\/blogsaverroes.juntadeandalucia.es\/ceiptartessospedrera\/educacion-infantil\/","title":{"rendered":"Educaci\u00f3n infantil"},"content":{"rendered":"<p>ACTIVIDAD D\u00cdA DE ANDALUC\u00cdA<\/p>\n<p>Nuestro mapa de Andaluc\u00eda realizado por el alumnado de Educaci\u00f3n Infantil.<\/p>\n<p><a href=\"https:\/\/blogsaverroes.juntadeandalucia.es\/ceiptartessospedrera\/files\/2021\/04\/20210420_100659-scaled.jpg\"><img loading=\"lazy\" decoding=\"async\" class=\"alignnone size-medium wp-image-2437\" src=\"https:\/\/blogsaverroes.juntadeandalucia.es\/ceiptartessospedrera\/files\/2021\/04\/20210420_100659-300x135.jpg\" alt=\"\" width=\"300\" height=\"135\" srcset=\"https:\/\/blogsaverroes.juntadeandalucia.es\/ceiptartessospedrera\/files\/2021\/04\/20210420_100659-300x135.jpg 300w, https:\/\/blogsaverroes.juntadeandalucia.es\/ceiptartessospedrera\/files\/2021\/04\/20210420_100659-1024x461.jpg 1024w, https:\/\/blogsaverroes.juntadeandalucia.es\/ceiptartessospedrera\/files\/2021\/04\/20210420_100659-768x346.jpg 768w, https:\/\/blogsaverroes.juntadeandalucia.es\/ceiptartessospedrera\/files\/2021\/04\/20210420_100659-1536x692.jpg 1536w, https:\/\/blogsaverroes.juntadeandalucia.es\/ceiptartessospedrera\/files\/2021\/04\/20210420_100659-2048x922.jpg 2048w, https:\/\/blogsaverroes.juntadeandalucia.es\/ceiptartessospedrera\/files\/2021\/04\/20210420_100659-scaled.jpg 1600w\" sizes=\"(max-width: 300px) 100vw, 300px\" \/><\/a><\/p>\n","protected":false},"excerpt":{"rendered":"<p>ACTIVIDAD D\u00cdA DE ANDALUC\u00cdA Nuestro mapa de Andaluc\u00eda realizado por el alumnado de Educaci\u00f3n Infantil.<\/p>\n","protected":false},"author":1,"featured_media":0,"parent":0,"menu_order":0,"comment_status":"open","ping_status":"open","template":"page-templates\/child-menu.php","meta":{"ngg_post_thumbnail":0,"footnotes":"","_mc_calendar":[]},"aioseo_notices":[],"_links":{"self":[{"href":"https:\/\/blogsaverroes.juntadeandalucia.es\/ceiptartessospedrera\/wp-json\/wp\/v2\/pages\/424"}],"collection":[{"href":"https:\/\/blogsaverroes.juntadeandalucia.es\/ceiptartessospedrera\/wp-json\/wp\/v2\/pages"}],"about":[{"href":"https:\/\/blogsaverroes.juntadeandalucia.es\/ceiptartessospedrera\/wp-json\/wp\/v2\/types\/page"}],"author":[{"embeddable":true,"href":"https:\/\/blogsaverroes.juntadeandalucia.es\/ceiptartessospedrera\/wp-json\/wp\/v2\/users\/1"}],"replies":[{"embeddable":true,"href":"https:\/\/blogsaverroes.juntadeandalucia.es\/ceiptartessospedrera\/wp-json\/wp\/v2\/comments?post=424"}],"version-history":[{"count":4,"href":"https:\/\/blogsaverroes.juntadeandalucia.es\/ceiptartessospedrera\/wp-json\/wp\/v2\/pages\/424\/revisions"}],"predecessor-version":[{"id":2438,"href":"https:\/\/blogsaverroes.juntadeandalucia.es\/ceiptartessospedrera\/wp-json\/wp\/v2\/pages\/424\/revisions\/2438"}],"wp:attachment":[{"href":"https:\/\/blogsaverroes.juntadeandalucia.es\/ceiptartessospedrera\/wp-json\/wp\/v2\/media?parent=424"}],"curies":[{"name":"wp","href":"https:\/\/api.w.org\/{rel}","templated":true}]}}