{"id":426,"date":"2015-03-20T07:05:49","date_gmt":"2015-03-20T07:05:49","guid":{"rendered":"http:\/\/blogsaverroes.juntadeandalucia.es\/pre\/ceip\/?page_id=426"},"modified":"2025-04-10T08:45:20","modified_gmt":"2025-04-10T08:45:20","slug":"materiales-recursos","status":"publish","type":"page","link":"https:\/\/blogsaverroes.juntadeandalucia.es\/ceiptartessospedrera\/educacion-infantil\/materiales-recursos\/","title":{"rendered":"E.I. Materiales, recursos&#8230;"},"content":{"rendered":"<p>Itinerario digital Infantil<\/p>\n<p>1)MANEJO DEL RAT\u00d3N<\/p>\n<p>Iniciar al alumnado en el conocimiento de los ordenadores y en el uso del rat\u00f3n a trav\u00e9s de juegos.<\/p>\n<p><a href=\"https:\/\/www.juegosinfantilespum.com\/mover\/index.php\">https:\/\/www.juegosinfantilespum.com\/mover\/index.php<\/a><\/p>\n<p>2)WEBS y JUEGOS INTERACTIVOS<\/p>\n<p>Portal de Educaci\u00f3n EDUCACYL con multitud de juegos.<\/p>\n<p><a href=\"https:\/\/www.educa.jcyl.es\/infantil\/es?locale=es_ES\">https:\/\/www.educa.jcyl.es\/infantil\/es?locale=es_ES<\/a><\/p>\n<p>&nbsp;<\/p>\n<p>&nbsp;<\/p>\n<p>&nbsp;<\/p>\n<p>&nbsp;<\/p>\n","protected":false},"excerpt":{"rendered":"<p>Itinerario digital Infantil 1)MANEJO DEL RAT\u00d3N Iniciar al alumnado en el conocimiento de los ordenadores y en el uso del rat\u00f3n a trav\u00e9s de juegos. https:\/\/www.juegosinfantilespum.com\/mover\/index.php 2)WEBS y JUEGOS INTERACTIVOS Portal de Educaci\u00f3n EDUCACYL&#46;&#46;&#46;<\/p>\n","protected":false},"author":1,"featured_media":0,"parent":424,"menu_order":0,"comment_status":"open","ping_status":"open","template":"page-templates\/child-menu.php","meta":{"ngg_post_thumbnail":0,"footnotes":"","_mc_calendar":[]},"aioseo_notices":[],"_links":{"self":[{"href":"https:\/\/blogsaverroes.juntadeandalucia.es\/ceiptartessospedrera\/wp-json\/wp\/v2\/pages\/426"}],"collection":[{"href":"https:\/\/blogsaverroes.juntadeandalucia.es\/ceiptartessospedrera\/wp-json\/wp\/v2\/pages"}],"about":[{"href":"https:\/\/blogsaverroes.juntadeandalucia.es\/ceiptartessospedrera\/wp-json\/wp\/v2\/types\/page"}],"author":[{"embeddable":true,"href":"https:\/\/blogsaverroes.juntadeandalucia.es\/ceiptartessospedrera\/wp-json\/wp\/v2\/users\/1"}],"replies":[{"embeddable":true,"href":"https:\/\/blogsaverroes.juntadeandalucia.es\/ceiptartessospedrera\/wp-json\/wp\/v2\/comments?post=426"}],"version-history":[{"count":9,"href":"https:\/\/blogsaverroes.juntadeandalucia.es\/ceiptartessospedrera\/wp-json\/wp\/v2\/pages\/426\/revisions"}],"predecessor-version":[{"id":3229,"href":"https:\/\/blogsaverroes.juntadeandalucia.es\/ceiptartessospedrera\/wp-json\/wp\/v2\/pages\/426\/revisions\/3229"}],"up":[{"embeddable":true,"href":"https:\/\/blogsaverroes.juntadeandalucia.es\/ceiptartessospedrera\/wp-json\/wp\/v2\/pages\/424"}],"wp:attachment":[{"href":"https:\/\/blogsaverroes.juntadeandalucia.es\/ceiptartessospedrera\/wp-json\/wp\/v2\/media?parent=426"}],"curies":[{"name":"wp","href":"https:\/\/api.w.org\/{rel}","templated":true}]}}