{"id":77,"date":"2015-03-16T06:54:56","date_gmt":"2015-03-16T06:54:56","guid":{"rendered":"http:\/\/blogsaverroes.juntadeandalucia.es\/pre\/ceip\/?page_id=77"},"modified":"2025-03-14T12:30:02","modified_gmt":"2025-03-14T12:30:02","slug":"secretaria","status":"publish","type":"page","link":"https:\/\/blogsaverroes.juntadeandalucia.es\/ceiptartessospedrera\/secretaria\/","title":{"rendered":"Secretar\u00eda"},"content":{"rendered":"<p>La <strong>Secretar\u00eda<\/strong> desarrolla muchas funciones importantes en la vida de un centro, especialmente en la relaci\u00f3n que mantiene con las familias en los diferentes tr\u00e1mites administrativos a lo largo de la escolarizaci\u00f3n: admisi\u00f3n, matr\u00edcula, comedor escolar, becas, etc.<\/p>\n<p>A continuaci\u00f3n se detallan algunos impresos para descargar:<\/p>\n<p>ADMISI\u00d3N:<\/p>\n<p><a href=\"https:\/\/blogsaverroes.juntadeandalucia.es\/ceiptartessospedrera\/files\/2024\/02\/ANEXO-III-ADMISI\u00d3N.pdf\">ANEXO III ADMISI\u00d3N<\/a><\/p>\n<p><a href=\"https:\/\/blogsaverroes.juntadeandalucia.es\/ceiptartessospedrera\/files\/2024\/02\/ANEXO-IX-PROCEDIMIENTO-EXTRAORDINARIO-DE-ADMISI\u00d3N.pdf\">ANEXO IX PROCEDIMIENTO EXTRAORDINARIO DE ADMISI\u00d3N<\/a><\/p>\n<p>MATRICULACI\u00d3N:<\/p>\n<p><a href=\"https:\/\/blogsaverroes.juntadeandalucia.es\/ceiptartessospedrera\/files\/2024\/02\/ANEXO-I-RELIGI\u00d3N-INFANTIL-Y-PRIMARIA.pdf\">ANEXO I RELIGI\u00d3N INFANTIL Y PRIMARIA<\/a><\/p>\n<p><a href=\"https:\/\/blogsaverroes.juntadeandalucia.es\/ceiptartessospedrera\/files\/2024\/02\/ANEXO-IV-INFANTIL.pdf\">ANEXO IV INFANTIL<\/a><\/p>\n<p><a href=\"https:\/\/blogsaverroes.juntadeandalucia.es\/ceiptartessospedrera\/files\/2024\/02\/ANEXO-V-PRIMARIA.pdf\">ANEXO V PRIMARIA<\/a><\/p>\n<p><a href=\"https:\/\/blogsaverroes.juntadeandalucia.es\/ceiptartessospedrera\/files\/2024\/02\/ANEXO-VI-AULA-ESPEC\u00cdFICA.pdf\">ANEXO VI AULA ESPEC\u00cdFICA<\/a><\/p>\n<p><a href=\"https:\/\/blogsaverroes.juntadeandalucia.es\/ceiptartessospedrera\/files\/2024\/02\/Cuestionario-FondoSocial-Europeo.pdf\">Cuestionario FondoSocial Europeo<\/a><\/p>\n<p><a href=\"https:\/\/blogsaverroes.juntadeandalucia.es\/ceiptartessospedrera\/files\/2025\/03\/Anexo-Proteccion-de-datos.pdf\">Anexo Protecci\u00f3n de datos<\/a><\/p>\n<p>ACTIVIDADES EXTRAESCOLARES:<\/p>\n<p>Resoluci\u00f3n de 4 de marzo de 2025, de la Direcci\u00f3n General de Planificaci\u00f3n,<br \/>\nCentros y Ense\u00f1anza Concertada, por la que se establece el calendario de<br \/>\nactuaciones en el procedimiento de admisi\u00f3n del alumnado en los servicios<br \/>\ncomplementarios de aula matinal, comedor escolar y actividades extraescolares<br \/>\npara el curso escolar 202526.<\/p>\n<p><a href=\"https:\/\/blogsaverroes.juntadeandalucia.es\/ceiptartessospedrera\/files\/2025\/03\/BOJA-ACTIVIDADES-EXTRAESCOLARES.pdf\">BOJA ACTIVIDADES EXTRAESCOLARES<\/a><\/p>\n<p><a href=\"https:\/\/blogsaverroes.juntadeandalucia.es\/ceiptartessospedrera\/files\/2025\/03\/SOLICITUD-AULA-MATINALCOMEDOR-y-ACTIVIDADES-EXTRAESCOLARES.-CURSO-25-26.pdf\">SOLICITUD AULA MATINAL,COMEDOR y ACTIVIDADES EXTRAESCOLARES. CURSO 25-26<\/a><\/p>\n<p>&nbsp;<\/p>\n<p>&nbsp;<\/p>\n<p>&nbsp;<\/p>\n<p>&nbsp;<\/p>\n<p>&nbsp;<\/p>\n<p>&nbsp;<\/p>\n<p>&nbsp;<\/p>\n<p>&nbsp;<\/p>\n","protected":false},"excerpt":{"rendered":"<p>La Secretar\u00eda desarrolla muchas funciones importantes en la vida de un centro, especialmente en la relaci\u00f3n que mantiene con las familias en los diferentes tr\u00e1mites administrativos a lo largo de la escolarizaci\u00f3n: admisi\u00f3n, matr\u00edcula,&#46;&#46;&#46;<\/p>\n","protected":false},"author":1,"featured_media":0,"parent":0,"menu_order":0,"comment_status":"open","ping_status":"open","template":"page-templates\/child-menu.php","meta":{"ngg_post_thumbnail":0,"footnotes":"","_mc_calendar":[]},"aioseo_notices":[],"_links":{"self":[{"href":"https:\/\/blogsaverroes.juntadeandalucia.es\/ceiptartessospedrera\/wp-json\/wp\/v2\/pages\/77"}],"collection":[{"href":"https:\/\/blogsaverroes.juntadeandalucia.es\/ceiptartessospedrera\/wp-json\/wp\/v2\/pages"}],"about":[{"href":"https:\/\/blogsaverroes.juntadeandalucia.es\/ceiptartessospedrera\/wp-json\/wp\/v2\/types\/page"}],"author":[{"embeddable":true,"href":"https:\/\/blogsaverroes.juntadeandalucia.es\/ceiptartessospedrera\/wp-json\/wp\/v2\/users\/1"}],"replies":[{"embeddable":true,"href":"https:\/\/blogsaverroes.juntadeandalucia.es\/ceiptartessospedrera\/wp-json\/wp\/v2\/comments?post=77"}],"version-history":[{"count":16,"href":"https:\/\/blogsaverroes.juntadeandalucia.es\/ceiptartessospedrera\/wp-json\/wp\/v2\/pages\/77\/revisions"}],"predecessor-version":[{"id":3203,"href":"https:\/\/blogsaverroes.juntadeandalucia.es\/ceiptartessospedrera\/wp-json\/wp\/v2\/pages\/77\/revisions\/3203"}],"wp:attachment":[{"href":"https:\/\/blogsaverroes.juntadeandalucia.es\/ceiptartessospedrera\/wp-json\/wp\/v2\/media?parent=77"}],"curies":[{"name":"wp","href":"https:\/\/api.w.org\/{rel}","templated":true}]}}