{"id":869,"date":"2015-03-16T07:03:52","date_gmt":"2015-03-16T07:03:52","guid":{"rendered":"http:\/\/blogsaverroes.juntadeandalucia.es\/pre\/ceip\/?page_id=84"},"modified":"2025-11-12T12:01:30","modified_gmt":"2025-11-12T12:01:30","slug":"calendario-escolar","status":"publish","type":"page","link":"https:\/\/blogsaverroes.juntadeandalucia.es\/ceiptartessospedrera\/calendario-escolar\/","title":{"rendered":"Calendario escolar"},"content":{"rendered":"<p>Calendario escolar curso 25\/26<\/p>\n<p>A continuaci\u00f3n se adjunta el calendario escolar para este curso 2025\/26.<\/p>\n<p><a href=\"https:\/\/blogsaverroes.juntadeandalucia.es\/ceiptartessospedrera\/files\/2025\/11\/Calendario-escolar-2025-26.pdf\">Calendario escolar 2025-26<\/a><\/p>\n<p>Adem\u00e1s hay que a\u00f1adir&nbsp; los 2 d\u00edas de libre disposici\u00f3n que se han establecido en el consejo escolar municipal. Estos dos d\u00edas no lectivos son los siguientes:<\/p>\n<p>-20 de febrero de 2026<\/p>\n<p>-4 de mayo de 2026<\/p>\n<p>Y los dos d\u00edas de fiesta local:<\/p>\n<p>-19 de febrero de 2026<\/p>\n<p>&#8211; 12 de junio de 2025<\/p>\n","protected":false},"excerpt":{"rendered":"<p>Calendario escolar curso 25\/26 A continuaci\u00f3n se adjunta el calendario escolar para este curso 2025\/26. Calendario escolar 2025-26 Adem\u00e1s hay que a\u00f1adir&nbsp; los 2 d\u00edas de libre disposici\u00f3n que se han establecido en el&#46;&#46;&#46;<\/p>\n","protected":false},"author":1,"featured_media":0,"parent":0,"menu_order":0,"comment_status":"open","ping_status":"open","template":"page-templates\/child-menu.php","meta":{"ngg_post_thumbnail":0,"footnotes":"","_mc_calendar":[]},"aioseo_notices":[],"_links":{"self":[{"href":"https:\/\/blogsaverroes.juntadeandalucia.es\/ceiptartessospedrera\/wp-json\/wp\/v2\/pages\/869"}],"collection":[{"href":"https:\/\/blogsaverroes.juntadeandalucia.es\/ceiptartessospedrera\/wp-json\/wp\/v2\/pages"}],"about":[{"href":"https:\/\/blogsaverroes.juntadeandalucia.es\/ceiptartessospedrera\/wp-json\/wp\/v2\/types\/page"}],"author":[{"embeddable":true,"href":"https:\/\/blogsaverroes.juntadeandalucia.es\/ceiptartessospedrera\/wp-json\/wp\/v2\/users\/1"}],"replies":[{"embeddable":true,"href":"https:\/\/blogsaverroes.juntadeandalucia.es\/ceiptartessospedrera\/wp-json\/wp\/v2\/comments?post=869"}],"version-history":[{"count":13,"href":"https:\/\/blogsaverroes.juntadeandalucia.es\/ceiptartessospedrera\/wp-json\/wp\/v2\/pages\/869\/revisions"}],"predecessor-version":[{"id":3260,"href":"https:\/\/blogsaverroes.juntadeandalucia.es\/ceiptartessospedrera\/wp-json\/wp\/v2\/pages\/869\/revisions\/3260"}],"wp:attachment":[{"href":"https:\/\/blogsaverroes.juntadeandalucia.es\/ceiptartessospedrera\/wp-json\/wp\/v2\/media?parent=869"}],"curies":[{"name":"wp","href":"https:\/\/api.w.org\/{rel}","templated":true}]}}