{"id":141,"date":"2015-03-17T07:13:24","date_gmt":"2015-03-17T07:13:24","guid":{"rendered":"http:\/\/blogsaverroes.juntadeandalucia.es\/pre\/ceip\/?page_id=141"},"modified":"2026-03-01T18:56:22","modified_gmt":"2026-03-01T17:56:22","slug":"escolarizacion","status":"publish","type":"page","link":"https:\/\/blogsaverroes.juntadeandalucia.es\/ceipteresadejesus\/escolarizacion\/","title":{"rendered":"Escolarizaci\u00f3n"},"content":{"rendered":"<p>Esta secci\u00f3n contiene cuanta informaci\u00f3n sea de utilidad para las familias a la hora de de iniciar el proceso de escolarizaci\u00f3n: plazos, documentos, normativa, enlaces, etc.<\/p>\n<p><a href=\"https:\/\/www.juntadeandalucia.es\/educacion\/portales\/web\/escolarizacion\/infantil-a-bachillerato\"><strong>Enlace al portal de escolarizaci\u00f3n.<\/strong><\/a><\/p>\n<p><strong><a title=\"Procedimiento\" href=\"https:\/\/www.juntadeandalucia.es\/educacion\/portales\/web\/escolarizacion\/infantil-a-bachillerato\/normativa\" target=\"_blank\" rel=\"noopener noreferrer\">Normativa<\/a><\/strong>&nbsp; &nbsp;sobre el proceso de escolarizaci\u00f3n.<\/p>\n<p>ENLACE <a href=\"https:\/\/secretariavirtual.juntadeandalucia.es\/secretariavirtual\/accesoTramite\/543\/\">Admisi\u00f3n en centros docentes p\u00fablicos y privados concertados para cursar las Ense\u00f1anzas de Segundo Ciclo de Educaci\u00f3n Infantil, Educaci\u00f3n Primaria, Educaci\u00f3n Secundaria Obligatoria y Bachillerato<\/a><\/p>\n<p><strong>DOCUMENTACI\u00d3N NECESARIA:<\/strong><\/p>\n<div class=\"inner_cuerpo\">\n<ul>\n<li><strong>Solicitud de admisi\u00f3n:&nbsp;<a href=\"https:\/\/www.juntadeandalucia.es\/educacion\/portals\/delegate\/content\/7e1d7b27-eaa4-42e7-bfa3-ac436db80ed6\/ANEXO%20III\" target=\"_blank\" rel=\"noopener\">ANEXO III.&nbsp;<\/a><a title=\"Pulse para visualizar el documento:&nbsp;ANEXO III\" href=\"https:\/\/www.juntadeandalucia.es\/educacion\/portales\/documents\/100629\/669352\/3_Anexo%20III_002535_5.pdf\/16050806-cd1f-89da-678f-001bb54aab73?version=1.0\" target=\"_blank\" rel=\"noopener\">Solicitud de admisi\u00f3n en segundo ciclo de Educaci\u00f3n Infantil, Educaci\u00f3n Primaria, Educaci\u00f3n Especial, E.S.O. y Bachillerato (v\u00e1lido del 1 al 31 de Marzo).<\/a><\/strong><\/li>\n<li>Fotocopia del Libro de Familia (p\u00e1gina que aparece la ni\u00f1a\/el ni\u00f1o).<\/li>\n<li>DNI\/NIE de los progenitores, tutores legales.<\/li>\n<li>En el caso de alumnos\/as procedentes de otro colegio deben traer el certificado del curso que est\u00e1n realizando actualmente.<\/li>\n<\/ul>\n<\/div>\n<div class=\"inner_cuerpo\">\n<p><span style=\"text-decoration: underline\"><strong>IMPORTANTE:<\/strong><\/span><\/p>\n<p><strong><u>**Para aquellas personas que se opongan al cruce de datos por parte de la Consejer\u00eda competente (casilla 7.1 y 7.2), deber\u00e1n aportar la documentaci\u00f3n que acredite las circunstancias alegadas:<\/u><\/strong><\/p>\n<ul>\n<li>Certificado de Empadronamiento (domicilio familiar).<\/li>\n<li>Acreditaci\u00f3n de la condici\u00f3n de Familia Numerosa, monoparental, en su caso.<\/li>\n<li>Certificado de discapacidad, en su caso.<\/li>\n<li>Certificado de Matr\u00edcula en 1\u00ba ciclo de Infantil, en su caso.<\/li>\n<li>Declaraci\u00f3n de la RENTA 2024, o documento justificativo.<\/li>\n<li>Cualquier otra documentaci\u00f3n que acredite una circunstancia especial referida en el Anexo III.<\/li>\n<\/ul>\n<\/div>\n","protected":false},"excerpt":{"rendered":"<p>Esta secci\u00f3n contiene cuanta informaci\u00f3n sea de utilidad para las familias a la hora de de iniciar el proceso de escolarizaci\u00f3n: plazos, documentos, normativa, enlaces, etc. Enlace al portal de escolarizaci\u00f3n. Normativa&nbsp; &nbsp;sobre el&#46;&#46;&#46;<\/p>\n","protected":false},"author":1,"featured_media":0,"parent":0,"menu_order":0,"comment_status":"closed","ping_status":"open","template":"","meta":{"ngg_post_thumbnail":0,"footnotes":"","_mc_calendar":[]},"aioseo_notices":[],"_links":{"self":[{"href":"https:\/\/blogsaverroes.juntadeandalucia.es\/ceipteresadejesus\/wp-json\/wp\/v2\/pages\/141"}],"collection":[{"href":"https:\/\/blogsaverroes.juntadeandalucia.es\/ceipteresadejesus\/wp-json\/wp\/v2\/pages"}],"about":[{"href":"https:\/\/blogsaverroes.juntadeandalucia.es\/ceipteresadejesus\/wp-json\/wp\/v2\/types\/page"}],"author":[{"embeddable":true,"href":"https:\/\/blogsaverroes.juntadeandalucia.es\/ceipteresadejesus\/wp-json\/wp\/v2\/users\/1"}],"replies":[{"embeddable":true,"href":"https:\/\/blogsaverroes.juntadeandalucia.es\/ceipteresadejesus\/wp-json\/wp\/v2\/comments?post=141"}],"version-history":[{"count":12,"href":"https:\/\/blogsaverroes.juntadeandalucia.es\/ceipteresadejesus\/wp-json\/wp\/v2\/pages\/141\/revisions"}],"predecessor-version":[{"id":3781,"href":"https:\/\/blogsaverroes.juntadeandalucia.es\/ceipteresadejesus\/wp-json\/wp\/v2\/pages\/141\/revisions\/3781"}],"wp:attachment":[{"href":"https:\/\/blogsaverroes.juntadeandalucia.es\/ceipteresadejesus\/wp-json\/wp\/v2\/media?parent=141"}],"curies":[{"name":"wp","href":"https:\/\/api.w.org\/{rel}","templated":true}]}}