{"id":2235,"date":"2016-01-19T14:16:48","date_gmt":"2016-01-19T13:16:48","guid":{"rendered":"http:\/\/blogsaverroes.juntadeandalucia.es\/ceipteresadejesus\/?page_id=2235"},"modified":"2017-09-11T16:21:33","modified_gmt":"2017-09-11T15:21:33","slug":"datos-del-centro2","status":"publish","type":"page","link":"https:\/\/blogsaverroes.juntadeandalucia.es\/ceipteresadejesus\/datos-del-centro2\/","title":{"rendered":"Datos del centro2"},"content":{"rendered":"<h3>D\u00f3nde estamos:<br \/>\n<iframe loading=\"lazy\" src=\"https:\/\/www.google.com\/maps\/embed?pb=!1m14!1m8!1m3!1d12785.394109205043!2d-2.806185987866212!3d36.76220559254744!3m2!1i1024!2i768!4f13.1!3m3!1m2!1s0x0%3A0x872f6e05d565fdae!2sCEIP+Teresa+de+Jes%C3%BAs!5e0!3m2!1ses!2ses!4v1453208769886\" width=\"600\" height=\"450\" frameborder=\"0\"><\/iframe><\/h3>\n<h3>Datos b\u00e1sicos:<\/h3>\n<ul>\n<li><b>C\u00f3digo:<\/b>&nbsp;04005430<\/li>\n<li><b>Centro:<\/b>&nbsp;C.E.I.P.&nbsp;Teresa de Jes\u00fas<\/li>\n<li><b>Domicilio:<\/b>&nbsp;C\/ Chopin, 11<\/li>\n<li><b>Localidad:<\/b>&nbsp;El Ejido<\/li>\n<li><b>Provincia:<\/b>&nbsp;Almer\u00eda<\/li>\n<li><b>C\u00f3digo postal:<\/b>&nbsp;04700<\/li>\n<li><b>Tel\u00e9fonos:<\/b>\n<ul>\n<li>Secretaria: 950579830 \/ 792830 (corporativo)<\/li>\n<li>Direcci\u00f3n: 671530391 \/ 630391 (corporativo)<\/li>\n<li>Direcci\u00f3n: 628586734<\/li>\n<\/ul>\n<\/li>\n<li><b>Fax:<\/b>&nbsp;950579831 \/ 792831<\/li>\n<li><b>email:<\/b>&nbsp; 04005430.edu@juntadeandalucia.es<\/li>\n<li>web actual: &nbsp;http:\/\/blogsaverroes.juntadeandalucia.es\/ceipteresadejesus\/<\/li>\n<\/ul>\n<h3>Oferta Educativa:<\/h3>\n<ul>\n<li>Segundo ciclo de Educaci\u00f3n Infantil<\/li>\n<li>Educaci\u00f3n Primaria<\/li>\n<li>Educaci\u00f3n B\u00e1sica Especial\n<ul>\n<li><img decoding=\"async\" src=\"http:\/\/vscripts.ced.junta-andalucia.es\/centros\/archivos\/bullet03.gif\" alt=\"\">&nbsp;Educaci\u00f3n especial apoyo a la integraci\u00f3n<\/li>\n<\/ul>\n<\/li>\n<\/ul>\n<h3>Servicios:<\/h3>\n<ul>\n<li><img decoding=\"async\" src=\"http:\/\/vscripts.ced.junta-andalucia.es\/centros\/archivos\/bullet03.gif\" alt=\"\">&nbsp; Plan de apertura. Comedor<\/li>\n<li><img decoding=\"async\" src=\"http:\/\/vscripts.ced.junta-andalucia.es\/centros\/archivos\/bullet03.gif\" alt=\"\">&nbsp; Plan de apertura. Aula matinal<\/li>\n<li><img decoding=\"async\" src=\"http:\/\/vscripts.ced.junta-andalucia.es\/centros\/archivos\/bullet03.gif\" alt=\"\">&nbsp; Plan de apertura. Actividades extraescolares<\/li>\n<\/ul>\n<p>&nbsp;<\/p>\n<p>&nbsp;<\/p>\n","protected":false},"excerpt":{"rendered":"<p>D\u00f3nde estamos: Datos b\u00e1sicos: C\u00f3digo:&nbsp;04005430 Centro:&nbsp;C.E.I.P.&nbsp;Teresa de Jes\u00fas Domicilio:&nbsp;C\/ Chopin, 11 Localidad:&nbsp;El Ejido Provincia:&nbsp;Almer\u00eda C\u00f3digo postal:&nbsp;04700 Tel\u00e9fonos: Secretaria: 950579830 \/ 792830 (corporativo) Direcci\u00f3n: 671530391 \/ 630391 (corporativo) Direcci\u00f3n: 628586734 Fax:&nbsp;950579831 \/ 792831 email:&nbsp; 04005430.edu@juntadeandalucia.es&#46;&#46;&#46;<\/p>\n","protected":false},"author":1,"featured_media":0,"parent":0,"menu_order":0,"comment_status":"open","ping_status":"open","template":"","meta":{"ngg_post_thumbnail":0,"footnotes":"","_mc_calendar":[]},"aioseo_notices":[],"_links":{"self":[{"href":"https:\/\/blogsaverroes.juntadeandalucia.es\/ceipteresadejesus\/wp-json\/wp\/v2\/pages\/2235"}],"collection":[{"href":"https:\/\/blogsaverroes.juntadeandalucia.es\/ceipteresadejesus\/wp-json\/wp\/v2\/pages"}],"about":[{"href":"https:\/\/blogsaverroes.juntadeandalucia.es\/ceipteresadejesus\/wp-json\/wp\/v2\/types\/page"}],"author":[{"embeddable":true,"href":"https:\/\/blogsaverroes.juntadeandalucia.es\/ceipteresadejesus\/wp-json\/wp\/v2\/users\/1"}],"replies":[{"embeddable":true,"href":"https:\/\/blogsaverroes.juntadeandalucia.es\/ceipteresadejesus\/wp-json\/wp\/v2\/comments?post=2235"}],"version-history":[{"count":5,"href":"https:\/\/blogsaverroes.juntadeandalucia.es\/ceipteresadejesus\/wp-json\/wp\/v2\/pages\/2235\/revisions"}],"predecessor-version":[{"id":2640,"href":"https:\/\/blogsaverroes.juntadeandalucia.es\/ceipteresadejesus\/wp-json\/wp\/v2\/pages\/2235\/revisions\/2640"}],"wp:attachment":[{"href":"https:\/\/blogsaverroes.juntadeandalucia.es\/ceipteresadejesus\/wp-json\/wp\/v2\/media?parent=2235"}],"curies":[{"name":"wp","href":"https:\/\/api.w.org\/{rel}","templated":true}]}}