{"id":2238,"date":"2016-01-19T18:10:21","date_gmt":"2016-01-19T17:10:21","guid":{"rendered":"http:\/\/blogsaverroes.juntadeandalucia.es\/ceipteresadejesus\/?page_id=2238"},"modified":"2018-09-22T16:02:14","modified_gmt":"2018-09-22T15:02:14","slug":"noticias","status":"publish","type":"page","link":"https:\/\/blogsaverroes.juntadeandalucia.es\/ceipteresadejesus\/noticias\/","title":{"rendered":"Noticias"},"content":{"rendered":"<p>Bienvenid@s al curso escolar 2018\/2019.<\/p>\n<p>L@s padres y madre4s no s\u00f3lo tenemos el derecho a participar en los centros educativos sino que tenemos la obligaci\u00f3n de hacerlo. Es mucho lo que podemos aportar a la educaci\u00f3n de nuestr@s hijos e hijas.<\/p>\n<p>Las tres formas m\u00e1s importantes de participaci\u00f3n que tenemos las familias son:<\/p>\n<p><em><strong>CONSEJO ESCOLAR:<\/strong><\/em>\u00a0 Este a\u00f1o hay elecciones al consejo escolar. El consejo escolar es donde se toman las decisiones m\u00e1s importantes para el centro y por tanto para nuestr@s hij@s. En el se deciden cosas sobre el funcionamiento, normas o presupuestos y tambi\u00e9n es donde se pueden hacer propuestas de mejora.<\/p>\n<p>Se pueden presentar cualquier\u00a0 padre o madre del centro. Si no os pod\u00e9is presentar a consejer@s, porque nuestras circunstancias personales no nos lo permitan, aun as\u00ed deb\u00e9is participar votando.<\/p>\n<p>Aquello@s que no puedan venir a votar el d\u00eda de las elecciones pueden votar mediante correo certificado, o bien mediante el sistema del\u00a0 doble sobre (fotocopia del DNI y firma en el sobre exterior y el\u00a0 voto en el sobre cerrado), y lo pueden traer al centro nuestr@s hij@s. La AMPA ppor su parte apoyar\u00e1 a tod@s l@s candidat@s, mediante la elaboraci\u00f3n de carteles en los que se les mostrar\u00e1, para\u00a0\u00a0\u00a0\u00a0 saber a qui\u00e9n podemos votar.<\/p>\n<p>Y mediante la realizaci\u00f3n de cursos formativos para conocer las funciones del cosejo escolar.<\/p>\n<p><em><strong>DELEGAD@ DE CLASE DE PADRES Y MADRES: <\/strong><\/em>Sus funciones principales son las de mediar, asesorar y velar por el buen\u00a0 funcionamiento de la clase. Ser\u00e1, tambi\u00e9n, un enlace de comunicaci\u00f3n entre profesores y familias de la clase, as\u00ed como con la AMPA.<\/p>\n<p>Recordad la importancia de que el delegad@ tenga el tel\u00e9fono de los padres y madres de la clase para facilitar la comunicaci\u00f3n.<\/p>\n<p>Al igual que con el tema de l@s consejer@s escolares, la AMPA, facilitar\u00e1 la formaci\u00f3n a l@s delegad@s.<\/p>\n<p><em><strong>LA AMPA Y SUS ACTIVIDADES:<\/strong><\/em> Necesitamos todas aquellas ideas y aportaciones que las famlias nos puedan hacer: propuestas de actividades, talleres formativos&#8230;<\/p>\n<p>Cualquiera puede formar parte de la AMPA mediante la participaci\u00f3n y propuesta de actividades.<\/p>\n<p>Para participar en las actividades que organizamos, ten\u00e9is que apuntarse. Tod@s l@s que se apuntan participan, ya que en cada actividad participan diferentes personas. Todas las actividades son importantes, fiestas o no, al principio y al final del curso. Si alguien\u00a0 tiene inter\u00e9s en participar en una actividad en concreto, que lo diga y en la medida que sea posible lo tendremos en cuenta.<\/p>\n<p>La AMPA\u00a0 somos tod@s. Esperamos vuestra participaci\u00f3n y para lo que necesit\u00e9is, aqu\u00ed estamos.<\/p>\n<p>&nbsp;<\/p>\n","protected":false},"excerpt":{"rendered":"<p>Bienvenid@s al curso escolar 2018\/2019. L@s padres y madre4s no s\u00f3lo tenemos el derecho a participar en los centros educativos sino que tenemos la obligaci\u00f3n de hacerlo. Es mucho lo que podemos aportar a&#46;&#46;&#46;<\/p>\n","protected":false},"author":2803,"featured_media":0,"parent":0,"menu_order":0,"comment_status":"open","ping_status":"open","template":"","meta":{"ngg_post_thumbnail":0,"footnotes":"","_mc_calendar":[]},"aioseo_notices":[],"_links":{"self":[{"href":"https:\/\/blogsaverroes.juntadeandalucia.es\/ceipteresadejesus\/wp-json\/wp\/v2\/pages\/2238"}],"collection":[{"href":"https:\/\/blogsaverroes.juntadeandalucia.es\/ceipteresadejesus\/wp-json\/wp\/v2\/pages"}],"about":[{"href":"https:\/\/blogsaverroes.juntadeandalucia.es\/ceipteresadejesus\/wp-json\/wp\/v2\/types\/page"}],"author":[{"embeddable":true,"href":"https:\/\/blogsaverroes.juntadeandalucia.es\/ceipteresadejesus\/wp-json\/wp\/v2\/users\/2803"}],"replies":[{"embeddable":true,"href":"https:\/\/blogsaverroes.juntadeandalucia.es\/ceipteresadejesus\/wp-json\/wp\/v2\/comments?post=2238"}],"version-history":[{"count":4,"href":"https:\/\/blogsaverroes.juntadeandalucia.es\/ceipteresadejesus\/wp-json\/wp\/v2\/pages\/2238\/revisions"}],"predecessor-version":[{"id":2751,"href":"https:\/\/blogsaverroes.juntadeandalucia.es\/ceipteresadejesus\/wp-json\/wp\/v2\/pages\/2238\/revisions\/2751"}],"wp:attachment":[{"href":"https:\/\/blogsaverroes.juntadeandalucia.es\/ceipteresadejesus\/wp-json\/wp\/v2\/media?parent=2238"}],"curies":[{"name":"wp","href":"https:\/\/api.w.org\/{rel}","templated":true}]}}