{"id":82,"date":"2015-03-16T06:59:55","date_gmt":"2015-03-16T06:59:55","guid":{"rendered":"http:\/\/blogsaverroes.juntadeandalucia.es\/pre\/ceip\/?page_id=82"},"modified":"2024-09-20T12:56:47","modified_gmt":"2024-09-20T11:56:47","slug":"horarios","status":"publish","type":"page","link":"https:\/\/blogsaverroes.juntadeandalucia.es\/ceipteresadejesus\/horarios\/","title":{"rendered":"Horarios"},"content":{"rendered":"<p><a href=\"https:\/\/blogsaverroes.juntadeandalucia.es\/ceipteresadejesus\/files\/2024\/09\/HORARIOS-2024-25-por-unidades.pdf\">HORARIOS 2024-25 por unidades<\/a><\/p>\n<p>&nbsp;<\/p>\n<p>En caso de confinamiento, los horarios a aplicar ser\u00edan los previstos en nuestro PROTOCOLO COVID:<\/p>\n<p><a href=\"https:\/\/blogsaverroes.juntadeandalucia.es\/ceipteresadejesus\/files\/2021\/09\/PROTOCOLO-COVID-19-Teresa-06-09-21.pdf\">PROTOCOLO COVID-19 Teresa 06-09-21<\/a><\/p>\n<p>&nbsp;<\/p>\n<p><strong><u>HORARIO del Centro:<\/u><\/strong><strong>&nbsp;&nbsp;&nbsp; Lunes a viernes<\/strong> <strong>de 9.00 a 14.00 horas<\/strong>&nbsp; (durante todo el curso).<\/p>\n<p><strong><u>SECRETARIA Y DIRECCI\u00d3N<\/u><\/strong>:&nbsp;&nbsp;&nbsp; <strong>Todos los d\u00edas de 9.15 a 10.00h.<\/strong><\/p>\n<p><strong><u>AULA MATINAL<\/u><\/strong><strong>: &nbsp; Lunes a viernes de 7:30 a 9:00 h.&nbsp;<\/strong>(durante todo el curso).<\/p>\n<p><strong><u>COMEDOR<\/u><\/strong><strong>: &nbsp; Lunes a viernes de 14 a 16:00 h.<\/strong> (durante todo el curso).<\/p>\n<p><strong><u>ACTIVIDADES EXTRAESCOLARES<\/u><\/strong><strong>: &nbsp; Lunes a jueves de 16:00 a 18:00 h.&nbsp;<\/strong>(seg\u00fan actividad)&nbsp;<\/p>\n<p><span style=\"text-decoration: underline\">INGL\u00c9S:<\/span> &nbsp;lunes y mi\u00e9rcoles de 16:00 a 17:00 h.<\/p>\n<p><span style=\"text-decoration: underline\">INFORM\u00c1TICA:<\/span> &nbsp; martes y jueves&nbsp;de 16:00 a 17:00 h.<\/p>\n<p>(desde el 1 de octubre hasta el 31 de mayo).<\/p>\n<p><span style=\"text-decoration: underline\"><strong>ESCUELAS DEPORTIVAS:<\/strong> <\/span>&nbsp; martes y jueves de 17:00 a 18:00 h. ( actividad totalmente gratuita)<\/p>\n<p>(desde mediados de noviembre hasta 31 de mayo)<\/p>\n<p><strong><u>TUTOR\u00cdA:<\/u><\/strong>&nbsp; &nbsp;&nbsp;<strong>Lunes&nbsp; de 16.00 a 17.00 horas <\/strong>&nbsp;(cita previa)<\/p>\n<p><strong><u>REUNIONES TUTORIALES<\/u><\/strong><strong>: &nbsp;<\/strong>Tendr\u00e1n lugar antes de la finalizaci\u00f3n del mes de&nbsp; noviembre, previa &nbsp;notificaci\u00f3n del tutor o tutora correspondiente.<\/p>\n","protected":false},"excerpt":{"rendered":"<p>HORARIOS 2024-25 por unidades &nbsp; En caso de confinamiento, los horarios a aplicar ser\u00edan los previstos en nuestro PROTOCOLO COVID: PROTOCOLO COVID-19 Teresa 06-09-21 &nbsp; HORARIO del Centro:&nbsp;&nbsp;&nbsp; Lunes a viernes de 9.00 a&#46;&#46;&#46;<\/p>\n","protected":false},"author":1,"featured_media":0,"parent":0,"menu_order":0,"comment_status":"closed","ping_status":"open","template":"page-cs.php","meta":{"ngg_post_thumbnail":0,"footnotes":"","_mc_calendar":[]},"aioseo_notices":[],"_links":{"self":[{"href":"https:\/\/blogsaverroes.juntadeandalucia.es\/ceipteresadejesus\/wp-json\/wp\/v2\/pages\/82"}],"collection":[{"href":"https:\/\/blogsaverroes.juntadeandalucia.es\/ceipteresadejesus\/wp-json\/wp\/v2\/pages"}],"about":[{"href":"https:\/\/blogsaverroes.juntadeandalucia.es\/ceipteresadejesus\/wp-json\/wp\/v2\/types\/page"}],"author":[{"embeddable":true,"href":"https:\/\/blogsaverroes.juntadeandalucia.es\/ceipteresadejesus\/wp-json\/wp\/v2\/users\/1"}],"replies":[{"embeddable":true,"href":"https:\/\/blogsaverroes.juntadeandalucia.es\/ceipteresadejesus\/wp-json\/wp\/v2\/comments?post=82"}],"version-history":[{"count":19,"href":"https:\/\/blogsaverroes.juntadeandalucia.es\/ceipteresadejesus\/wp-json\/wp\/v2\/pages\/82\/revisions"}],"predecessor-version":[{"id":3548,"href":"https:\/\/blogsaverroes.juntadeandalucia.es\/ceipteresadejesus\/wp-json\/wp\/v2\/pages\/82\/revisions\/3548"}],"wp:attachment":[{"href":"https:\/\/blogsaverroes.juntadeandalucia.es\/ceipteresadejesus\/wp-json\/wp\/v2\/media?parent=82"}],"curies":[{"name":"wp","href":"https:\/\/api.w.org\/{rel}","templated":true}]}}