{"id":113,"date":"2015-03-16T08:06:00","date_gmt":"2015-03-16T08:06:00","guid":{"rendered":"http:\/\/blogsaverroes.juntadeandalucia.es\/pre\/ceip\/?page_id=113"},"modified":"2020-06-24T21:47:38","modified_gmt":"2020-06-24T19:47:38","slug":"biblioteca","status":"publish","type":"page","link":"https:\/\/blogsaverroes.juntadeandalucia.es\/ceiptetuan\/biblioteca\/","title":{"rendered":"Biblioteca"},"content":{"rendered":"<p><iframe loading=\"lazy\" title=\"Bibliotecas escolares de Andaluc\u00eda al servicio de la comunidad educativa\" width=\"500\" height=\"281\" src=\"https:\/\/www.youtube.com\/embed\/N_rrGePF_zM?feature=oembed&#038;wmode=opaque\" frameborder=\"0\" allow=\"accelerometer; autoplay; clipboard-write; encrypted-media; gyroscope; picture-in-picture\" allowfullscreen><\/iframe><\/p>\n<p><a title=\"Bibliotecas escolares\" href=\"http:\/\/www.juntadeandalucia.es\/educacion\/webportal\/web\/lecturas-y-bibliotecas-escolares\/bibliotecas-escolares\" target=\"_blank\" rel=\"noopener noreferrer\">Enlace al portal sobre las Bibliotecas Escolares.<\/a><\/p>\n<p>&nbsp;<\/p>\n<h3>&nbsp; &nbsp; <strong>En abril de 2014, por votaci\u00f3n de nuestro alumnado, la Biblioteca del CEIP Tetu\u00e1n&nbsp; adopt\u00f3 el nombre de <a href=\"https:\/\/vuelaconmigobiblioteca.blogspot.com\/2014\/07\/actividades-realizadas-en-nuestra.html\">BIBLIOTECA VUELA CONMIGO<\/a>.<\/strong><\/h3>\n<h3><strong>&nbsp; &nbsp;Dos a\u00f1os y medio despu\u00e9s, el 16 de diciembre de 2016, con motivo de la celebraci\u00f3n del D\u00eda de la Lectura en Andaluc\u00eda, decidimos rebautizarla con el nombre de una escritora, poetisa y empresaria&nbsp; andaluza, muy&nbsp; vinculada a nuestra ciudad: Yolanda S\u00e1enz de Tejada. Pero conservando tambi\u00e9n su nombre de origen; as\u00ed que nuestra biblioteca actualmente tiene por nombre <a href=\"https:\/\/vuelaconmigobiblioteca.blogspot.com\/search?q=REINAUGURACI%C3%93N\">BIBLIOTECA YOLANDA S\u00c1ENZ DE TEJADA VUELA CONMIGO<\/a>.&nbsp;<\/strong><\/h3>\n<h3><strong>Esta es la direcci\u00f3n de nuestro blog: <a href=\"https:\/\/vuelaconmigobiblioteca.blogspot.com\/\">https:\/\/vuelaconmigobiblioteca.blogspot.com\/<\/a><\/strong><\/h3>\n<h3><strong>En \u00e9l encontrar\u00e1s todos los eventos realizados en nuestro centro vinculados con la biblioteca, lecturas, animaci\u00f3n a la lectura, entretenimientos, recomendaciones a las familias y muchas cosas m\u00e1s.<\/strong><\/h3>\n<p style=\"text-align: center\"><a href=\"https:\/\/vuelaconmigobiblioteca.blogspot.com\/\"><img loading=\"lazy\" decoding=\"async\" class=\"alignnone wp-image-3192\" src=\"https:\/\/blogsaverroes.juntadeandalucia.es\/ceiptetuan\/files\/2020\/06\/Sin-t\u00edtulo-16-300x80.jpg\" alt=\"\" width=\"643\" height=\"172\" srcset=\"https:\/\/blogsaverroes.juntadeandalucia.es\/ceiptetuan\/files\/2020\/06\/Sin-t\u00edtulo-16-300x80.jpg 300w, https:\/\/blogsaverroes.juntadeandalucia.es\/ceiptetuan\/files\/2020\/06\/Sin-t\u00edtulo-16-768x204.jpg 768w, https:\/\/blogsaverroes.juntadeandalucia.es\/ceiptetuan\/files\/2020\/06\/Sin-t\u00edtulo-16-1024x272.jpg 1024w, https:\/\/blogsaverroes.juntadeandalucia.es\/ceiptetuan\/files\/2020\/06\/Sin-t\u00edtulo-16-24x6.jpg 24w, https:\/\/blogsaverroes.juntadeandalucia.es\/ceiptetuan\/files\/2020\/06\/Sin-t\u00edtulo-16-36x10.jpg 36w, https:\/\/blogsaverroes.juntadeandalucia.es\/ceiptetuan\/files\/2020\/06\/Sin-t\u00edtulo-16-48x13.jpg 48w, https:\/\/blogsaverroes.juntadeandalucia.es\/ceiptetuan\/files\/2020\/06\/Sin-t\u00edtulo-16.jpg 1530w\" sizes=\"(max-width: 643px) 100vw, 643px\" \/><\/a><\/p>\n","protected":false},"excerpt":{"rendered":"<p>Enlace al portal sobre las Bibliotecas Escolares. &nbsp; &nbsp; &nbsp; En abril de 2014, por votaci\u00f3n de nuestro alumnado, la Biblioteca del CEIP Tetu\u00e1n&nbsp; adopt\u00f3 el nombre de BIBLIOTECA VUELA CONMIGO. &nbsp; &nbsp;Dos a\u00f1os&#46;&#46;&#46;<\/p>\n","protected":false},"author":1,"featured_media":3192,"parent":0,"menu_order":0,"comment_status":"closed","ping_status":"open","template":"page-cs.php","meta":{"ngg_post_thumbnail":0,"footnotes":"","_mc_calendar":[]},"aioseo_notices":[],"_links":{"self":[{"href":"https:\/\/blogsaverroes.juntadeandalucia.es\/ceiptetuan\/wp-json\/wp\/v2\/pages\/113"}],"collection":[{"href":"https:\/\/blogsaverroes.juntadeandalucia.es\/ceiptetuan\/wp-json\/wp\/v2\/pages"}],"about":[{"href":"https:\/\/blogsaverroes.juntadeandalucia.es\/ceiptetuan\/wp-json\/wp\/v2\/types\/page"}],"author":[{"embeddable":true,"href":"https:\/\/blogsaverroes.juntadeandalucia.es\/ceiptetuan\/wp-json\/wp\/v2\/users\/1"}],"replies":[{"embeddable":true,"href":"https:\/\/blogsaverroes.juntadeandalucia.es\/ceiptetuan\/wp-json\/wp\/v2\/comments?post=113"}],"version-history":[{"count":12,"href":"https:\/\/blogsaverroes.juntadeandalucia.es\/ceiptetuan\/wp-json\/wp\/v2\/pages\/113\/revisions"}],"predecessor-version":[{"id":3219,"href":"https:\/\/blogsaverroes.juntadeandalucia.es\/ceiptetuan\/wp-json\/wp\/v2\/pages\/113\/revisions\/3219"}],"wp:featuredmedia":[{"embeddable":true,"href":"https:\/\/blogsaverroes.juntadeandalucia.es\/ceiptetuan\/wp-json\/wp\/v2\/media\/3192"}],"wp:attachment":[{"href":"https:\/\/blogsaverroes.juntadeandalucia.es\/ceiptetuan\/wp-json\/wp\/v2\/media?parent=113"}],"curies":[{"name":"wp","href":"https:\/\/api.w.org\/{rel}","templated":true}]}}