{"id":35,"date":"2020-09-01T08:21:43","date_gmt":"2020-09-01T06:21:43","guid":{"rendered":"http:\/\/blogsaverroes.juntadeandalucia.es\/pre\/ceip\/?page_id=35"},"modified":"2024-09-03T12:24:21","modified_gmt":"2024-09-03T10:24:21","slug":"el-centro-2","status":"publish","type":"page","link":"https:\/\/blogsaverroes.juntadeandalucia.es\/ceiptetuan\/el-centro-2\/","title":{"rendered":"Datos del centro"},"content":{"rendered":"<p>&nbsp; &nbsp; &nbsp; &nbsp; &nbsp; &nbsp; &nbsp; &nbsp; &nbsp; &nbsp; &nbsp; <iframe loading=\"lazy\" src=\"https:\/\/www.google.com\/maps\/embed?pb=!1m18!1m12!1m3!1d3139.825994100426!2d-3.6372877846730245!3d38.09771387970202!2m3!1f0!2f0!3f0!3m2!1i1024!2i768!4f13.1!3m3!1m2!1s0xd6e9b316696dbbb%3A0xfc9faeb9cba95712!2sColegio%20P%C3%BAblico%20Tetu%C3%A1n!5e0!3m2!1ses!2ses!4v1592511625816!5m2!1ses!2ses\" width=\"600\" height=\"450\" frameborder=\"0\"><\/iframe><\/p>\n<h4><strong>Datos de contacto<\/strong><\/h4>\n<p><strong>C<\/strong>olegio de<strong>&nbsp;E<\/strong>ducaci\u00f3n&nbsp;<strong>I<\/strong>nfantil y&nbsp;<strong>P<\/strong>rimaria Tetu\u00e1n<\/p>\n<p><strong>Direcci\u00f3n:<\/strong> &nbsp;Calle Tetu\u00e1n, 39 23700 Linares (Ja\u00e9n)<\/p>\n<p><strong>Tel\u00e9fono <\/strong>953 60 95 62&nbsp; &nbsp; &nbsp;671 53 36 47&nbsp; &nbsp; &nbsp;Direcci\u00f3n: 697 95 19 14&nbsp; &nbsp; Secretaria: 697 95 19 12<\/p>\n<p><strong>FAX:<\/strong> 953 609563<br \/>\n<strong>Email: <\/strong>23002784.edu@juntadeandalucia.es y 23002784@g.educaand.es<\/p>\n<h4><strong>Horarios<\/strong><\/h4>\n<p><strong>La&nbsp;entrada&nbsp;a Clase es a las&nbsp;9:00&nbsp;horas&nbsp;y la&nbsp;salida&nbsp;a las&nbsp;14:00&nbsp;horas&nbsp;de lunes a viernes&nbsp;y para todos los niveles educativos, tanto de Educaci\u00f3n&nbsp;Infantil&nbsp;como de Educaci\u00f3n&nbsp;Primaria.<\/strong><\/p>\n<p>&nbsp; &nbsp; &nbsp; &nbsp; &nbsp; &nbsp; &nbsp; &nbsp; &nbsp; &nbsp; &nbsp; &nbsp; &nbsp; &nbsp; &nbsp; &nbsp; &nbsp; &nbsp; &nbsp; &nbsp; &nbsp; &nbsp; &nbsp; &nbsp; &nbsp; &nbsp; &nbsp; &nbsp; &nbsp; &nbsp; &nbsp; &nbsp; &nbsp; &nbsp; &nbsp; &nbsp; &nbsp; &nbsp; &nbsp; &nbsp; &nbsp; &nbsp; &nbsp; <a href=\"https:\/\/blogsaverroes.juntadeandalucia.es\/ceiptetuan\/files\/2020\/09\/RELOJ_CUCO.gif\"><img loading=\"lazy\" decoding=\"async\" class=\"alignnone size-full wp-image-3982\" src=\"https:\/\/blogsaverroes.juntadeandalucia.es\/ceiptetuan\/files\/2020\/09\/RELOJ_CUCO.gif\" alt=\"\" width=\"106\" height=\"192\"\/><\/a><\/p>\n<p>&nbsp;<\/p>\n<p><strong>ENTRADAS&nbsp; Y SALIDAS DEL CENTRO TETU\u00c1N<\/strong><\/p>\n<p><a href=\"https:\/\/blogsaverroes.juntadeandalucia.es\/ceiptetuan\/files\/2020\/09\/84576.jpg\"><img loading=\"lazy\" decoding=\"async\" class=\"aligncenter wp-image-3986 \" style=\"color: #0000ee\" src=\"https:\/\/blogsaverroes.juntadeandalucia.es\/ceiptetuan\/files\/2020\/09\/84576-989x1024.jpg\" alt=\"\" width=\"557\" height=\"576\" srcset=\"https:\/\/blogsaverroes.juntadeandalucia.es\/ceiptetuan\/files\/2020\/09\/84576-989x1024.jpg 989w, https:\/\/blogsaverroes.juntadeandalucia.es\/ceiptetuan\/files\/2020\/09\/84576-290x300.jpg 290w, https:\/\/blogsaverroes.juntadeandalucia.es\/ceiptetuan\/files\/2020\/09\/84576-768x795.jpg 768w, https:\/\/blogsaverroes.juntadeandalucia.es\/ceiptetuan\/files\/2020\/09\/84576-24x24.jpg 24w, https:\/\/blogsaverroes.juntadeandalucia.es\/ceiptetuan\/files\/2020\/09\/84576-36x36.jpg 36w, https:\/\/blogsaverroes.juntadeandalucia.es\/ceiptetuan\/files\/2020\/09\/84576-46x48.jpg 46w, https:\/\/blogsaverroes.juntadeandalucia.es\/ceiptetuan\/files\/2020\/09\/84576.jpg 1242w\" sizes=\"(max-width: 557px) 100vw, 557px\" \/><\/a><\/p>\n<p>&nbsp;<\/p>\n","protected":false},"excerpt":{"rendered":"<p>&nbsp; &nbsp; &nbsp; &nbsp; &nbsp; &nbsp; &nbsp; &nbsp; &nbsp; &nbsp; &nbsp; Datos de contacto Colegio de&nbsp;Educaci\u00f3n&nbsp;Infantil y&nbsp;Primaria Tetu\u00e1n Direcci\u00f3n: &nbsp;Calle Tetu\u00e1n, 39 23700 Linares (Ja\u00e9n) Tel\u00e9fono 953 60 95 62&nbsp; &nbsp; &nbsp;671 53 36&#46;&#46;&#46;<\/p>\n","protected":false},"author":1,"featured_media":0,"parent":0,"menu_order":0,"comment_status":"closed","ping_status":"open","template":"","meta":{"ngg_post_thumbnail":0,"footnotes":"","_mc_calendar":[]},"aioseo_notices":[],"_links":{"self":[{"href":"https:\/\/blogsaverroes.juntadeandalucia.es\/ceiptetuan\/wp-json\/wp\/v2\/pages\/35"}],"collection":[{"href":"https:\/\/blogsaverroes.juntadeandalucia.es\/ceiptetuan\/wp-json\/wp\/v2\/pages"}],"about":[{"href":"https:\/\/blogsaverroes.juntadeandalucia.es\/ceiptetuan\/wp-json\/wp\/v2\/types\/page"}],"author":[{"embeddable":true,"href":"https:\/\/blogsaverroes.juntadeandalucia.es\/ceiptetuan\/wp-json\/wp\/v2\/users\/1"}],"replies":[{"embeddable":true,"href":"https:\/\/blogsaverroes.juntadeandalucia.es\/ceiptetuan\/wp-json\/wp\/v2\/comments?post=35"}],"version-history":[{"count":28,"href":"https:\/\/blogsaverroes.juntadeandalucia.es\/ceiptetuan\/wp-json\/wp\/v2\/pages\/35\/revisions"}],"predecessor-version":[{"id":9044,"href":"https:\/\/blogsaverroes.juntadeandalucia.es\/ceiptetuan\/wp-json\/wp\/v2\/pages\/35\/revisions\/9044"}],"wp:attachment":[{"href":"https:\/\/blogsaverroes.juntadeandalucia.es\/ceiptetuan\/wp-json\/wp\/v2\/media?parent=35"}],"curies":[{"name":"wp","href":"https:\/\/api.w.org\/{rel}","templated":true}]}}