{"id":44,"date":"2021-08-15T16:00:15","date_gmt":"2021-08-15T14:00:15","guid":{"rendered":"http:\/\/blogsaverroes.juntadeandalucia.es\/pre\/ceip\/?page_id=44"},"modified":"2023-09-07T15:44:28","modified_gmt":"2023-09-07T13:44:28","slug":"planes-y-proyectos","status":"publish","type":"page","link":"https:\/\/blogsaverroes.juntadeandalucia.es\/ceiptetuan\/planes-y-proyectos\/","title":{"rendered":"Planes y Programas Educativos"},"content":{"rendered":"<p style=\"text-align: justify\"><strong>La cada vez m\u00e1s compleja realidad social de nuestro tiempo hace que sea necesario abordar, desde el sistema educativo, todos aquellos aspectos de la misma que puedan ser mejorados a trav\u00e9s de la educaci\u00f3n, para ello se ha dise\u00f1ado y se va completando continuamente un variado programa de actuaciones para desarrollar las distintas tem\u00e1ticas y aspectos que preocupan en nuestra sociedad, tanto en los centros educativos como fuera de ellos.<\/strong><\/p>\n<p style=\"text-align: justify\"><strong>Abarcan desde la salud y la prevenci\u00f3n a la seguridad vial, desde el medio ambiente y el consumo responsable hasta la lectura y las bibliotecas escolares, las conmemoraciones de hechos o personajes relevantes, el flamenco, etc. Todo ello agrupado por tem\u00e1ticas para facilitar su localizaci\u00f3n y desarrollado en portales educativos espec\u00edficos.<\/strong><\/p>\n<p>&nbsp;<\/p>\n<p>&nbsp;<\/p>\n<p>&nbsp;<\/p>\n<p>&nbsp;<\/p>\n<p>&nbsp; &nbsp; &nbsp; &nbsp; &nbsp; &nbsp; &nbsp; &nbsp; &nbsp; &nbsp; &nbsp; &nbsp; &nbsp; &nbsp; &nbsp; &nbsp; &nbsp; &nbsp; &nbsp; &nbsp;<\/p>\n<p>&nbsp;<\/p>\n<p>&nbsp;<\/p>\n<p>&nbsp;<\/p>\n<p>&nbsp;<\/p>\n","protected":false},"excerpt":{"rendered":"<p>La cada vez m\u00e1s compleja realidad social de nuestro tiempo hace que sea necesario abordar, desde el sistema educativo, todos aquellos aspectos de la misma que puedan ser mejorados a trav\u00e9s de la educaci\u00f3n,&#46;&#46;&#46;<\/p>\n","protected":false},"author":1,"featured_media":3515,"parent":0,"menu_order":0,"comment_status":"closed","ping_status":"closed","template":"page-cs.php","meta":{"ngg_post_thumbnail":0,"footnotes":"","_mc_calendar":[]},"aioseo_notices":[],"_links":{"self":[{"href":"https:\/\/blogsaverroes.juntadeandalucia.es\/ceiptetuan\/wp-json\/wp\/v2\/pages\/44"}],"collection":[{"href":"https:\/\/blogsaverroes.juntadeandalucia.es\/ceiptetuan\/wp-json\/wp\/v2\/pages"}],"about":[{"href":"https:\/\/blogsaverroes.juntadeandalucia.es\/ceiptetuan\/wp-json\/wp\/v2\/types\/page"}],"author":[{"embeddable":true,"href":"https:\/\/blogsaverroes.juntadeandalucia.es\/ceiptetuan\/wp-json\/wp\/v2\/users\/1"}],"replies":[{"embeddable":true,"href":"https:\/\/blogsaverroes.juntadeandalucia.es\/ceiptetuan\/wp-json\/wp\/v2\/comments?post=44"}],"version-history":[{"count":31,"href":"https:\/\/blogsaverroes.juntadeandalucia.es\/ceiptetuan\/wp-json\/wp\/v2\/pages\/44\/revisions"}],"predecessor-version":[{"id":8899,"href":"https:\/\/blogsaverroes.juntadeandalucia.es\/ceiptetuan\/wp-json\/wp\/v2\/pages\/44\/revisions\/8899"}],"wp:featuredmedia":[{"embeddable":true,"href":"https:\/\/blogsaverroes.juntadeandalucia.es\/ceiptetuan\/wp-json\/wp\/v2\/media\/3515"}],"wp:attachment":[{"href":"https:\/\/blogsaverroes.juntadeandalucia.es\/ceiptetuan\/wp-json\/wp\/v2\/media?parent=44"}],"curies":[{"name":"wp","href":"https:\/\/api.w.org\/{rel}","templated":true}]}}