{"id":5083,"date":"2020-11-15T20:33:18","date_gmt":"2020-11-15T19:33:18","guid":{"rendered":"https:\/\/blogsaverroes.juntadeandalucia.es\/ceiptetuan\/?page_id=5083"},"modified":"2020-11-15T20:33:18","modified_gmt":"2020-11-15T19:33:18","slug":"vamos-a-multiplicar","status":"publish","type":"page","link":"https:\/\/blogsaverroes.juntadeandalucia.es\/ceiptetuan\/vamos-a-multiplicar\/","title":{"rendered":"\u00a1VAMOS A MULTIPLICAR!"},"content":{"rendered":"<h3><strong>A todos mis alumnos\/as de 3\u00ba de Primaria:<\/strong><\/h3>\n<h3><strong>Para iniciar el tema de la multiplicaci\u00f3n, os he enviado al correo <a href=\"https:\/\/www.youtube.com\/watch?v=CpBVPMBXvt4\">este v\u00eddeo de YouTube de Aula 365<\/a> que he preparado con la herramienta Edpuzle:<\/strong> <strong>(Pincha sobre la imagen)<\/strong><\/h3>\n<p><a href=\"https:\/\/edpuzzle.com\/media\/5e73b5e6202a763e846eaf01\"><img loading=\"lazy\" decoding=\"async\" class=\"size-full wp-image-5022 aligncenter\" src=\"https:\/\/blogsaverroes.juntadeandalucia.es\/ceiptetuan\/files\/2020\/11\/Sin-t\u00edtulo-1.jpg\" alt=\"\" width=\"1069\" height=\"783\" srcset=\"https:\/\/blogsaverroes.juntadeandalucia.es\/ceiptetuan\/files\/2020\/11\/Sin-t\u00edtulo-1.jpg 1069w, https:\/\/blogsaverroes.juntadeandalucia.es\/ceiptetuan\/files\/2020\/11\/Sin-t\u00edtulo-1-300x220.jpg 300w, https:\/\/blogsaverroes.juntadeandalucia.es\/ceiptetuan\/files\/2020\/11\/Sin-t\u00edtulo-1-1024x750.jpg 1024w, https:\/\/blogsaverroes.juntadeandalucia.es\/ceiptetuan\/files\/2020\/11\/Sin-t\u00edtulo-1-768x563.jpg 768w, https:\/\/blogsaverroes.juntadeandalucia.es\/ceiptetuan\/files\/2020\/11\/Sin-t\u00edtulo-1-24x18.jpg 24w, https:\/\/blogsaverroes.juntadeandalucia.es\/ceiptetuan\/files\/2020\/11\/Sin-t\u00edtulo-1-36x26.jpg 36w, https:\/\/blogsaverroes.juntadeandalucia.es\/ceiptetuan\/files\/2020\/11\/Sin-t\u00edtulo-1-48x35.jpg 48w\" sizes=\"(max-width: 1069px) 100vw, 1069px\" \/><\/a><\/p>\n<h3>Para preservar vuestra identidad, no vais a enviar las respuestas a trav\u00e9s de la p\u00e1gina, sino que vais a anotar las preguntas que aparecen en el v\u00eddeo y las vais a responder en vuestro cuaderno y <span style=\"color: #ff0000\"><strong><em>ma\u00f1ana las debatiremos en clase<\/em><\/strong><\/span>. \u00a1No vale saltarse ninguna!<\/h3>\n<h3>Para repasar las tablas de multiplicar (que ya estudiasteis en 2\u00ba), os recomiendo realizar estas fichas interactivas (Fichas interactivas de uso libre alojadas en <a href=\"https:\/\/es.liveworksheets.com\/search.asp?content=tablas+multiplicar\">Liveworksheets<\/a>, realizadas por V\u00edctor Gayol):<\/h3>\n<p><a href=\"https:\/\/es.liveworksheets.com\/worksheets\/es\/Matem%C3%A1ticas\/Las_tablas_de_multiplicar\/La_tabla_del_2_mk28449cl\">Tabla del 2<\/a><\/p>\n<p><a href=\"https:\/\/es.liveworksheets.com\/worksheets\/es\/Matem%C3%A1ticas\/Las_tablas_de_multiplicar\/La_tabla_del_3_qv28447zr\">Tabla del 3<\/a><\/p>\n<p><a href=\"https:\/\/es.liveworksheets.com\/worksheets\/es\/Matem%C3%A1ticas\/Las_tablas_de_multiplicar\/La_tabla_del_4_ye28436nr\">Tabla del 4<\/a><\/p>\n<p><a href=\"https:\/\/es.liveworksheets.com\/worksheets\/es\/Matem%C3%A1ticas\/Las_tablas_de_multiplicar\/La_tabla_del_5_co28431rb\">Tabla del 5<\/a><\/p>\n<p><a href=\"https:\/\/es.liveworksheets.com\/worksheets\/es\/Matem%C3%A1ticas\/Las_tablas_de_multiplicar\/La_tabla_del_6_oe28334vx\">Tabla del 6<\/a><\/p>\n<p><a href=\"https:\/\/es.liveworksheets.com\/worksheets\/es\/Matem%C3%A1ticas\/Las_tablas_de_multiplicar\/La_tabla_del_7_aj28294lg\">Tabla del 7<\/a><\/p>\n<p><a href=\"https:\/\/es.liveworksheets.com\/worksheets\/es\/Matem%C3%A1ticas\/Las_tablas_de_multiplicar\/La_tabla_del_8_np28128qy\">Tabla del 8<\/a><\/p>\n<p><a href=\"https:\/\/es.liveworksheets.com\/worksheets\/es\/Matem%C3%A1ticas\/Las_tablas_de_multiplicar\/La_tabla_del_9_lo28093pr\">Tabla del 9<\/a><\/p>\n<h3>Una vez realizadas, pulsa sobre \u00ab\u00a1TERMINADO! y luego sobre \u00abComprobar mis respuestas\u00bb. F\u00edjate bien en los posibles errores que hayas cometido y vuelve a realizarlas hasta que tu calificaci\u00f3n sea de 10\/10; as\u00ed memorizar\u00e1s bien cada tabla.<\/h3>\n<h3>En clase, realizaremos estos problemas, con una recompensa en forma de pasatiempo al final (Ficha de uso libre descargada y modificada de <a href=\"https:\/\/webdeldocente.com\/matematica-segundo-grado\/problemas-de-multiplicacion\/\">https:\/\/webdeldocente.com\/<\/a>).<\/h3>\n<h2><strong><a href=\"https:\/\/blogsaverroes.juntadeandalucia.es\/ceiptetuan\/files\/2020\/11\/Problemas-de-Multiplicaci\u00f3n-para-Segundo-Grado-de-Primaria.pdf\">Problemas <\/a><\/strong><\/h2>\n<p>&nbsp;<\/p>\n<h1><span style=\"color: #0000ff\"><strong>SEGUIMOS MULTIPLICANDO<\/strong><\/span><\/h1>\n<h3><strong>En primer lugar, veremos este v\u00eddeo sobre la multiplicaci\u00f3n:<\/strong><\/h3>\n<p>&nbsp;<\/p>\n<p><iframe loading=\"lazy\" src=\"\/\/www.youtube.com\/embed\/YFtEaVw5k1A\" width=\"560\" height=\"315\" frameborder=\"0\"><\/iframe><\/p>\n<p>&nbsp;<\/p>\n<h3><strong>Despu\u00e9s trabajaremos en clase este tema usando las actividades y recursos que nos ofrece <a href=\"https:\/\/www.matematicasinclusivas.com\/3o-tercero-educacion-primaria\/fichas-imprimir-multiplicaciones\/\">https:\/\/www.matematicasinclusivas.com\/<\/a><\/strong><\/h3>\n<p>&nbsp;<\/p>\n<p><a href=\"https:\/\/www.matematicasinclusivas.com\/3o-tercero-educacion-primaria\/fichas-imprimir-multiplicaciones\/\"><img loading=\"lazy\" decoding=\"async\" class=\"size-full wp-image-5078 aligncenter\" src=\"https:\/\/blogsaverroes.juntadeandalucia.es\/ceiptetuan\/files\/2020\/11\/Sin-t\u00edtulo-7.jpg\" alt=\"\" width=\"1180\" height=\"1582\" srcset=\"https:\/\/blogsaverroes.juntadeandalucia.es\/ceiptetuan\/files\/2020\/11\/Sin-t\u00edtulo-7.jpg 1180w, https:\/\/blogsaverroes.juntadeandalucia.es\/ceiptetuan\/files\/2020\/11\/Sin-t\u00edtulo-7-224x300.jpg 224w, https:\/\/blogsaverroes.juntadeandalucia.es\/ceiptetuan\/files\/2020\/11\/Sin-t\u00edtulo-7-764x1024.jpg 764w, https:\/\/blogsaverroes.juntadeandalucia.es\/ceiptetuan\/files\/2020\/11\/Sin-t\u00edtulo-7-768x1030.jpg 768w, https:\/\/blogsaverroes.juntadeandalucia.es\/ceiptetuan\/files\/2020\/11\/Sin-t\u00edtulo-7-1146x1536.jpg 1146w, https:\/\/blogsaverroes.juntadeandalucia.es\/ceiptetuan\/files\/2020\/11\/Sin-t\u00edtulo-7-18x24.jpg 18w, https:\/\/blogsaverroes.juntadeandalucia.es\/ceiptetuan\/files\/2020\/11\/Sin-t\u00edtulo-7-27x36.jpg 27w, https:\/\/blogsaverroes.juntadeandalucia.es\/ceiptetuan\/files\/2020\/11\/Sin-t\u00edtulo-7-36x48.jpg 36w\" sizes=\"(max-width: 1180px) 100vw, 1180px\" \/><\/a><\/p>\n","protected":false},"excerpt":{"rendered":"<p>A todos mis alumnos\/as de 3\u00ba de Primaria: Para iniciar el tema de la multiplicaci\u00f3n, os he enviado al correo este v\u00eddeo de YouTube de Aula 365 que he preparado con la herramienta Edpuzle:&#46;&#46;&#46;<\/p>\n","protected":false},"author":10292,"featured_media":0,"parent":0,"menu_order":0,"comment_status":"closed","ping_status":"closed","template":"","meta":{"ngg_post_thumbnail":0,"footnotes":"","_mc_calendar":[]},"aioseo_notices":[],"_links":{"self":[{"href":"https:\/\/blogsaverroes.juntadeandalucia.es\/ceiptetuan\/wp-json\/wp\/v2\/pages\/5083"}],"collection":[{"href":"https:\/\/blogsaverroes.juntadeandalucia.es\/ceiptetuan\/wp-json\/wp\/v2\/pages"}],"about":[{"href":"https:\/\/blogsaverroes.juntadeandalucia.es\/ceiptetuan\/wp-json\/wp\/v2\/types\/page"}],"author":[{"embeddable":true,"href":"https:\/\/blogsaverroes.juntadeandalucia.es\/ceiptetuan\/wp-json\/wp\/v2\/users\/10292"}],"replies":[{"embeddable":true,"href":"https:\/\/blogsaverroes.juntadeandalucia.es\/ceiptetuan\/wp-json\/wp\/v2\/comments?post=5083"}],"version-history":[{"count":1,"href":"https:\/\/blogsaverroes.juntadeandalucia.es\/ceiptetuan\/wp-json\/wp\/v2\/pages\/5083\/revisions"}],"predecessor-version":[{"id":5087,"href":"https:\/\/blogsaverroes.juntadeandalucia.es\/ceiptetuan\/wp-json\/wp\/v2\/pages\/5083\/revisions\/5087"}],"wp:attachment":[{"href":"https:\/\/blogsaverroes.juntadeandalucia.es\/ceiptetuan\/wp-json\/wp\/v2\/media?parent=5083"}],"curies":[{"name":"wp","href":"https:\/\/api.w.org\/{rel}","templated":true}]}}