{"id":5127,"date":"2020-11-15T22:01:47","date_gmt":"2020-11-15T21:01:47","guid":{"rendered":"https:\/\/blogsaverroes.juntadeandalucia.es\/ceiptetuan\/?page_id=5127"},"modified":"2024-06-26T10:05:46","modified_gmt":"2024-06-26T08:05:46","slug":"matematicas-inclusivas","status":"publish","type":"page","link":"https:\/\/blogsaverroes.juntadeandalucia.es\/ceiptetuan\/matematicas-inclusivas\/","title":{"rendered":"MATEM\u00c1TICAS INCLUSIVAS"},"content":{"rendered":"<h1>Nuestro centro educativo trabaja con <a href=\"https:\/\/www.matific.com\/es\/es\/home\/\">MATIFIC,<\/a><\/h1>\n<h1 data-translate=\"a title\">Plataforma digital de matem\u00e1ticas dise\u00f1ada por expertos en educaci\u00f3n.<\/h1>\n<p>&nbsp;<\/p>\n<p style=\"text-align: center\"><a href=\"https:\/\/blogsaverroes.juntadeandalucia.es\/ceiptetuan\/files\/2024\/06\/descarga-1.jpg\"><img loading=\"lazy\" decoding=\"async\" class=\"alignnone size-full wp-image-9020\" src=\"https:\/\/blogsaverroes.juntadeandalucia.es\/ceiptetuan\/files\/2024\/06\/descarga-1.jpg\" alt=\"\" width=\"245\" height=\"206\"\/><\/a><\/p>\n<h3><strong>En esta web <a href=\"https:\/\/www.matematicasinclusivas.com\/newsletter\/\">https:\/\/www.matematicasinclusivas.com\/newsletter\/<\/a><\/strong><\/h3>\n<h3><strong>encontrar\u00e1s muchos recursos para trabajar todos los bloques matem\u00e1ticos para todos los cursos.<\/strong><\/h3>\n<h3><strong>\u00a1Te la recomendamos!<\/strong><\/h3>\n<p><a href=\"https:\/\/blogsaverroes.juntadeandalucia.es\/ceiptetuan\/files\/2024\/06\/Sin-titulo.png\"><img loading=\"lazy\" decoding=\"async\" class=\"alignnone size-full wp-image-9021\" src=\"https:\/\/blogsaverroes.juntadeandalucia.es\/ceiptetuan\/files\/2024\/06\/Sin-titulo.png\" alt=\"\" width=\"1297\" height=\"515\" srcset=\"https:\/\/blogsaverroes.juntadeandalucia.es\/ceiptetuan\/files\/2024\/06\/Sin-titulo.png 1297w, https:\/\/blogsaverroes.juntadeandalucia.es\/ceiptetuan\/files\/2024\/06\/Sin-titulo-300x119.png 300w, https:\/\/blogsaverroes.juntadeandalucia.es\/ceiptetuan\/files\/2024\/06\/Sin-titulo-1024x407.png 1024w, https:\/\/blogsaverroes.juntadeandalucia.es\/ceiptetuan\/files\/2024\/06\/Sin-titulo-768x305.png 768w\" sizes=\"(max-width: 1297px) 100vw, 1297px\" \/><\/a><\/p>\n","protected":false},"excerpt":{"rendered":"<p>Nuestro centro educativo trabaja con MATIFIC, Plataforma digital de matem\u00e1ticas dise\u00f1ada por expertos en educaci\u00f3n. &nbsp; En esta web https:\/\/www.matematicasinclusivas.com\/newsletter\/ encontrar\u00e1s muchos recursos para trabajar todos los bloques matem\u00e1ticos para todos los cursos. \u00a1Te&#46;&#46;&#46;<\/p>\n","protected":false},"author":10292,"featured_media":0,"parent":0,"menu_order":0,"comment_status":"closed","ping_status":"closed","template":"","meta":{"ngg_post_thumbnail":0,"footnotes":"","_mc_calendar":[]},"aioseo_notices":[],"_links":{"self":[{"href":"https:\/\/blogsaverroes.juntadeandalucia.es\/ceiptetuan\/wp-json\/wp\/v2\/pages\/5127"}],"collection":[{"href":"https:\/\/blogsaverroes.juntadeandalucia.es\/ceiptetuan\/wp-json\/wp\/v2\/pages"}],"about":[{"href":"https:\/\/blogsaverroes.juntadeandalucia.es\/ceiptetuan\/wp-json\/wp\/v2\/types\/page"}],"author":[{"embeddable":true,"href":"https:\/\/blogsaverroes.juntadeandalucia.es\/ceiptetuan\/wp-json\/wp\/v2\/users\/10292"}],"replies":[{"embeddable":true,"href":"https:\/\/blogsaverroes.juntadeandalucia.es\/ceiptetuan\/wp-json\/wp\/v2\/comments?post=5127"}],"version-history":[{"count":5,"href":"https:\/\/blogsaverroes.juntadeandalucia.es\/ceiptetuan\/wp-json\/wp\/v2\/pages\/5127\/revisions"}],"predecessor-version":[{"id":9023,"href":"https:\/\/blogsaverroes.juntadeandalucia.es\/ceiptetuan\/wp-json\/wp\/v2\/pages\/5127\/revisions\/9023"}],"wp:attachment":[{"href":"https:\/\/blogsaverroes.juntadeandalucia.es\/ceiptetuan\/wp-json\/wp\/v2\/media?parent=5127"}],"curies":[{"name":"wp","href":"https:\/\/api.w.org\/{rel}","templated":true}]}}