{"id":5323,"date":"2023-11-09T09:02:52","date_gmt":"2023-11-09T08:02:52","guid":{"rendered":"https:\/\/blogsaverroes.juntadeandalucia.es\/ceiptetuan\/?page_id=5323"},"modified":"2024-06-06T11:00:44","modified_gmt":"2024-06-06T09:00:44","slug":"programacion-mensual-actividades-complementarias-curso-2023-24","status":"publish","type":"page","link":"https:\/\/blogsaverroes.juntadeandalucia.es\/ceiptetuan\/programacion-mensual-actividades-complementarias-curso-2023-24\/","title":{"rendered":"PROGRAMACI\u00d3N MENSUAL ACTIVIDADES COMPLEMENTARIAS CURSO 2023-24"},"content":{"rendered":"<p>Os dejamos el enlace de las actividades siguientes que vamos a realizar en el Colegio Tetu\u00e1n en el mes de<strong> octubre<\/strong>, 12 de octubre D\u00eda del Descubrimiento de Am\u00e9rica y 24 de octubre 2023 D\u00eda de la Biblioteca:<\/p>\n<p><a href=\"https:\/\/drive.google.com\/drive\/folders\/1IqBMd4VWVgBBiHiIAjY0TfzakRLwhlwx?usp=drive_link\">https:\/\/drive.google.com\/drive\/folders\/1CrTfvf6k8KoIgyK6LmTV8SA6sZmVt_lV?usp=sharing<\/a><\/p>\n<p>En este enlace est\u00e1n las actividades a realizar en el mes de <strong>noviembre<\/strong> 2023 relacionados con nuestros Planes y Programas : D\u00eda Internacional del Flamenco, D\u00eda Internacional de la Tolerancia 16 de noviembre, D\u00eda del los Derechos del ni\u00f1o\/a 20 de noviembre y D\u00eda Internacional contra la Violencia de g\u00e9nero 25 de noviembre<\/p>\n<p><a href=\"https:\/\/drive.google.com\/drive\/folders\/1iv_Emo2SP67RlSQd6ZFUxIcJbxirxsMf?usp=sharing\" target=\"_blank\" rel=\"noopener noreferrer\">https:\/\/drive.google.com\/drive\/folders\/13-8sbGXss4NitvjEINu40zksN1xhXZ_1?usp=sharing<\/a><\/p>\n<p>Os dejamos el enlace con las actividades que realizaremos en el mes de <strong>diciembre<\/strong> 2023; trabajaremos el D\u00eda de la Constituci\u00f3n, as\u00ed como el D\u00eda de la Lectura y la Navidad.&nbsp;<\/p>\n<p><a href=\"https:\/\/drive.google.com\/drive\/folders\/174jod32vaCBoH3WTzOVGP-hmbGSAPkim?usp=sharing\" target=\"_blank\" rel=\"noopener noreferrer\">https:\/\/drive.google.com\/drive\/folders\/174jod32vaCBoH3WTzOVGP-hmbGSAPkim?usp=sharing<\/a><\/p>\n<p>Las actividades complementar\u00edas que vamos a trabajar en el mes de <strong>enero<\/strong> 2024 son las siguientes: D\u00eda de la Paz y No Violencia&nbsp;<\/p>\n<p><a href=\"https:\/\/drive.google.com\/drive\/folders\/1O2NjFQazjq3JVDnVVPg3MzLONGudfl4S?usp=drive_link\" target=\"_blank\" rel=\"noopener noreferrer\">https:\/\/drive.google.com\/drive\/folders\/12OQd0kT8iyVIkuuPgHLWBDZNQChKTEDc?usp=sharing<\/a><\/p>\n<p>Las efem\u00e9rides que vamos a realizar para el mes de<strong> febrero<\/strong> 2024, son las siguientes: D\u00eda del amor y la amistad, Carnavales y D\u00eda de Andaluc\u00eda, todas las actividades en el siguiente enlace:<\/p>\n<p><a href=\"https:\/\/drive.google.com\/drive\/folders\/1po-UZ37JBUIaTnJRl_IN1DNpR4OC66W7?usp=drive_link\" target=\"_blank\" rel=\"noopener noreferrer\">https:\/\/drive.google.com\/drive\/folders\/1DpwLoKIAyHnkEtdw7VhokvTwKoBtv_gC?usp=sharing<\/a><\/p>\n<p>Las efem\u00e9rides que vamos a trabajar en el mes de <strong>marzo<\/strong> 2024 son las siguientes: El d\u00eda de la Mujer Trabajadora y el d\u00eda de la Poes\u00eda, todas las actividades est\u00e1n en el siguiente enlace:<\/p>\n<p><a href=\"https:\/\/drive.google.com\/drive\/folders\/1ShjX4VixdUGpz9HVxknKe20ag8M7A6fY?usp=sharing\" target=\"_blank\" rel=\"noopener noreferrer\">https:\/\/drive.google.com\/drive\/folders\/1BKR0IVcFxQ4Cx5VUX5Tq1vseuswwrEwy?usp=sharing<\/a><\/p>\n<p>En<strong> abril<\/strong> trabajaremos las siguientes efem\u00e9rides El d\u00eda del Pueblo Gitano 8 de abril y el D\u00eda del Libro 23 de abril 2024, todas las actividades a realizar se encuentran en el siguiente enlace:<\/p>\n<p><a href=\"https:\/\/drive.google.com\/drive\/folders\/1sl_ulr7y1AjdbL-j4zTardZqV5L8woxX?usp=drive_link\" target=\"_blank\" rel=\"noopener noreferrer\">https:\/\/drive.google.com\/drive\/folders\/1f4Tvo7Ui7QZew7ixd2T5R58XXtd547yl?usp=sharing&nbsp;<\/a><\/p>\n<p>En<strong> mayo<\/strong> trabajaremos las siguientes efem\u00e9rides en mayo, El D\u00eda de Europa 9 de mayo, el D\u00eda de las Familias 15 de mayo, las actividades a realizar por el centro se encuentra en el siguiente enlace:<\/p>\n<p>https:<a href=\"https:\/\/drive.google.com\/drive\/folders\/1jlV1ddYDf5nGppgJJJlg8ouMWW7JODrg?usp=drive_link\" target=\"_blank\" rel=\"noopener noreferrer\">\/\/drive.google.com\/drive\/folders\/17lBM5Q5TK6vg4KAIPluOLKzPGOkUpE5L?usp=sharing<\/a><\/p>\n<p>En<strong> junio<\/strong> trabajaremos las siguientes efem\u00e9rides: El d\u00eda del Medio Ambiente, 5 de junio&nbsp; y el D\u00eda de la Memoria Hist\u00f3rica, 14 de junio , todas las actividades trabajadas se encuentran en el siguiente enlace programadas por las coordinadoras de Planes y Programas de nuestro centro:<\/p>\n<p><a href=\"https:\/\/drive.google.com\/drive\/u\/1\/folders\/19ETgcAUG6ehcsSRtJ7Q8wLuZwo4Pl0Sn\" target=\"_blank\" rel=\"noopener noreferrer\">https:\/\/drive.google.com\/drive\/folders\/1sNam4OxVgBWWfMFtqlUStsGUsm4MSBz7?usp=sharing<\/a><\/p>\n<p>&nbsp;<\/p>\n<p>&nbsp;<\/p>\n","protected":false},"excerpt":{"rendered":"<p>Os dejamos el enlace de las actividades siguientes que vamos a realizar en el Colegio Tetu\u00e1n en el mes de octubre, 12 de octubre D\u00eda del Descubrimiento de Am\u00e9rica y 24 de octubre 2023&#46;&#46;&#46;<\/p>\n","protected":false},"author":10292,"featured_media":8853,"parent":0,"menu_order":0,"comment_status":"closed","ping_status":"closed","template":"page-c.php","meta":{"ngg_post_thumbnail":0,"footnotes":"","_mc_calendar":[]},"aioseo_notices":[],"_links":{"self":[{"href":"https:\/\/blogsaverroes.juntadeandalucia.es\/ceiptetuan\/wp-json\/wp\/v2\/pages\/5323"}],"collection":[{"href":"https:\/\/blogsaverroes.juntadeandalucia.es\/ceiptetuan\/wp-json\/wp\/v2\/pages"}],"about":[{"href":"https:\/\/blogsaverroes.juntadeandalucia.es\/ceiptetuan\/wp-json\/wp\/v2\/types\/page"}],"author":[{"embeddable":true,"href":"https:\/\/blogsaverroes.juntadeandalucia.es\/ceiptetuan\/wp-json\/wp\/v2\/users\/10292"}],"replies":[{"embeddable":true,"href":"https:\/\/blogsaverroes.juntadeandalucia.es\/ceiptetuan\/wp-json\/wp\/v2\/comments?post=5323"}],"version-history":[{"count":36,"href":"https:\/\/blogsaverroes.juntadeandalucia.es\/ceiptetuan\/wp-json\/wp\/v2\/pages\/5323\/revisions"}],"predecessor-version":[{"id":8992,"href":"https:\/\/blogsaverroes.juntadeandalucia.es\/ceiptetuan\/wp-json\/wp\/v2\/pages\/5323\/revisions\/8992"}],"wp:featuredmedia":[{"embeddable":true,"href":"https:\/\/blogsaverroes.juntadeandalucia.es\/ceiptetuan\/wp-json\/wp\/v2\/media\/8853"}],"wp:attachment":[{"href":"https:\/\/blogsaverroes.juntadeandalucia.es\/ceiptetuan\/wp-json\/wp\/v2\/media?parent=5323"}],"curies":[{"name":"wp","href":"https:\/\/api.w.org\/{rel}","templated":true}]}}