{"id":7940,"date":"2022-03-02T19:24:00","date_gmt":"2022-03-02T18:24:00","guid":{"rendered":"https:\/\/blogsaverroes.juntadeandalucia.es\/ceiptetuan\/?page_id=7940"},"modified":"2022-03-02T23:14:53","modified_gmt":"2022-03-02T22:14:53","slug":"tecnicas-de-relajacion","status":"publish","type":"page","link":"https:\/\/blogsaverroes.juntadeandalucia.es\/ceiptetuan\/tecnicas-de-relajacion\/","title":{"rendered":"T\u00c9CNICAS DE RELAJACI\u00d3N"},"content":{"rendered":"<div>Los adultos solemos pensar que la relajaci\u00f3n es un estado de tranquilidad y que es una situaci\u00f3n muy deseable para combatir el estr\u00e9s del trabajo y la vida ajetreada que llevamos, pero los ni\u00f1os tambi\u00e9n necesitan aprender a relajarse. Hay ni\u00f1os\/as que se encuentran en permanente estado de excitaci\u00f3n y no saben que existe otra sensaci\u00f3n corporal mucho m\u00e1s placentera, la relajaci\u00f3n.<\/div>\n<div>&nbsp;<\/div>\n<div>Aprender a relajarse es una t\u00e9cnica que se puede realizar desde que se es beb\u00e9, adquiriendo as\u00ed un m\u00e9todo que nos ayudar\u00e1 en los momentos en los que lo necesitemos. Hacer clic en las siguientes recomendaciones.&nbsp;<\/div>\n<div>-En este documento veremos los beneficios de la relajaci\u00f3n para el alumnado de infantil:&nbsp;<\/div>\n<div><a href=\"https:\/\/archivos.csif.es\/archivos\/andalucia\/ensenanza\/revistas\/csicsif\/revista\/pdf\/Numero_16\/AGUEDA%20MARIA_ESCALERA_1.pdf\" target=\"_blank\" rel=\"noopener noreferrer\">Microsoft Word &#8211; AGUEDA MARIA_ESCALERA_1.doc (csif.es)<\/a><\/div>\n<div>-En este documento aprenderemos t\u00e9cnicas de relajaci\u00f3n de F\u00e1tima Flores P\u00e9rez para Educaci\u00f3n Infantil,3, 4 y 5 a\u00f1os: <a href=\"https:\/\/iltemprana.files.wordpress.com\/2014\/02\/actividades-de-relajacion-fatima-flores-perez.pdf\" target=\"_blank\" rel=\"noopener noreferrer\">Microsoft Word &#8211; Actividades de RELAJACION- FATIMA FLORES PEREZ (wordpress.com)<\/a><\/div>\n<div>-En esta web aprenderemos Procedimiento de Relajaci\u00f3n Muscular de KOEPPEN. <a href=\"https:\/\/www.cinteco.com\/area-de-asistencia-psicologica-yo-psiquiatrica-en-la-infancia\/tecnica-de-relajacion-para-ninos\/\" target=\"_blank\" rel=\"noopener noreferrer\">Psic\u00f3logo cl\u00ednico explica T\u00e9cnica de Relajaci\u00f3n para Ni\u00f1os (cinteco.com)<\/a><\/div>\n<div>-Relajaci\u00f3n Jacobson: <a href=\"https:\/\/www.cinteco.com\/preguntas-frecuentes\/aprender-a-relajarse-descripcion-de-actividades-a-realizar\/\" target=\"_blank\" rel=\"noopener noreferrer\">Aprender a relajarse, relajaci\u00f3n por grupos musculares &#8211; Cinteco<\/a><\/div>\n<div>&nbsp;<\/div>\n<div>-Relajaci\u00f3n Jacobson 2: <a href=\"https:\/\/www.cinteco.com\/preguntas-frecuentes\/aprender-a-relajarse-por-sesiones-diarias\/\" target=\"_blank\" rel=\"noopener noreferrer\">Tecnicas de relajaci\u00f3n profunda, por sesiones diarias &#8211; Cinteco<\/a><\/div>\n<div>-En esta web aprenderemos los beneficios de los masajes Shantala: <a href=\"https:\/\/www.serpadres.es\/bebe\/0-3-meses\/articulo\/masajes-para-bebes-los-beneficios-del-masaje-shantala\" target=\"_blank\" rel=\"noopener noreferrer\">Masajes para beb\u00e9s: los beneficios del masaje Shantala (serpadres.es)<\/a><\/div>\n<div>&#8211; 9 juegos de relajaci\u00f3n para criar ni\u00f1os\/as emocionalmente fuertes: <a href=\"https:\/\/lamenteesmaravillosa.com\/9-juegos-relajacion-criar-ninos-emocionalmente-fuertes\/\" target=\"_blank\" rel=\"noopener noreferrer\">9 juegos de relajaci\u00f3n para criar ni\u00f1os emocionalmente fuertes &#8211; La Mente es Maravillosa<\/a><\/div>\n<div>&nbsp;<\/div>\n<div>-En este v\u00eddeo la t\u00e9cnica de la tortuga:&nbsp;<\/div>\n<div>&nbsp;<iframe loading=\"lazy\" src=\"\/\/www.youtube.com\/embed\/STynsk8sBbg\" width=\"560\" height=\"314\"><\/iframe><\/div>\n<div>&nbsp;<\/div>\n<div>-Manual de autocontrol: <a href=\"https:\/\/psicopedia.org\/wp-content\/uploads\/2013\/07\/Manual-de-Autocontrol-Adolescentes.pdf\" target=\"_blank\" rel=\"noopener noreferrer\">MANUAL DE AUTOCONTROL PARA MENORES Y ADOLESCENTES EN CONFLICTO (psicopedia.org)<\/a><\/div>\n<div>-C\u00f3mo controlar las emociones: <a href=\"https:\/\/habilidadsocial.com\/como-controlar-las-emociones\/\" target=\"_blank\" rel=\"noopener noreferrer\">C\u00f3mo Controlar las Emociones: 10 T\u00e9cnicas que Funcionan (habilidadsocial.com)<\/a><\/div>\n<div>-En este v\u00eddeo aprendemos T\u00e9cnicas Midfulnnes:&nbsp;<\/div>\n<div>&nbsp;<\/div>\n<div><iframe loading=\"lazy\" src=\"\/\/www.youtube.com\/embed\/cFxjPQcAvEQ\" width=\"560\" height=\"314\"><\/iframe><\/div>\n<div>&nbsp;<\/div>\n<div>&nbsp;<\/div>\n","protected":false},"excerpt":{"rendered":"<p>Los adultos solemos pensar que la relajaci\u00f3n es un estado de tranquilidad y que es una situaci\u00f3n muy deseable para combatir el estr\u00e9s del trabajo y la vida ajetreada que llevamos, pero los ni\u00f1os&#46;&#46;&#46;<\/p>\n","protected":false},"author":11423,"featured_media":7945,"parent":0,"menu_order":0,"comment_status":"closed","ping_status":"closed","template":"","meta":{"ngg_post_thumbnail":0,"footnotes":"","_mc_calendar":[]},"aioseo_notices":[],"_links":{"self":[{"href":"https:\/\/blogsaverroes.juntadeandalucia.es\/ceiptetuan\/wp-json\/wp\/v2\/pages\/7940"}],"collection":[{"href":"https:\/\/blogsaverroes.juntadeandalucia.es\/ceiptetuan\/wp-json\/wp\/v2\/pages"}],"about":[{"href":"https:\/\/blogsaverroes.juntadeandalucia.es\/ceiptetuan\/wp-json\/wp\/v2\/types\/page"}],"author":[{"embeddable":true,"href":"https:\/\/blogsaverroes.juntadeandalucia.es\/ceiptetuan\/wp-json\/wp\/v2\/users\/11423"}],"replies":[{"embeddable":true,"href":"https:\/\/blogsaverroes.juntadeandalucia.es\/ceiptetuan\/wp-json\/wp\/v2\/comments?post=7940"}],"version-history":[{"count":3,"href":"https:\/\/blogsaverroes.juntadeandalucia.es\/ceiptetuan\/wp-json\/wp\/v2\/pages\/7940\/revisions"}],"predecessor-version":[{"id":7944,"href":"https:\/\/blogsaverroes.juntadeandalucia.es\/ceiptetuan\/wp-json\/wp\/v2\/pages\/7940\/revisions\/7944"}],"wp:featuredmedia":[{"embeddable":true,"href":"https:\/\/blogsaverroes.juntadeandalucia.es\/ceiptetuan\/wp-json\/wp\/v2\/media\/7945"}],"wp:attachment":[{"href":"https:\/\/blogsaverroes.juntadeandalucia.es\/ceiptetuan\/wp-json\/wp\/v2\/media?parent=7940"}],"curies":[{"name":"wp","href":"https:\/\/api.w.org\/{rel}","templated":true}]}}