{"id":870,"date":"2021-08-13T16:24:27","date_gmt":"2021-08-13T14:24:27","guid":{"rendered":"http:\/\/blogsaverroes.juntadeandalucia.es\/pre\/ceip\/?page_id=103"},"modified":"2023-09-18T13:04:54","modified_gmt":"2023-09-18T11:04:54","slug":"aula-matinal","status":"publish","type":"page","link":"https:\/\/blogsaverroes.juntadeandalucia.es\/ceiptetuan\/aula-matinal\/","title":{"rendered":"Aula Matinal"},"content":{"rendered":"<p style=\"text-align: justify\"><strong>Es una actividad promovida por la Junta de Andaluc\u00eda para dar respuesta a la creciente demanda originada por las exigencias laborales de los padres y madres andaluzas, quienes se ven en la necesidad de delegar el cuidado de sus hijos e hijas durante el horario de 7:30 a 9:00 h., momento en el que da comienzo la actividad escolar. <\/strong><\/p>\n<p style=\"text-align: justify\"><b>Durante este per\u00edodo de tiempo, los ni\u00f1os y ni\u00f1as realizan diversas actividades de car\u00e1cter l\u00facido y educativo adecuadas a su edad y desarrollo madurativo. Entre otras muchas, se realizan actividades pl\u00e1sticas, dibujo, lectura, psicomotricidad, juegos populares, etc.<\/b><\/p>\n<p style=\"text-align: justify\"><strong>La atenci\u00f3n al alumnado de aula matinal se realiza por personal cualificado, entre cuyas funciones est\u00e1n las medidas de vigilancia y atenci\u00f3n educativa que precisen los menores en funci\u00f3n de su edad y necesidades<\/strong><\/p>\n<p>&nbsp;<\/p>\n<p>&nbsp; &nbsp; &nbsp; &nbsp; &nbsp; &nbsp; &nbsp; &nbsp; &nbsp; &nbsp; &nbsp; &nbsp; &nbsp; &nbsp; &nbsp; &nbsp; &nbsp; &nbsp; &nbsp; &nbsp; &nbsp; &nbsp; &nbsp; &nbsp; &nbsp; &nbsp; &nbsp; &nbsp; &nbsp; &nbsp; &nbsp; &nbsp; &nbsp; <a href=\"https:\/\/blogsaverroes.juntadeandalucia.es\/ceiptetuan\/files\/2020\/07\/aulas-matinales-cpm.jpg\"><img loading=\"lazy\" decoding=\"async\" class=\" wp-image-3464 aligncenter\" src=\"https:\/\/blogsaverroes.juntadeandalucia.es\/ceiptetuan\/files\/2020\/07\/aulas-matinales-cpm-300x96.jpg\" alt=\"\" width=\"666\" height=\"213\" srcset=\"https:\/\/blogsaverroes.juntadeandalucia.es\/ceiptetuan\/files\/2020\/07\/aulas-matinales-cpm-300x96.jpg 300w, https:\/\/blogsaverroes.juntadeandalucia.es\/ceiptetuan\/files\/2020\/07\/aulas-matinales-cpm-768x247.jpg 768w, https:\/\/blogsaverroes.juntadeandalucia.es\/ceiptetuan\/files\/2020\/07\/aulas-matinales-cpm-24x8.jpg 24w, https:\/\/blogsaverroes.juntadeandalucia.es\/ceiptetuan\/files\/2020\/07\/aulas-matinales-cpm-36x12.jpg 36w, https:\/\/blogsaverroes.juntadeandalucia.es\/ceiptetuan\/files\/2020\/07\/aulas-matinales-cpm-48x15.jpg 48w, https:\/\/blogsaverroes.juntadeandalucia.es\/ceiptetuan\/files\/2020\/07\/aulas-matinales-cpm.jpg 915w\" sizes=\"(max-width: 666px) 100vw, 666px\" \/><br \/>\n<\/a><\/p>\n<p><strong>M\u00e1s informaci\u00f3n pinchando en el siguiente enlace:<\/strong><\/p>\n<p><strong><a href=\"http:\/\/www.actividadescpm.com\/servicios-educativos\/aulas-matinales\/\">http:\/\/www.actividadescpm.com\/servicios-educativos\/aulas-matinales\/<\/a><\/strong><\/p>\n<p>&nbsp;<\/p>\n<p>El aula matinal del Colegio Tetu\u00e1n, tambi\u00e9n colabora en las actividades complementarias que realiza el centro , habiendo una excelente coordinaci\u00f3n de este servicio con la direcci\u00f3n del Centro, realizando las siguientes actividades que os dejamos aqu\u00ed con estos v\u00eddeos.<\/p>\n<p>-D\u00eda del flamenco 2020:<\/p>\n<p>&nbsp; &nbsp; &nbsp; &nbsp; &nbsp; &nbsp; &nbsp; &nbsp; &nbsp; &nbsp; &nbsp; &nbsp; &nbsp; &nbsp; &nbsp; &nbsp; &nbsp; &nbsp; <iframe loading=\"lazy\" src=\"https:\/\/www.youtube.com\/embed\/mIPYbmUj4_o\" width=\"560\" height=\"315\" frameborder=\"0\"><\/iframe><\/p>\n<p>D\u00eda de la Constituci\u00f3n Espa\u00f1ola 2020:<\/p>\n<p>&nbsp; &nbsp; &nbsp; &nbsp; &nbsp; &nbsp; &nbsp; &nbsp; &nbsp; &nbsp; &nbsp; &nbsp; &nbsp; &nbsp; &nbsp; &nbsp; &nbsp; &nbsp; &nbsp; &nbsp; <iframe loading=\"lazy\" src=\"https:\/\/www.youtube.com\/embed\/5mcbp7-6rYg\" width=\"560\" height=\"315\" frameborder=\"0\"><\/iframe><del datetime=\"2020-12-07T13:51:26+00:00\"><\/del><\/p>\n<p>&nbsp;<\/p>\n","protected":false},"excerpt":{"rendered":"<p>Es una actividad promovida por la Junta de Andaluc\u00eda para dar respuesta a la creciente demanda originada por las exigencias laborales de los padres y madres andaluzas, quienes se ven en la necesidad de&#46;&#46;&#46;<\/p>\n","protected":false},"author":1,"featured_media":3463,"parent":0,"menu_order":0,"comment_status":"closed","ping_status":"open","template":"page-cs.php","meta":{"ngg_post_thumbnail":0,"footnotes":"","_mc_calendar":[]},"aioseo_notices":[],"_links":{"self":[{"href":"https:\/\/blogsaverroes.juntadeandalucia.es\/ceiptetuan\/wp-json\/wp\/v2\/pages\/870"}],"collection":[{"href":"https:\/\/blogsaverroes.juntadeandalucia.es\/ceiptetuan\/wp-json\/wp\/v2\/pages"}],"about":[{"href":"https:\/\/blogsaverroes.juntadeandalucia.es\/ceiptetuan\/wp-json\/wp\/v2\/types\/page"}],"author":[{"embeddable":true,"href":"https:\/\/blogsaverroes.juntadeandalucia.es\/ceiptetuan\/wp-json\/wp\/v2\/users\/1"}],"replies":[{"embeddable":true,"href":"https:\/\/blogsaverroes.juntadeandalucia.es\/ceiptetuan\/wp-json\/wp\/v2\/comments?post=870"}],"version-history":[{"count":15,"href":"https:\/\/blogsaverroes.juntadeandalucia.es\/ceiptetuan\/wp-json\/wp\/v2\/pages\/870\/revisions"}],"predecessor-version":[{"id":8924,"href":"https:\/\/blogsaverroes.juntadeandalucia.es\/ceiptetuan\/wp-json\/wp\/v2\/pages\/870\/revisions\/8924"}],"wp:featuredmedia":[{"embeddable":true,"href":"https:\/\/blogsaverroes.juntadeandalucia.es\/ceiptetuan\/wp-json\/wp\/v2\/media\/3463"}],"wp:attachment":[{"href":"https:\/\/blogsaverroes.juntadeandalucia.es\/ceiptetuan\/wp-json\/wp\/v2\/media?parent=870"}],"curies":[{"name":"wp","href":"https:\/\/api.w.org\/{rel}","templated":true}]}}