{"id":99,"date":"2021-09-05T11:00:54","date_gmt":"2021-09-05T09:00:54","guid":{"rendered":"http:\/\/blogsaverroes.juntadeandalucia.es\/pre\/ceip\/?page_id=99"},"modified":"2023-09-18T13:02:54","modified_gmt":"2023-09-18T11:02:54","slug":"comedor-escolar","status":"publish","type":"page","link":"https:\/\/blogsaverroes.juntadeandalucia.es\/ceiptetuan\/comedor-escolar\/","title":{"rendered":"Comedor Escolar"},"content":{"rendered":"<p style=\"text-align: justify\"><strong>Los&nbsp; centros docentes p\u00fablicos prestan el servicio de comedor escolar para el alumnado del segundo ciclo de educaci\u00f3n infantil, de educaci\u00f3n primaria, de educaci\u00f3n secundaria obligatoria y de educaci\u00f3n especial durante un tiempo m\u00e1ximo de dos horas a partir de la finalizaci\u00f3n de la jornada lectiva de ma\u00f1ana, de 14.00 a 16:00 horas.<\/strong><\/p>\n<p style=\"text-align: justify\"><strong> El horario de este servicio proporciona a los padres y a las madres un apoyo que les permite compatibilizar sus obligaciones familiares y profesionales, por tanto, los comedores escolares constituyen un servicio complementario de gran utilidad para conciliar la vida laboral y familiar. Son, adem\u00e1s, una pieza importante en todas las medidas dirigidas a mejorar los h\u00e1bitos alimenticios de los ni\u00f1os y ni\u00f1as y prevenir problemas de salud como la obesidad.<\/strong><\/p>\n<p style=\"text-align: justify\"><strong>En la organizaci\u00f3n del servicio de comedor escolar, los centros docentes consideran la atenci\u00f3n al alumnado usuario, tanto en el tiempo destinado a la comida, como en los per\u00edodos inmediatamente anteriores y posteriores a la misma, todo ello en el marco de la concepci\u00f3n educativa integral que tiene este servicio en los centros.<\/strong><\/p>\n<p style=\"text-align: justify\"><strong> La gesti\u00f3n diaria del servicio se realiza teniendo en cuenta el aforo y el n\u00famero de comensales que hacen uso de dicho servicio.<\/strong><\/p>\n<p style=\"text-align: justify\"><strong>La atenci\u00f3n al alumnado en el comedor escolar se llevar\u00e1 a cabo por personal cualificado cuyas funciones son las siguientes:<\/strong><\/p>\n<p style=\"text-align: justify\"><strong>a) Atender y custodiar al alumnado durante las comidas y en el tiempo anterior y posterior a las mismas, as\u00ed como, en su caso, durante el traslado del alumnado al centro con comedor.<\/strong><br \/>\n<strong>b) Resolver las incidencias que pudieran presentarse durante ese per\u00edodo.<\/strong><br \/>\n<strong>c) Prestar especial atenci\u00f3n a la labor educativa del comedor: adquisici\u00f3n de h\u00e1bitos sociales e higi\u00e9nico-sanitarios y correcta utilizaci\u00f3n del menaje del comedor.<\/strong><br \/>\n<strong>d) Cualquier otra funci\u00f3n que le pueda ser encomendada por la persona que ejerce la direcci\u00f3n del centro, para el adecuado funcionamiento del comedor escolar.<\/strong><\/p>\n<p style=\"text-align: justify\"><b>Estos profesionales ejercen una labor educativa dirigida a favorecer la adquisici\u00f3n de buenos h\u00e1bitos sociales, higi\u00e9nicos y alimenticios. Por ejemplo, introduciendo pr\u00e1cticas como el lavado previo de las manos o el cepillado de los dientes despu\u00e9s de las comidas. Adem\u00e1s de la labor educativa que se realiza durante las comidas, despu\u00e9s de estas las empresas que atienden el comedor escolar deben ofrecer al alumnado actividades l\u00fadicas, deportivas o educativas que permitan un uso provechoso de este tiempo.<\/b><\/p>\n<p style=\"text-align: justify\"><strong>El servicio de comedor escolar se solicita en el mes de junio en la matriculaci\u00f3n del alumnado y la solicitud de bonificaciones al precio p\u00fablico de dicho servicio se realiza a principios del mes de septiembre para posibilitar que los ingresos de referencia para el c\u00e1lculo de la bonificaci\u00f3n sea el del a\u00f1o inmediatamente anterior, y adecuarse en lo posible a la capacidad econ\u00f3mica real de las familias.<\/strong><\/p>\n<p style=\"text-align: justify\"><strong>Los men\u00fas que se sirven en los comedores escolares p\u00fablicos siguen las recomendaciones de los organismos responsables en materia de sanidad en cuanto a alimentaci\u00f3n saludable, por lo que se puede afirmar que la situaci\u00f3n de los comedores escolares de Andaluc\u00eda es ejemplar desde el punto de vista nutricional.<\/strong><\/p>\n<p>Para este curso escolar 2023-24, la empresa de restauraci\u00f3n y&nbsp; catering que servir\u00e1 los men\u00fas al Centro Tetu\u00e1n ser\u00e1 <a href=\"http:\/\/www.cateringhgonzalez.com\/\" target=\"_blank\" rel=\"noopener noreferrer\"><strong>Hermanos Gonz\u00e1lez S.L.<\/strong><\/a><\/p>\n<p>Para saber m\u00e1s de la empresa pincha el siguiente enlace: <a href=\"https:\/\/empresite.eleconomista.es\/RESTAURACION-CATERING-HERMANOS-GONZALEZ.html\" target=\"_blank\" rel=\"noopener noreferrer\">https:\/\/empresite.eleconomista.es\/RESTAURACION-CATERING-HERMANOS-GONZALEZ.html<\/a><\/p>\n<p><a href=\"https:\/\/blogsaverroes.juntadeandalucia.es\/ceiptetuan\/files\/2021\/09\/descarga.png\"><img loading=\"lazy\" decoding=\"async\" class=\"size-full wp-image-7109 aligncenter\" src=\"https:\/\/blogsaverroes.juntadeandalucia.es\/ceiptetuan\/files\/2021\/09\/descarga.png\" alt=\"\" width=\"287\" height=\"175\"\/><\/a><\/p>\n<p style=\"font-weight: 400;text-align: left\">&nbsp;<\/p>\n<p style=\"font-weight: 400;text-align: left\">Las familias pueden tener informaci\u00f3n a trav\u00e9s del correo electr\u00f3nico: <a href=\"mailto:comedorescolarjaen@cateringhgonzalez.com\" rel=\"noreferrer\">comedorescolarjaen@cateringhgonzalez.com<\/a><\/p>\n<p style=\"font-weight: 400\">&nbsp;<\/p>\n","protected":false},"excerpt":{"rendered":"<p>Los&nbsp; centros docentes p\u00fablicos prestan el servicio de comedor escolar para el alumnado del segundo ciclo de educaci\u00f3n infantil, de educaci\u00f3n primaria, de educaci\u00f3n secundaria obligatoria y de educaci\u00f3n especial durante un tiempo m\u00e1ximo&#46;&#46;&#46;<\/p>\n","protected":false},"author":1,"featured_media":0,"parent":0,"menu_order":0,"comment_status":"closed","ping_status":"open","template":"page-cs.php","meta":{"ngg_post_thumbnail":0,"footnotes":"","_mc_calendar":[]},"aioseo_notices":[],"_links":{"self":[{"href":"https:\/\/blogsaverroes.juntadeandalucia.es\/ceiptetuan\/wp-json\/wp\/v2\/pages\/99"}],"collection":[{"href":"https:\/\/blogsaverroes.juntadeandalucia.es\/ceiptetuan\/wp-json\/wp\/v2\/pages"}],"about":[{"href":"https:\/\/blogsaverroes.juntadeandalucia.es\/ceiptetuan\/wp-json\/wp\/v2\/types\/page"}],"author":[{"embeddable":true,"href":"https:\/\/blogsaverroes.juntadeandalucia.es\/ceiptetuan\/wp-json\/wp\/v2\/users\/1"}],"replies":[{"embeddable":true,"href":"https:\/\/blogsaverroes.juntadeandalucia.es\/ceiptetuan\/wp-json\/wp\/v2\/comments?post=99"}],"version-history":[{"count":16,"href":"https:\/\/blogsaverroes.juntadeandalucia.es\/ceiptetuan\/wp-json\/wp\/v2\/pages\/99\/revisions"}],"predecessor-version":[{"id":8923,"href":"https:\/\/blogsaverroes.juntadeandalucia.es\/ceiptetuan\/wp-json\/wp\/v2\/pages\/99\/revisions\/8923"}],"wp:attachment":[{"href":"https:\/\/blogsaverroes.juntadeandalucia.es\/ceiptetuan\/wp-json\/wp\/v2\/media?parent=99"}],"curies":[{"name":"wp","href":"https:\/\/api.w.org\/{rel}","templated":true}]}}