{"id":141,"date":"2015-03-17T07:13:24","date_gmt":"2015-03-17T07:13:24","guid":{"rendered":"http:\/\/blogsaverroes.juntadeandalucia.es\/pre\/ceip\/?page_id=141"},"modified":"2020-03-20T06:49:12","modified_gmt":"2020-03-20T06:49:12","slug":"escolarizacion","status":"publish","type":"page","link":"https:\/\/blogsaverroes.juntadeandalucia.es\/ceiptiernogalvan\/escolarizacion\/","title":{"rendered":"Escolarizaci\u00f3n y Matr\u00edcula"},"content":{"rendered":"<p><a href=\"https:\/\/blogsaverroes.juntadeandalucia.es\/ceiptiernogalvan\/files\/2019\/03\/escolarizaci\u00f3n.png\"><img loading=\"lazy\" decoding=\"async\" class=\"wp-image-2845 alignleft\" src=\"https:\/\/blogsaverroes.juntadeandalucia.es\/ceiptiernogalvan\/files\/2019\/03\/escolarizaci\u00f3n-300x90.png\" alt=\"\" width=\"151\" height=\"50\" srcset=\"https:\/\/blogsaverroes.juntadeandalucia.es\/ceiptiernogalvan\/files\/2019\/03\/escolarizaci\u00f3n-24x7.png 24w, https:\/\/blogsaverroes.juntadeandalucia.es\/ceiptiernogalvan\/files\/2019\/03\/escolarizaci\u00f3n-36x11.png 36w\" sizes=\"(max-width: 151px) 100vw, 151px\" \/><\/a><\/p>\n<div dir=\"ltr\">&nbsp;<\/div>\n<div dir=\"ltr\">&nbsp;<\/div>\n<div dir=\"ltr\">&nbsp;<\/div>\n<div dir=\"ltr\">&nbsp;<\/div>\n<div dir=\"ltr\">Como novedad se implementa, a partir del proceso de escolarizaci\u00f3n del curso escolar 2018\/2019, en el servicio web de la Secretar\u00eda Virtual de la Consejer\u00eda de Educaci\u00f3n de la Junta de Andaluc\u00eda, una nueva funcionalidad que permite a los tutores legales del alumnado que el pr\u00f3ximo a\u00f1o cursen ense\u00f1anzas de segundo ciclo de Educaci\u00f3n Infantil o Primaria presentar<\/div>\n<div dir=\"ltr\">y tramitar de forma electr\u00f3nica el sobre de matr\u00edcula, y con ella la solicitud de servicios PAC y del servicio complementario de transporte escolar, si el centro tuviera.<\/div>\n<p><a title=\"Portal escolarizaci\u00f3n\" href=\"http:\/\/www.juntadeandalucia.es\/educacion\/webportal\/web\/portal-escolarizacion\/infantil-primaria-eso-bachillerato\" target=\"_blank\" rel=\"noopener noreferrer\">Enlace al portal de escolarizaci\u00f3n.<\/a><\/p>\n<p>&nbsp;<\/p>\n<p><a href=\"https:\/\/blogsaverroes.juntadeandalucia.es\/ceiptiernogalvan\/files\/2019\/03\/logo_secretaria_virtual.png\"><img loading=\"lazy\" decoding=\"async\" class=\"alignnone wp-image-2847\" src=\"https:\/\/blogsaverroes.juntadeandalucia.es\/ceiptiernogalvan\/files\/2019\/03\/logo_secretaria_virtual-300x68.png\" alt=\"\" width=\"214\" height=\"54\"><\/a><\/p>\n<p>&nbsp;<\/p>\n<p>&nbsp;<\/p>\n","protected":false},"excerpt":{"rendered":"<p>&nbsp; &nbsp; &nbsp; &nbsp; Como novedad se implementa, a partir del proceso de escolarizaci\u00f3n del curso escolar 2018\/2019, en el servicio web de la Secretar\u00eda Virtual de la Consejer\u00eda de Educaci\u00f3n de la Junta&#46;&#46;&#46;<\/p>\n","protected":false},"author":1,"featured_media":0,"parent":0,"menu_order":0,"comment_status":"closed","ping_status":"open","template":"","meta":{"ngg_post_thumbnail":0,"footnotes":"","_mc_calendar":[]},"aioseo_notices":[],"_links":{"self":[{"href":"https:\/\/blogsaverroes.juntadeandalucia.es\/ceiptiernogalvan\/wp-json\/wp\/v2\/pages\/141"}],"collection":[{"href":"https:\/\/blogsaverroes.juntadeandalucia.es\/ceiptiernogalvan\/wp-json\/wp\/v2\/pages"}],"about":[{"href":"https:\/\/blogsaverroes.juntadeandalucia.es\/ceiptiernogalvan\/wp-json\/wp\/v2\/types\/page"}],"author":[{"embeddable":true,"href":"https:\/\/blogsaverroes.juntadeandalucia.es\/ceiptiernogalvan\/wp-json\/wp\/v2\/users\/1"}],"replies":[{"embeddable":true,"href":"https:\/\/blogsaverroes.juntadeandalucia.es\/ceiptiernogalvan\/wp-json\/wp\/v2\/comments?post=141"}],"version-history":[{"count":13,"href":"https:\/\/blogsaverroes.juntadeandalucia.es\/ceiptiernogalvan\/wp-json\/wp\/v2\/pages\/141\/revisions"}],"predecessor-version":[{"id":2950,"href":"https:\/\/blogsaverroes.juntadeandalucia.es\/ceiptiernogalvan\/wp-json\/wp\/v2\/pages\/141\/revisions\/2950"}],"wp:attachment":[{"href":"https:\/\/blogsaverroes.juntadeandalucia.es\/ceiptiernogalvan\/wp-json\/wp\/v2\/media?parent=141"}],"curies":[{"name":"wp","href":"https:\/\/api.w.org\/{rel}","templated":true}]}}