{"id":2312,"date":"2016-03-04T09:30:33","date_gmt":"2016-03-04T09:30:33","guid":{"rendered":"http:\/\/blogsaverroes.juntadeandalucia.es\/ceiptiernogalvan\/?page_id=2312"},"modified":"2019-04-01T11:28:27","modified_gmt":"2019-04-01T11:28:27","slug":"andalucia-profundiza","status":"publish","type":"page","link":"https:\/\/blogsaverroes.juntadeandalucia.es\/ceiptiernogalvan\/andalucia-profundiza\/","title":{"rendered":"Andalucia Profundiza"},"content":{"rendered":"<p><a href=\"http:\/\/profundiza.org\/\"><img loading=\"lazy\" decoding=\"async\" class=\"alignnone wp-image-2862\" src=\"https:\/\/blogsaverroes.juntadeandalucia.es\/ceiptiernogalvan\/files\/2019\/04\/logo-profundiza-300x141.png\" alt=\"\" width=\"215\" height=\"106\"><\/a><\/p>\n<p>&nbsp;<\/p>\n<ul>\n<li>\u00bfQu\u00e9 es Andaluc\u00eda Profundiza?\n<ul>\n<li>Es un programa de profundizaci\u00f3n de conocimientos que consiste en la realizaci\u00f3n de proyectos de investigaci\u00f3n en los centros educativos en horario extraescolar. Estos proyectos se dirigen a la estimulaci\u00f3n del aprendizaje y de la iniciativa en aquellos alumnos y alumnas que se destacan por su inter\u00e9s y motivaci\u00f3n hacia la realizaci\u00f3n de actividades que supongan una profundizaci\u00f3n con respecto al curr\u00edculo ordinario.<\/li>\n<\/ul>\n<\/li>\n<li>Fomento de la innovaci\u00f3n educativa:\n<ul>\n<li>En Andaluc\u00eda Profundiza la clave reside en la investigaci\u00f3n, en el aprendizaje por descubrimiento, en el desarrollo de proyectos de aprendizaje activo por parte del alumnado, potenciando el inter\u00e9s de \u00e9stos por la experimentaci\u00f3n y la investigaci\u00f3n, convirti\u00e9ndolos en agentes activos en la construcci\u00f3n de sus aprendizajes.<\/li>\n<\/ul>\n<\/li>\n<li>Trabajo en Equipo, desarrollo de las CCBB:\n<ul>\n<li>Cada grupo de alumnado desarrolla un proyecto concreto dirigido por profesorado con experiencia en la realizaci\u00f3n de este tipo de actividades. Estos proyectos de trabajo permiten abordar el conocimiento desde otras perspectivas y desarrollar de manera activa las competencias b\u00e1sicas.<\/li>\n<\/ul>\n<\/li>\n<\/ul>\n<p>&nbsp;<\/p>\n<p>Este curso nos han vuelto a conceder el programa, que este a\u00f1o va a consistir en un proyecto de Astronom\u00eda.<\/p>\n<p>&nbsp;<\/p>\n<p>Web del programa <a href=\"http:\/\/profundiza.org\/\">http:\/\/profundiza.org\/<\/a><\/p>\n<p>&nbsp;<\/p>\n","protected":false},"excerpt":{"rendered":"<p>&nbsp; \u00bfQu\u00e9 es Andaluc\u00eda Profundiza? Es un programa de profundizaci\u00f3n de conocimientos que consiste en la realizaci\u00f3n de proyectos de investigaci\u00f3n en los centros educativos en horario extraescolar. Estos proyectos se dirigen a la&#46;&#46;&#46;<\/p>\n","protected":false},"author":2434,"featured_media":0,"parent":0,"menu_order":0,"comment_status":"open","ping_status":"open","template":"","meta":{"ngg_post_thumbnail":0,"footnotes":"","_mc_calendar":[]},"aioseo_notices":[],"_links":{"self":[{"href":"https:\/\/blogsaverroes.juntadeandalucia.es\/ceiptiernogalvan\/wp-json\/wp\/v2\/pages\/2312"}],"collection":[{"href":"https:\/\/blogsaverroes.juntadeandalucia.es\/ceiptiernogalvan\/wp-json\/wp\/v2\/pages"}],"about":[{"href":"https:\/\/blogsaverroes.juntadeandalucia.es\/ceiptiernogalvan\/wp-json\/wp\/v2\/types\/page"}],"author":[{"embeddable":true,"href":"https:\/\/blogsaverroes.juntadeandalucia.es\/ceiptiernogalvan\/wp-json\/wp\/v2\/users\/2434"}],"replies":[{"embeddable":true,"href":"https:\/\/blogsaverroes.juntadeandalucia.es\/ceiptiernogalvan\/wp-json\/wp\/v2\/comments?post=2312"}],"version-history":[{"count":10,"href":"https:\/\/blogsaverroes.juntadeandalucia.es\/ceiptiernogalvan\/wp-json\/wp\/v2\/pages\/2312\/revisions"}],"predecessor-version":[{"id":2869,"href":"https:\/\/blogsaverroes.juntadeandalucia.es\/ceiptiernogalvan\/wp-json\/wp\/v2\/pages\/2312\/revisions\/2869"}],"wp:attachment":[{"href":"https:\/\/blogsaverroes.juntadeandalucia.es\/ceiptiernogalvan\/wp-json\/wp\/v2\/media?parent=2312"}],"curies":[{"name":"wp","href":"https:\/\/api.w.org\/{rel}","templated":true}]}}