{"id":2877,"date":"2019-04-07T10:49:22","date_gmt":"2019-04-07T10:49:22","guid":{"rendered":"http:\/\/blogsaverroes.juntadeandalucia.es\/ceiptiernogalvan\/?page_id=2877"},"modified":"2021-02-03T08:43:34","modified_gmt":"2021-02-03T08:43:34","slug":"manual-pasen","status":"publish","type":"page","link":"https:\/\/blogsaverroes.juntadeandalucia.es\/ceiptiernogalvan\/manual-pasen\/","title":{"rendered":"Pasen \/ Ipasen"},"content":{"rendered":"<p>PASEN, es un m\u00f3dulo que forma parte de S\u00c9NECA y permite la comunicaci\u00f3n entre los distintos miembros de la comunidad educativa (tutores\/as legales, alumnado, cargos directivos y profesorado).<\/p>\n<p>Este servicio de valor a\u00f1adido se apoya en una aplicaci\u00f3n Web que act\u00faa de canal de comunicaci\u00f3n y que ofrece a todos los agentes de la Comunidad Educativa la posibilidad de mantener un di\u00e1logo fluido y cotidiano, a\u00fan para aquellos que por diversos motivos, ya sean personales, laborales o de cualquier otro origen, no puedan llevarlo a cabo del modo tradicional.<\/p>\n<p style=\"text-align: center\"><a href=\"https:\/\/www.juntadeandalucia.es\/educacion\/portalseneca\/web\/pasen\/inicio\"><img loading=\"lazy\" decoding=\"async\" class=\"aligncenter wp-image-164\" src=\"https:\/\/blogsaverroes.juntadeandalucia.es\/transformaciondigital\/files\/2021\/01\/Selecci\u00f3n_023-300x153.png\" alt=\"\" width=\"450\" height=\"230\"><\/a><a href=\"https:\/\/www.juntadeandalucia.es\/educacion\/portalseneca\/web\/pasen\/inicio\" target=\"_blank\" rel=\"noopener noreferrer\">Acceso a Pasen Web<\/a><\/p>\n<p>PASEN permitir\u00e1 a los tutores\/as legales de los alumnos\/as matriculados\/as en el centro,contactar con el resto de la Comunidad Educativa (profesores y profesoras, cargos directivos de los centros, etc.) de una forma \u00e1gil y sencilla. Adem\u00e1s de esta beneficiosa y complementaria ayuda a la comunicaci\u00f3n entre los miembros de la comunidad, PASEN pone a nuestra disposici\u00f3n una serie de herramientas para poder llevar un seguimiento del curso, pudiendo consultar las actividades evaluables (controles, tareas y otros \u00edtem) que se le asignen a nuestros\/as hijos e hijas, consultar el horario escolar, las faltas de asistencia a clase registradas por el profesor, obtener informaci\u00f3n de su trayectoria escolar y consultar las notas de evaluaci\u00f3n. Por \u00faltimo, cabe destacar un apartado de comunicaciones en las que los tutores\/as legales podr\u00e1n intercambiar mensajes con el profesorado o cargos directivos del centro, consultar informaci\u00f3n relacionada con el colegio a trav\u00e9s del tabl\u00f3n de anuncios, as\u00ed como suscribirse a los avisos del centro para ser notificados mediante correo electr\u00f3nico o mensaje al m\u00f3vil.<\/p>\n<p>Descargue el manual Pasen en el siguiente enlace: <a href=\"https:\/\/blogsaverroes.juntadeandalucia.es\/ceiptiernogalvan\/files\/2019\/04\/Manual_Pasen_perfil_Tutores-Legales.pdf\">Manual_Pasen_perfil_Tutores Legales<\/a><\/p>\n<p>&nbsp;<\/p>\n<p>&nbsp;<\/p>\n<p>&nbsp;<\/p>\n","protected":false},"excerpt":{"rendered":"<p>PASEN, es un m\u00f3dulo que forma parte de S\u00c9NECA y permite la comunicaci\u00f3n entre los distintos miembros de la comunidad educativa (tutores\/as legales, alumnado, cargos directivos y profesorado). Este servicio de valor a\u00f1adido se&#46;&#46;&#46;<\/p>\n","protected":false},"author":2434,"featured_media":2899,"parent":0,"menu_order":0,"comment_status":"closed","ping_status":"closed","template":"","meta":{"ngg_post_thumbnail":0,"footnotes":"","_mc_calendar":[]},"aioseo_notices":[],"_links":{"self":[{"href":"https:\/\/blogsaverroes.juntadeandalucia.es\/ceiptiernogalvan\/wp-json\/wp\/v2\/pages\/2877"}],"collection":[{"href":"https:\/\/blogsaverroes.juntadeandalucia.es\/ceiptiernogalvan\/wp-json\/wp\/v2\/pages"}],"about":[{"href":"https:\/\/blogsaverroes.juntadeandalucia.es\/ceiptiernogalvan\/wp-json\/wp\/v2\/types\/page"}],"author":[{"embeddable":true,"href":"https:\/\/blogsaverroes.juntadeandalucia.es\/ceiptiernogalvan\/wp-json\/wp\/v2\/users\/2434"}],"replies":[{"embeddable":true,"href":"https:\/\/blogsaverroes.juntadeandalucia.es\/ceiptiernogalvan\/wp-json\/wp\/v2\/comments?post=2877"}],"version-history":[{"count":11,"href":"https:\/\/blogsaverroes.juntadeandalucia.es\/ceiptiernogalvan\/wp-json\/wp\/v2\/pages\/2877\/revisions"}],"predecessor-version":[{"id":3117,"href":"https:\/\/blogsaverroes.juntadeandalucia.es\/ceiptiernogalvan\/wp-json\/wp\/v2\/pages\/2877\/revisions\/3117"}],"wp:featuredmedia":[{"embeddable":true,"href":"https:\/\/blogsaverroes.juntadeandalucia.es\/ceiptiernogalvan\/wp-json\/wp\/v2\/media\/2899"}],"wp:attachment":[{"href":"https:\/\/blogsaverroes.juntadeandalucia.es\/ceiptiernogalvan\/wp-json\/wp\/v2\/media?parent=2877"}],"curies":[{"name":"wp","href":"https:\/\/api.w.org\/{rel}","templated":true}]}}