{"id":3087,"date":"2021-02-02T16:01:36","date_gmt":"2021-02-02T16:01:36","guid":{"rendered":"https:\/\/blogsaverroes.juntadeandalucia.es\/ceiptiernogalvan\/?page_id=3087"},"modified":"2021-02-02T16:08:51","modified_gmt":"2021-02-02T16:08:51","slug":"transformacion-digital","status":"publish","type":"page","link":"https:\/\/blogsaverroes.juntadeandalucia.es\/ceiptiernogalvan\/transformacion-digital\/","title":{"rendered":"TRANSFORMACI\u00d3N DIGITAL"},"content":{"rendered":"<p>Las tecnolog\u00edas han irrumpido en la escuela para quedarse. Las posibilidades que \u00e9stas nos ofrecen en el campo educativo son numerosas y variadas y requiere que todos y todas recibamos una formaci\u00f3n espec\u00edfica para poder aprovechar y disfrutar, de forma responsable, de todos sus beneficios.<\/p>\n<p>En este espacio las familias podr\u00e1n encontrar informaci\u00f3n,&nbsp; ayuda, recursos, recomendaciones sobre el uso responsable de las tecnolog\u00edas, seguridad en internet, etc.<\/p>\n","protected":false},"excerpt":{"rendered":"<p>Las tecnolog\u00edas han irrumpido en la escuela para quedarse. Las posibilidades que \u00e9stas nos ofrecen en el campo educativo son numerosas y variadas y requiere que todos y todas recibamos una formaci\u00f3n espec\u00edfica para&#46;&#46;&#46;<\/p>\n","protected":false},"author":2434,"featured_media":0,"parent":0,"menu_order":0,"comment_status":"closed","ping_status":"closed","template":"","meta":{"ngg_post_thumbnail":0,"footnotes":"","_mc_calendar":[]},"aioseo_notices":[],"_links":{"self":[{"href":"https:\/\/blogsaverroes.juntadeandalucia.es\/ceiptiernogalvan\/wp-json\/wp\/v2\/pages\/3087"}],"collection":[{"href":"https:\/\/blogsaverroes.juntadeandalucia.es\/ceiptiernogalvan\/wp-json\/wp\/v2\/pages"}],"about":[{"href":"https:\/\/blogsaverroes.juntadeandalucia.es\/ceiptiernogalvan\/wp-json\/wp\/v2\/types\/page"}],"author":[{"embeddable":true,"href":"https:\/\/blogsaverroes.juntadeandalucia.es\/ceiptiernogalvan\/wp-json\/wp\/v2\/users\/2434"}],"replies":[{"embeddable":true,"href":"https:\/\/blogsaverroes.juntadeandalucia.es\/ceiptiernogalvan\/wp-json\/wp\/v2\/comments?post=3087"}],"version-history":[{"count":3,"href":"https:\/\/blogsaverroes.juntadeandalucia.es\/ceiptiernogalvan\/wp-json\/wp\/v2\/pages\/3087\/revisions"}],"predecessor-version":[{"id":3092,"href":"https:\/\/blogsaverroes.juntadeandalucia.es\/ceiptiernogalvan\/wp-json\/wp\/v2\/pages\/3087\/revisions\/3092"}],"wp:attachment":[{"href":"https:\/\/blogsaverroes.juntadeandalucia.es\/ceiptiernogalvan\/wp-json\/wp\/v2\/media?parent=3087"}],"curies":[{"name":"wp","href":"https:\/\/api.w.org\/{rel}","templated":true}]}}