{"id":3097,"date":"2021-02-02T16:25:42","date_gmt":"2021-02-02T16:25:42","guid":{"rendered":"https:\/\/blogsaverroes.juntadeandalucia.es\/ceiptiernogalvan\/?page_id=3097"},"modified":"2021-02-02T16:25:42","modified_gmt":"2021-02-02T16:25:42","slug":"moodle-centros","status":"publish","type":"page","link":"https:\/\/blogsaverroes.juntadeandalucia.es\/ceiptiernogalvan\/moodle-centros\/","title":{"rendered":"Moodle Centros"},"content":{"rendered":"<p>Moodle Centros es una herramienta de gesti\u00f3n de aprendizaje (LMS), de Software Libre y gratuito, que est\u00e1 concebida para ayudar al profesorado a crear comunidades de aprendizaje en l\u00ednea, facilitando la gesti\u00f3n de contenidos, la comunicaci\u00f3n y la evaluaci\u00f3n. Su dise\u00f1o est\u00e1 inspirado en el constructivismo y en el aprendizaje cooperativo.<\/p>\n<p>La Consejer\u00eda de Educaci\u00f3n y Deporte pone a disposici\u00f3n de todos los centros educativos sostenidos con fondos p\u00fablicos un espacio en la plataforma Moodle Centros, alojada y atendida de forma centralizada desde los Servicios Centrales.<\/p>\n<p>El alumnado puede acceder con sus credenciales PASEN.<\/p>\n<p><a href=\"https:\/\/educacionadistancia.juntadeandalucia.es\/centros\/cadiz\/\"><img loading=\"lazy\" decoding=\"async\" class=\"aligncenter wp-image-177 size-large\" src=\"https:\/\/blogsaverroes.juntadeandalucia.es\/transformaciondigital\/files\/2021\/01\/Selecci\u00f3n_025-1024x432.png\" alt=\"\" width=\"1024\" height=\"432\"><\/a><\/p>\n","protected":false},"excerpt":{"rendered":"<p>Moodle Centros es una herramienta de gesti\u00f3n de aprendizaje (LMS), de Software Libre y gratuito, que est\u00e1 concebida para ayudar al profesorado a crear comunidades de aprendizaje en l\u00ednea, facilitando la gesti\u00f3n de contenidos,&#46;&#46;&#46;<\/p>\n","protected":false},"author":2434,"featured_media":0,"parent":0,"menu_order":0,"comment_status":"closed","ping_status":"closed","template":"","meta":{"ngg_post_thumbnail":0,"footnotes":"","_mc_calendar":[]},"aioseo_notices":[],"_links":{"self":[{"href":"https:\/\/blogsaverroes.juntadeandalucia.es\/ceiptiernogalvan\/wp-json\/wp\/v2\/pages\/3097"}],"collection":[{"href":"https:\/\/blogsaverroes.juntadeandalucia.es\/ceiptiernogalvan\/wp-json\/wp\/v2\/pages"}],"about":[{"href":"https:\/\/blogsaverroes.juntadeandalucia.es\/ceiptiernogalvan\/wp-json\/wp\/v2\/types\/page"}],"author":[{"embeddable":true,"href":"https:\/\/blogsaverroes.juntadeandalucia.es\/ceiptiernogalvan\/wp-json\/wp\/v2\/users\/2434"}],"replies":[{"embeddable":true,"href":"https:\/\/blogsaverroes.juntadeandalucia.es\/ceiptiernogalvan\/wp-json\/wp\/v2\/comments?post=3097"}],"version-history":[{"count":1,"href":"https:\/\/blogsaverroes.juntadeandalucia.es\/ceiptiernogalvan\/wp-json\/wp\/v2\/pages\/3097\/revisions"}],"predecessor-version":[{"id":3098,"href":"https:\/\/blogsaverroes.juntadeandalucia.es\/ceiptiernogalvan\/wp-json\/wp\/v2\/pages\/3097\/revisions\/3098"}],"wp:attachment":[{"href":"https:\/\/blogsaverroes.juntadeandalucia.es\/ceiptiernogalvan\/wp-json\/wp\/v2\/media?parent=3097"}],"curies":[{"name":"wp","href":"https:\/\/api.w.org\/{rel}","templated":true}]}}