{"id":3100,"date":"2021-02-02T16:30:35","date_gmt":"2021-02-02T16:30:35","guid":{"rendered":"https:\/\/blogsaverroes.juntadeandalucia.es\/ceiptiernogalvan\/?page_id=3100"},"modified":"2021-02-02T16:30:35","modified_gmt":"2021-02-02T16:30:35","slug":"como-acceder-a-moodle-centros","status":"publish","type":"page","link":"https:\/\/blogsaverroes.juntadeandalucia.es\/ceiptiernogalvan\/como-acceder-a-moodle-centros\/","title":{"rendered":"\u00bfC\u00f3mo acceder a Moodle Centros?"},"content":{"rendered":"<p>Para acceder al aula virtual Moodle, debemos conocer el usuario y contrase\u00f1a facilitado por la Consejer\u00eda de Educaci\u00f3n. Para ello, previamente entramos en Ipasen donde encontraremos las credenciales.<\/p>\n<p>A continuaci\u00f3n se describen los pasos.<\/p>\n<p><img loading=\"lazy\" decoding=\"async\" class=\"wp-image-143 size-large alignleft\" src=\"https:\/\/blogsaverroes.juntadeandalucia.es\/transformaciondigital\/files\/2021\/01\/Selecci\u00f3n_005-1024x724.jpg\" alt=\"\" width=\"1024\" height=\"724\"><\/p>\n<p><img loading=\"lazy\" decoding=\"async\" class=\"wp-image-146 size-large aligncenter\" src=\"https:\/\/blogsaverroes.juntadeandalucia.es\/transformaciondigital\/files\/2021\/01\/credenciales_moodle_3-1024x724.jpg\" alt=\"\" width=\"1024\" height=\"724\"><\/p>\n<p>&nbsp;<\/p>\n<p><img loading=\"lazy\" decoding=\"async\" class=\"alignnone wp-image-146 size-large\" src=\"https:\/\/blogsaverroes.juntadeandalucia.es\/transformaciondigital\/files\/2021\/01\/credenciales_moodle_3-1024x724.jpg\" alt=\"\" width=\"1024\" height=\"724\"><\/p>\n<p><img loading=\"lazy\" decoding=\"async\" class=\"alignnone wp-image-147 size-full\" src=\"https:\/\/blogsaverroes.juntadeandalucia.es\/transformaciondigital\/files\/2021\/01\/credenciales_moodle_4.jpg\" alt=\"\" width=\"1123\" height=\"794\"><\/p>\n<p><img loading=\"lazy\" decoding=\"async\" class=\"alignnone wp-image-148 size-full\" src=\"https:\/\/blogsaverroes.juntadeandalucia.es\/transformaciondigital\/files\/2021\/01\/credenciales_moodle_5.jpg\" alt=\"\" width=\"1123\" height=\"794\"><\/p>\n<p>&nbsp;<\/p>\n<p>Una vez hemos obtenido las credenciales de acceso a Moodle, la guardamos en lugar seguro.<\/p>\n<p>En caso de perder, olvidar o creer que alguien pudiera conocer nuestra contrase\u00f1a, volveremos a generar una nueva repitiendo el paso 4.<\/p>\n<p>Una vez tenemos las credenciales de nuestro hijo\/a ya podremos acceder a Moodle.<\/p>\n<p><img loading=\"lazy\" decoding=\"async\" class=\"wp-image-195 size-full aligncenter\" src=\"https:\/\/blogsaverroes.juntadeandalucia.es\/transformaciondigital\/files\/2021\/01\/Selecci\u00f3n_018.png\" alt=\"\" width=\"643\" height=\"351\"><\/p>\n","protected":false},"excerpt":{"rendered":"<p>Para acceder al aula virtual Moodle, debemos conocer el usuario y contrase\u00f1a facilitado por la Consejer\u00eda de Educaci\u00f3n. Para ello, previamente entramos en Ipasen donde encontraremos las credenciales. A continuaci\u00f3n se describen los pasos.&#46;&#46;&#46;<\/p>\n","protected":false},"author":2434,"featured_media":0,"parent":0,"menu_order":0,"comment_status":"closed","ping_status":"closed","template":"","meta":{"ngg_post_thumbnail":0,"footnotes":"","_mc_calendar":[]},"aioseo_notices":[],"_links":{"self":[{"href":"https:\/\/blogsaverroes.juntadeandalucia.es\/ceiptiernogalvan\/wp-json\/wp\/v2\/pages\/3100"}],"collection":[{"href":"https:\/\/blogsaverroes.juntadeandalucia.es\/ceiptiernogalvan\/wp-json\/wp\/v2\/pages"}],"about":[{"href":"https:\/\/blogsaverroes.juntadeandalucia.es\/ceiptiernogalvan\/wp-json\/wp\/v2\/types\/page"}],"author":[{"embeddable":true,"href":"https:\/\/blogsaverroes.juntadeandalucia.es\/ceiptiernogalvan\/wp-json\/wp\/v2\/users\/2434"}],"replies":[{"embeddable":true,"href":"https:\/\/blogsaverroes.juntadeandalucia.es\/ceiptiernogalvan\/wp-json\/wp\/v2\/comments?post=3100"}],"version-history":[{"count":1,"href":"https:\/\/blogsaverroes.juntadeandalucia.es\/ceiptiernogalvan\/wp-json\/wp\/v2\/pages\/3100\/revisions"}],"predecessor-version":[{"id":3101,"href":"https:\/\/blogsaverroes.juntadeandalucia.es\/ceiptiernogalvan\/wp-json\/wp\/v2\/pages\/3100\/revisions\/3101"}],"wp:attachment":[{"href":"https:\/\/blogsaverroes.juntadeandalucia.es\/ceiptiernogalvan\/wp-json\/wp\/v2\/media?parent=3100"}],"curies":[{"name":"wp","href":"https:\/\/api.w.org\/{rel}","templated":true}]}}