{"id":3195,"date":"2021-02-06T11:10:46","date_gmt":"2021-02-06T11:10:46","guid":{"rendered":"https:\/\/blogsaverroes.juntadeandalucia.es\/ceiptiernogalvan\/?page_id=3195"},"modified":"2021-02-06T11:10:46","modified_gmt":"2021-02-06T11:10:46","slug":"transporte-escolar","status":"publish","type":"page","link":"https:\/\/blogsaverroes.juntadeandalucia.es\/ceiptiernogalvan\/transporte-escolar\/","title":{"rendered":"Transporte Escolar"},"content":{"rendered":"<p>Nuestro centro cuenta con transporte escolar que realiza los siguientes servicios:<\/p>\n<ul>\n<li>El ordinario tiene tres paradas: 1- Almoraima, 2- Carretera del Castillo, 3- Castillo de Castellar. El horario de recogida del alumnado es a las 8:30 para llevar al colegio y a las 15 h. para la vuelta a casa.<\/li>\n<\/ul>\n<p>&nbsp;<\/p>\n<ul>\n<li>El Extraordinario se decide en funci\u00f3n de los usuarios directamente con el servicio de transporte de la Delegaci\u00f3n de Educaci\u00f3n y Deporte.<\/li>\n<\/ul>\n","protected":false},"excerpt":{"rendered":"<p>Nuestro centro cuenta con transporte escolar que realiza los siguientes servicios: El ordinario tiene tres paradas: 1- Almoraima, 2- Carretera del Castillo, 3- Castillo de Castellar. El horario de recogida del alumnado es a&#46;&#46;&#46;<\/p>\n","protected":false},"author":2434,"featured_media":0,"parent":0,"menu_order":0,"comment_status":"closed","ping_status":"closed","template":"","meta":{"ngg_post_thumbnail":0,"footnotes":"","_mc_calendar":[]},"aioseo_notices":[],"_links":{"self":[{"href":"https:\/\/blogsaverroes.juntadeandalucia.es\/ceiptiernogalvan\/wp-json\/wp\/v2\/pages\/3195"}],"collection":[{"href":"https:\/\/blogsaverroes.juntadeandalucia.es\/ceiptiernogalvan\/wp-json\/wp\/v2\/pages"}],"about":[{"href":"https:\/\/blogsaverroes.juntadeandalucia.es\/ceiptiernogalvan\/wp-json\/wp\/v2\/types\/page"}],"author":[{"embeddable":true,"href":"https:\/\/blogsaverroes.juntadeandalucia.es\/ceiptiernogalvan\/wp-json\/wp\/v2\/users\/2434"}],"replies":[{"embeddable":true,"href":"https:\/\/blogsaverroes.juntadeandalucia.es\/ceiptiernogalvan\/wp-json\/wp\/v2\/comments?post=3195"}],"version-history":[{"count":1,"href":"https:\/\/blogsaverroes.juntadeandalucia.es\/ceiptiernogalvan\/wp-json\/wp\/v2\/pages\/3195\/revisions"}],"predecessor-version":[{"id":3196,"href":"https:\/\/blogsaverroes.juntadeandalucia.es\/ceiptiernogalvan\/wp-json\/wp\/v2\/pages\/3195\/revisions\/3196"}],"wp:attachment":[{"href":"https:\/\/blogsaverroes.juntadeandalucia.es\/ceiptiernogalvan\/wp-json\/wp\/v2\/media?parent=3195"}],"curies":[{"name":"wp","href":"https:\/\/api.w.org\/{rel}","templated":true}]}}