{"id":35,"date":"2015-03-13T08:21:43","date_gmt":"2015-03-13T08:21:43","guid":{"rendered":"http:\/\/blogsaverroes.juntadeandalucia.es\/pre\/ceip\/?page_id=35"},"modified":"2021-02-06T11:25:32","modified_gmt":"2021-02-06T11:25:32","slug":"el-centro-2","status":"publish","type":"page","link":"https:\/\/blogsaverroes.juntadeandalucia.es\/ceiptiernogalvan\/el-centro-2\/","title":{"rendered":"Datos del centro"},"content":{"rendered":"<h4 style=\"text-align: left\"><strong>Datos de contacto&nbsp;&nbsp;&nbsp;&nbsp;&nbsp;&nbsp;&nbsp;&nbsp;&nbsp;&nbsp;&nbsp;&nbsp;&nbsp;&nbsp;&nbsp;&nbsp;&nbsp;&nbsp;&nbsp;&nbsp;&nbsp;&nbsp;&nbsp;&nbsp;&nbsp;&nbsp;&nbsp;&nbsp;&nbsp;&nbsp;&nbsp;&nbsp;&nbsp;&nbsp;&nbsp;&nbsp;&nbsp;&nbsp;&nbsp;&nbsp;&nbsp;&nbsp;&nbsp;&nbsp;&nbsp;&nbsp;&nbsp;&nbsp;&nbsp;&nbsp;&nbsp;&nbsp;&nbsp;&nbsp;&nbsp;&nbsp;&nbsp;&nbsp;&nbsp; <\/strong><\/h4>\n<p>Colegio de Educaci\u00f3n Infantil y Primaria Tierno Galv\u00e1n<\/p>\n<p><strong>Direcci\u00f3n:<\/strong> &nbsp;Calle C\u00e1diz s\/n. Castellar de la Frontera. C\u00e1diz<\/p>\n<p><strong>Tel\u00e9fonos:<span class=\"_Xbe kno-fv\">956 67 05 91\/600 14 51 94<br \/>\n<\/span><\/strong><\/p>\n<p>Pagina Web: <a href=\"https:\/\/blogsaverroes.juntadeandalucia.es\/ceiptiernogalvan\/rof-2019_20\/\">https:\/\/blogsaverroes.juntadeandalucia.es \/ceiptiernogalvan\/<\/a><\/p>\n<p>Correo Electr\u00f3nico<strong><span class=\"_Xbe kno-fv\">11006723.edu@juntadeandalucia.es<br \/>\n<\/span><\/strong><\/p>\n<p>&nbsp;<\/p>\n<h4><strong>&nbsp;<\/strong><\/h4>\n<p>&nbsp;<\/p>\n","protected":false},"excerpt":{"rendered":"<p>Datos de contacto&nbsp;&nbsp;&nbsp;&nbsp;&nbsp;&nbsp;&nbsp;&nbsp;&nbsp;&nbsp;&nbsp;&nbsp;&nbsp;&nbsp;&nbsp;&nbsp;&nbsp;&nbsp;&nbsp;&nbsp;&nbsp;&nbsp;&nbsp;&nbsp;&nbsp;&nbsp;&nbsp;&nbsp;&nbsp;&nbsp;&nbsp;&nbsp;&nbsp;&nbsp;&nbsp;&nbsp;&nbsp;&nbsp;&nbsp;&nbsp;&nbsp;&nbsp;&nbsp;&nbsp;&nbsp;&nbsp;&nbsp;&nbsp;&nbsp;&nbsp;&nbsp;&nbsp;&nbsp;&nbsp;&nbsp;&nbsp;&nbsp;&nbsp;&nbsp; Colegio de Educaci\u00f3n Infantil y Primaria Tierno Galv\u00e1n Direcci\u00f3n: &nbsp;Calle C\u00e1diz s\/n. Castellar de la Frontera. C\u00e1diz Tel\u00e9fonos:956 67 05 91\/600 14 51 94 Pagina Web: https:\/\/blogsaverroes.juntadeandalucia.es \/ceiptiernogalvan\/ Correo Electr\u00f3nico11006723.edu@juntadeandalucia.es &nbsp;&#46;&#46;&#46;<\/p>\n","protected":false},"author":1,"featured_media":0,"parent":0,"menu_order":0,"comment_status":"closed","ping_status":"open","template":"","meta":{"ngg_post_thumbnail":0,"footnotes":"","_mc_calendar":[]},"aioseo_notices":[],"_links":{"self":[{"href":"https:\/\/blogsaverroes.juntadeandalucia.es\/ceiptiernogalvan\/wp-json\/wp\/v2\/pages\/35"}],"collection":[{"href":"https:\/\/blogsaverroes.juntadeandalucia.es\/ceiptiernogalvan\/wp-json\/wp\/v2\/pages"}],"about":[{"href":"https:\/\/blogsaverroes.juntadeandalucia.es\/ceiptiernogalvan\/wp-json\/wp\/v2\/types\/page"}],"author":[{"embeddable":true,"href":"https:\/\/blogsaverroes.juntadeandalucia.es\/ceiptiernogalvan\/wp-json\/wp\/v2\/users\/1"}],"replies":[{"embeddable":true,"href":"https:\/\/blogsaverroes.juntadeandalucia.es\/ceiptiernogalvan\/wp-json\/wp\/v2\/comments?post=35"}],"version-history":[{"count":32,"href":"https:\/\/blogsaverroes.juntadeandalucia.es\/ceiptiernogalvan\/wp-json\/wp\/v2\/pages\/35\/revisions"}],"predecessor-version":[{"id":3201,"href":"https:\/\/blogsaverroes.juntadeandalucia.es\/ceiptiernogalvan\/wp-json\/wp\/v2\/pages\/35\/revisions\/3201"}],"wp:attachment":[{"href":"https:\/\/blogsaverroes.juntadeandalucia.es\/ceiptiernogalvan\/wp-json\/wp\/v2\/media?parent=35"}],"curies":[{"name":"wp","href":"https:\/\/api.w.org\/{rel}","templated":true}]}}