{"id":3563,"date":"2021-11-11T20:27:52","date_gmt":"2021-11-11T20:27:52","guid":{"rendered":"https:\/\/blogsaverroes.juntadeandalucia.es\/ceiptiernogalvan\/?page_id=3563"},"modified":"2025-02-22T11:52:51","modified_gmt":"2025-02-22T11:52:51","slug":"plan-de-autoproteccion-escolar","status":"publish","type":"page","link":"https:\/\/blogsaverroes.juntadeandalucia.es\/ceiptiernogalvan\/plan-de-autoproteccion-escolar\/","title":{"rendered":"Plan de Autoprotecci\u00f3n Escolar"},"content":{"rendered":"<p style=\"text-align: left\">El&nbsp;<a href=\"https:\/\/blogsaverroes.juntadeandalucia.es\/ceiptiernogalvan\/files\/2021\/11\/Plan_de_Autoproteccion_Escolar-2.pdf\"><b>Plan de Autoprotecci\u00f3n Escolar<\/b>&nbsp;<\/a>es el instrumento&nbsp;que&nbsp;pretende organizar los medios humanos y materiales disponibles en el Centro, para conseguir la prevenci\u00f3n de los riesgos existentes, garantizar la evacuaci\u00f3n y la intervenci\u00f3n inmediata, en caso de siniestro.<\/p>\n<p>Plan_de_Autoproteccion_Escolar<\/p>\n<p><a href=\"https:\/\/drive.google.com\/file\/d\/1iVxrgeQ6rATsAeccPUhBExYOm3oOXLxK\/view?usp=sharing\">https:\/\/drive.google.com\/file\/d\/1iVxrgeQ6rATsAeccPUhBExYOm3oOXLxK\/view?usp=sharing<\/a><\/p>\n","protected":false},"excerpt":{"rendered":"<p>El&nbsp;Plan de Autoprotecci\u00f3n Escolar&nbsp;es el instrumento&nbsp;que&nbsp;pretende organizar los medios humanos y materiales disponibles en el Centro, para conseguir la prevenci\u00f3n de los riesgos existentes, garantizar la evacuaci\u00f3n y la intervenci\u00f3n inmediata, en caso de&#46;&#46;&#46;<\/p>\n","protected":false},"author":2434,"featured_media":0,"parent":0,"menu_order":0,"comment_status":"closed","ping_status":"closed","template":"","meta":{"ngg_post_thumbnail":0,"footnotes":"","_mc_calendar":[]},"aioseo_notices":[],"_links":{"self":[{"href":"https:\/\/blogsaverroes.juntadeandalucia.es\/ceiptiernogalvan\/wp-json\/wp\/v2\/pages\/3563"}],"collection":[{"href":"https:\/\/blogsaverroes.juntadeandalucia.es\/ceiptiernogalvan\/wp-json\/wp\/v2\/pages"}],"about":[{"href":"https:\/\/blogsaverroes.juntadeandalucia.es\/ceiptiernogalvan\/wp-json\/wp\/v2\/types\/page"}],"author":[{"embeddable":true,"href":"https:\/\/blogsaverroes.juntadeandalucia.es\/ceiptiernogalvan\/wp-json\/wp\/v2\/users\/2434"}],"replies":[{"embeddable":true,"href":"https:\/\/blogsaverroes.juntadeandalucia.es\/ceiptiernogalvan\/wp-json\/wp\/v2\/comments?post=3563"}],"version-history":[{"count":5,"href":"https:\/\/blogsaverroes.juntadeandalucia.es\/ceiptiernogalvan\/wp-json\/wp\/v2\/pages\/3563\/revisions"}],"predecessor-version":[{"id":4586,"href":"https:\/\/blogsaverroes.juntadeandalucia.es\/ceiptiernogalvan\/wp-json\/wp\/v2\/pages\/3563\/revisions\/4586"}],"wp:attachment":[{"href":"https:\/\/blogsaverroes.juntadeandalucia.es\/ceiptiernogalvan\/wp-json\/wp\/v2\/media?parent=3563"}],"curies":[{"name":"wp","href":"https:\/\/api.w.org\/{rel}","templated":true}]}}