{"id":141,"date":"2015-03-17T07:13:24","date_gmt":"2015-03-17T07:13:24","guid":{"rendered":"http:\/\/blogsaverroes.juntadeandalucia.es\/pre\/ceip\/?page_id=141"},"modified":"2021-02-27T18:03:34","modified_gmt":"2021-02-27T17:03:34","slug":"escolarizacion","status":"publish","type":"page","link":"https:\/\/blogsaverroes.juntadeandalucia.es\/ceiptiernogalvanarmilla\/escolarizacion\/","title":{"rendered":"Escolarizaci\u00f3n"},"content":{"rendered":"<p><a href=\"https:\/\/blogsaverroes.juntadeandalucia.es\/ceiptiernogalvanarmilla\/files\/2018\/03\/COVER_YOUTUBE_ADMISION.jpg\"><img loading=\"lazy\" decoding=\"async\" class=\"size-medium wp-image-3093 aligncenter\" src=\"https:\/\/blogsaverroes.juntadeandalucia.es\/ceiptiernogalvanarmilla\/files\/2018\/03\/COVER_YOUTUBE_ADMISION-300x169.jpg\" alt=\"\" width=\"300\" height=\"169\" srcset=\"https:\/\/blogsaverroes.juntadeandalucia.es\/ceiptiernogalvanarmilla\/files\/2018\/03\/COVER_YOUTUBE_ADMISION-300x169.jpg 300w, https:\/\/blogsaverroes.juntadeandalucia.es\/ceiptiernogalvanarmilla\/files\/2018\/03\/COVER_YOUTUBE_ADMISION-768x432.jpg 768w, https:\/\/blogsaverroes.juntadeandalucia.es\/ceiptiernogalvanarmilla\/files\/2018\/03\/COVER_YOUTUBE_ADMISION-1024x576.jpg 1024w, https:\/\/blogsaverroes.juntadeandalucia.es\/ceiptiernogalvanarmilla\/files\/2018\/03\/COVER_YOUTUBE_ADMISION-700x393.jpg 700w, https:\/\/blogsaverroes.juntadeandalucia.es\/ceiptiernogalvanarmilla\/files\/2018\/03\/COVER_YOUTUBE_ADMISION-24x14.jpg 24w, https:\/\/blogsaverroes.juntadeandalucia.es\/ceiptiernogalvanarmilla\/files\/2018\/03\/COVER_YOUTUBE_ADMISION-36x20.jpg 36w, https:\/\/blogsaverroes.juntadeandalucia.es\/ceiptiernogalvanarmilla\/files\/2018\/03\/COVER_YOUTUBE_ADMISION-48x27.jpg 48w, https:\/\/blogsaverroes.juntadeandalucia.es\/ceiptiernogalvanarmilla\/files\/2018\/03\/COVER_YOUTUBE_ADMISION.jpg 1600w\" sizes=\"(max-width: 300px) 100vw, 300px\" \/><\/a><\/p>\n<p>En esta secci\u00f3n se publicar\u00e1&nbsp;cuanta informaci\u00f3n sea de utilidad para las familias a la hora de de iniciar el proceso de escolarizaci\u00f3n: plazos, documentos, normativa, enlaces, etc.<\/p>\n<p><a href=\"https:\/\/www.juntadeandalucia.es\/educacion\/portals\/web\/escolarizacion\">Enlace al portal de escolarizaci\u00f3n.<\/a><\/p>\n<p>&nbsp;<\/p>\n","protected":false},"excerpt":{"rendered":"<p>En esta secci\u00f3n se publicar\u00e1&nbsp;cuanta informaci\u00f3n sea de utilidad para las familias a la hora de de iniciar el proceso de escolarizaci\u00f3n: plazos, documentos, normativa, enlaces, etc. Enlace al portal de escolarizaci\u00f3n. &nbsp;<\/p>\n","protected":false},"author":1,"featured_media":0,"parent":0,"menu_order":0,"comment_status":"closed","ping_status":"open","template":"","meta":{"ngg_post_thumbnail":0,"footnotes":"","_mc_calendar":[]},"aioseo_notices":[],"_links":{"self":[{"href":"https:\/\/blogsaverroes.juntadeandalucia.es\/ceiptiernogalvanarmilla\/wp-json\/wp\/v2\/pages\/141"}],"collection":[{"href":"https:\/\/blogsaverroes.juntadeandalucia.es\/ceiptiernogalvanarmilla\/wp-json\/wp\/v2\/pages"}],"about":[{"href":"https:\/\/blogsaverroes.juntadeandalucia.es\/ceiptiernogalvanarmilla\/wp-json\/wp\/v2\/types\/page"}],"author":[{"embeddable":true,"href":"https:\/\/blogsaverroes.juntadeandalucia.es\/ceiptiernogalvanarmilla\/wp-json\/wp\/v2\/users\/1"}],"replies":[{"embeddable":true,"href":"https:\/\/blogsaverroes.juntadeandalucia.es\/ceiptiernogalvanarmilla\/wp-json\/wp\/v2\/comments?post=141"}],"version-history":[{"count":5,"href":"https:\/\/blogsaverroes.juntadeandalucia.es\/ceiptiernogalvanarmilla\/wp-json\/wp\/v2\/pages\/141\/revisions"}],"predecessor-version":[{"id":3325,"href":"https:\/\/blogsaverroes.juntadeandalucia.es\/ceiptiernogalvanarmilla\/wp-json\/wp\/v2\/pages\/141\/revisions\/3325"}],"wp:attachment":[{"href":"https:\/\/blogsaverroes.juntadeandalucia.es\/ceiptiernogalvanarmilla\/wp-json\/wp\/v2\/media?parent=141"}],"curies":[{"name":"wp","href":"https:\/\/api.w.org\/{rel}","templated":true}]}}