{"id":2303,"date":"2015-12-16T23:08:18","date_gmt":"2015-12-16T23:08:18","guid":{"rendered":"http:\/\/blogsaverroes.juntadeandalucia.es\/ceiptiernogalvanarmilla\/?page_id=2303"},"modified":"2025-06-10T15:52:19","modified_gmt":"2025-06-10T14:52:19","slug":"libros-de-texto","status":"publish","type":"page","link":"https:\/\/blogsaverroes.juntadeandalucia.es\/ceiptiernogalvanarmilla\/libros-de-texto\/","title":{"rendered":"Libros de texto"},"content":{"rendered":"<p><u><strong>RELACI\u00d3N DE LIBROS CURSO 2025 &#8211; 2026<\/strong><\/u><\/p>\n<p><span style=\"color: #0000ff\"><strong>Infantil 3 <\/strong><\/span><\/p>\n<p>Proyecto \u201cQuiero\u201d&nbsp; 3 a\u00f1os. 1\u00ba, 2\u00ba, 3\u00ba trimestre. Ed. Santillana<\/p>\n<p>Proyecto \u201cS\u00edgueme\u201d Religi\u00f3n cat\u00f3lica. Editorial Anaya. 3 a\u00f1os.<\/p>\n<p>&nbsp;<\/p>\n<p><span style=\"color: #0000ff\"><strong>Infantil 4 <\/strong><\/span><\/p>\n<p>Proyecto \u201cQuiero\u201d&nbsp; 4 a\u00f1os. 1\u00ba, 2\u00ba, 3\u00ba trimestre Ed. Santillana<\/p>\n<p>Matem\u00e1ticas 2 Educaci\u00f3n Infantil Ed. Anaya<\/p>\n<p>Proyecto \u201cS\u00edgueme\u201d Religi\u00f3n cat\u00f3lica. Editorial Anaya. 4 a\u00f1os.<\/p>\n<p>&nbsp;<\/p>\n<p><span style=\"color: #0000ff\"><strong>Infantil 5 <\/strong><\/span><\/p>\n<p>Proyecto \u201cQuiero\u201d&nbsp; 5 a\u00f1os. 1\u00ba, 2\u00ba, 3\u00ba trimestre Ed. Santillana<\/p>\n<p>Matem\u00e1ticas 3 Educaci\u00f3n Infantil Ed. Anaya<\/p>\n<p>Proyecto \u201cS\u00edgueme\u201d Religi\u00f3n cat\u00f3lica. Editorial Anaya. 5 a\u00f1os.<\/p>\n<p>&nbsp;<\/p>\n<p>Para ver el listado de libros en Primaria pulsad en el siguiente enlace:<\/p>\n<h3><a href=\"https:\/\/drive.google.com\/file\/d\/1724sa-LR9T_0OpQHMjtcZHT8ShFSYwJ5\/view?usp=sharing\" target=\"_blank\" rel=\"noopener\">Primaria<\/a><\/h3>\n<p>&nbsp;<\/p>\n<p>&nbsp;<\/p>\n","protected":false},"excerpt":{"rendered":"<p>RELACI\u00d3N DE LIBROS CURSO 2025 &#8211; 2026 Infantil 3 Proyecto \u201cQuiero\u201d&nbsp; 3 a\u00f1os. 1\u00ba, 2\u00ba, 3\u00ba trimestre. Ed. Santillana Proyecto \u201cS\u00edgueme\u201d Religi\u00f3n cat\u00f3lica. Editorial Anaya. 3 a\u00f1os. &nbsp; Infantil 4 Proyecto \u201cQuiero\u201d&nbsp; 4 a\u00f1os.&#46;&#46;&#46;<\/p>\n","protected":false},"author":2632,"featured_media":0,"parent":0,"menu_order":0,"comment_status":"closed","ping_status":"open","template":"","meta":{"ngg_post_thumbnail":0,"footnotes":"","_mc_calendar":[]},"aioseo_notices":[],"_links":{"self":[{"href":"https:\/\/blogsaverroes.juntadeandalucia.es\/ceiptiernogalvanarmilla\/wp-json\/wp\/v2\/pages\/2303"}],"collection":[{"href":"https:\/\/blogsaverroes.juntadeandalucia.es\/ceiptiernogalvanarmilla\/wp-json\/wp\/v2\/pages"}],"about":[{"href":"https:\/\/blogsaverroes.juntadeandalucia.es\/ceiptiernogalvanarmilla\/wp-json\/wp\/v2\/types\/page"}],"author":[{"embeddable":true,"href":"https:\/\/blogsaverroes.juntadeandalucia.es\/ceiptiernogalvanarmilla\/wp-json\/wp\/v2\/users\/2632"}],"replies":[{"embeddable":true,"href":"https:\/\/blogsaverroes.juntadeandalucia.es\/ceiptiernogalvanarmilla\/wp-json\/wp\/v2\/comments?post=2303"}],"version-history":[{"count":26,"href":"https:\/\/blogsaverroes.juntadeandalucia.es\/ceiptiernogalvanarmilla\/wp-json\/wp\/v2\/pages\/2303\/revisions"}],"predecessor-version":[{"id":3818,"href":"https:\/\/blogsaverroes.juntadeandalucia.es\/ceiptiernogalvanarmilla\/wp-json\/wp\/v2\/pages\/2303\/revisions\/3818"}],"wp:attachment":[{"href":"https:\/\/blogsaverroes.juntadeandalucia.es\/ceiptiernogalvanarmilla\/wp-json\/wp\/v2\/media?parent=2303"}],"curies":[{"name":"wp","href":"https:\/\/api.w.org\/{rel}","templated":true}]}}