{"id":2354,"date":"2015-12-18T10:09:31","date_gmt":"2015-12-18T10:09:31","guid":{"rendered":"http:\/\/blogsaverroes.juntadeandalucia.es\/ceiptiernogalvanarmilla\/?page_id=2354"},"modified":"2015-12-22T19:05:35","modified_gmt":"2015-12-22T19:05:35","slug":"escuela-de-familias","status":"publish","type":"page","link":"https:\/\/blogsaverroes.juntadeandalucia.es\/ceiptiernogalvanarmilla\/escuela-de-familias\/","title":{"rendered":"Escuela de familias"},"content":{"rendered":"<p><u>ESCUELA DE FAMILIAS<\/u><\/p>\n<p><strong>\u00a0\u00a0\u00a0 Por iniciativa del AMPA y del profesorado del Colegio Tierno Galv\u00e1n comenz\u00f3 a funcionar en el curso 2007\/2008 la denominada \u00a8Escuela de Familias\u00a8.<\/strong><\/p>\n<p><strong>\u00a0\u00a0\u00a0 La inauguraci\u00f3n oficial se realiz\u00f3 en el Teatro Municipal de Armilla el 28 de enero, con las intervenciones de la directora del Centro, D.\u00aa M.\u00aa Victoria Utrera, el presidente del AMPA, D. Juan Ruiz Valenzuela, el Presidente del Consejo Escolar de Andaluc\u00eda, D. Emilio Iguaz de Miguel y D. Tom\u00e1s Mart\u00ednez, coordinador del proyecto \u201cArmilla: espacio de Paz\u201d.<\/strong><\/p>\n<p>Dada la importancia de este proyecto, desde el centro se invit\u00f3 a todos los padres y madres a participar en el mismo convencidos de que tal actuaci\u00f3n redundar\u00e1 positivamente en la mejora de la educaci\u00f3n de nuestro alumnado.<\/p>\n<p>Esta escuela tendr\u00eda una sesi\u00f3n, de 17 a 18 horas, todos los lunes \u00faltimos de cada mes y en ella se tratar\u00e1n temas como los que siguen:<\/p>\n<p>&#8211; Educar en los l\u00edmites: derechos y deberes, normas y correcciones.<\/p>\n<p><strong>&#8211; La autoestima y el crecimiento moral desde la educaci\u00f3n en valores.<\/strong><\/p>\n<p><strong>&#8211; Educar a trav\u00e9s de responsabilidades, planes y compromisos personales.<\/strong><\/p>\n<p><strong>&#8211; La resoluci\u00f3n pac\u00edfica de conflictos.<\/strong><\/p>\n<p><strong>&#8211; Desarrollo del pensamiento: aprender a pensar para saber decidir.<\/strong><\/p>\n<p><strong>&#8211; Ser justos y eficaces: ser asertivos.\u00a0\u00a0 \u00a0\u00a0\u00a0\u00a0\u00a0\u00a0\u00a0\u00a0\u00a0\u00a0\u00a0\u00a0\u00a0\u00a0\u00a0\u00a0\u00a0\u00a0\u00a0\u00a0\u00a0\u00a0\u00a0\u00a0\u00a0<\/strong><\/p>\n<p><strong>&#8211; La autonom\u00eda moral. Autorregulaci\u00f3n.<\/strong><\/p>\n<p><strong>&#8211; Educar en habilidades sociales.<\/strong><\/p>\n","protected":false},"excerpt":{"rendered":"<p>ESCUELA DE FAMILIAS \u00a0\u00a0\u00a0 Por iniciativa del AMPA y del profesorado del Colegio Tierno Galv\u00e1n comenz\u00f3 a funcionar en el curso 2007\/2008 la denominada \u00a8Escuela de Familias\u00a8. \u00a0\u00a0\u00a0 La inauguraci\u00f3n oficial se realiz\u00f3 en&#46;&#46;&#46;<\/p>\n","protected":false},"author":2632,"featured_media":0,"parent":0,"menu_order":0,"comment_status":"closed","ping_status":"open","template":"","meta":{"ngg_post_thumbnail":0,"footnotes":"","_mc_calendar":[]},"aioseo_notices":[],"_links":{"self":[{"href":"https:\/\/blogsaverroes.juntadeandalucia.es\/ceiptiernogalvanarmilla\/wp-json\/wp\/v2\/pages\/2354"}],"collection":[{"href":"https:\/\/blogsaverroes.juntadeandalucia.es\/ceiptiernogalvanarmilla\/wp-json\/wp\/v2\/pages"}],"about":[{"href":"https:\/\/blogsaverroes.juntadeandalucia.es\/ceiptiernogalvanarmilla\/wp-json\/wp\/v2\/types\/page"}],"author":[{"embeddable":true,"href":"https:\/\/blogsaverroes.juntadeandalucia.es\/ceiptiernogalvanarmilla\/wp-json\/wp\/v2\/users\/2632"}],"replies":[{"embeddable":true,"href":"https:\/\/blogsaverroes.juntadeandalucia.es\/ceiptiernogalvanarmilla\/wp-json\/wp\/v2\/comments?post=2354"}],"version-history":[{"count":2,"href":"https:\/\/blogsaverroes.juntadeandalucia.es\/ceiptiernogalvanarmilla\/wp-json\/wp\/v2\/pages\/2354\/revisions"}],"predecessor-version":[{"id":2356,"href":"https:\/\/blogsaverroes.juntadeandalucia.es\/ceiptiernogalvanarmilla\/wp-json\/wp\/v2\/pages\/2354\/revisions\/2356"}],"wp:attachment":[{"href":"https:\/\/blogsaverroes.juntadeandalucia.es\/ceiptiernogalvanarmilla\/wp-json\/wp\/v2\/media?parent=2354"}],"curies":[{"name":"wp","href":"https:\/\/api.w.org\/{rel}","templated":true}]}}