{"id":3631,"date":"2024-03-19T12:55:23","date_gmt":"2024-03-19T11:55:23","guid":{"rendered":"https:\/\/blogsaverroes.juntadeandalucia.es\/ceiptiernogalvanarmilla\/?page_id=3631"},"modified":"2026-01-28T11:08:18","modified_gmt":"2026-01-28T10:08:18","slug":"programaciones","status":"publish","type":"page","link":"https:\/\/blogsaverroes.juntadeandalucia.es\/ceiptiernogalvanarmilla\/programaciones\/","title":{"rendered":"Programaciones"},"content":{"rendered":"<p><strong>Propuestas pedag\u00f3gicas \/ programaciones did\u00e1cticas:&nbsp; &nbsp;Anexo VI<\/strong><\/p>\n<p>Educaci\u00f3n Infantil:<\/p>\n<ul>\n<li style=\"list-style-type: none\">\n<ul>\n<li><a href=\"https:\/\/drive.google.com\/file\/d\/12nf2o_IpRKVQEe_00vlLI82kO5PkE-Na\/view?usp=sharing\" target=\"_blank\" rel=\"noopener noreferrer\">Educaci\u00f3n Infantil 3 a\u00f1os<\/a><\/li>\n<li><a href=\"https:\/\/drive.google.com\/file\/d\/1BbkLfQbsYBHjdomO0khRj3TUN-ghqPxB\/view?usp=sharing\" target=\"_blank\" rel=\"noopener noreferrer\">Educaci\u00f3n Infantil 4 a\u00f1os<\/a><\/li>\n<li><a href=\"https:\/\/drive.google.com\/file\/d\/1aP2baTfis71orU-yDXr62RGWHa_ZwZ8v\/view?usp=sharing\" target=\"_blank\" rel=\"noopener noreferrer\">Educaci\u00f3n Infantil 5 a\u00f1os<\/a><\/li>\n<\/ul>\n<\/li>\n<\/ul>\n<p>&nbsp;<\/p>\n<p>Primer ciclo de primaria:<\/p>\n<ul style=\"list-style-type: circle\">\n<li><a href=\"https:\/\/drive.google.com\/file\/d\/1v8gMgtjsSECKpj2zu_g0CJuivjSv9xWn\/view?usp=sharing\">Primero de educaci\u00f3n primaria.<\/a><\/li>\n<li><a href=\"https:\/\/drive.google.com\/file\/d\/1kRFQLkOcXrX_oqFm_8QrzYow06EA-R3r\/view?usp=sharing\">Segundo de educaci\u00f3n primaria.<\/a><\/li>\n<\/ul>\n<p>&nbsp; &nbsp; &nbsp; &nbsp; &nbsp; &nbsp;<\/p>\n<p>Segundo ciclo de primaria:<\/p>\n<ul style=\"list-style-type: circle\">\n<li><a href=\"https:\/\/drive.google.com\/file\/d\/18XyiYKRRsWc3e356Ab7H4v2NgO_hXv0i\/view?usp=sharing\">Tercero de educaci\u00f3n primaria.<\/a><\/li>\n<li><a href=\"https:\/\/drive.google.com\/file\/d\/1jtnWA_k9HmcKiA_qJ3JkTSqhZOnbhwDy\/view?usp=sharing\">Cuarto de educaci\u00f3n primaria.<\/a><\/li>\n<\/ul>\n<p>&nbsp;<\/p>\n<p>Tercer ciclo de primaria<\/p>\n<ul style=\"list-style-type: circle\">\n<li><a href=\"https:\/\/drive.google.com\/file\/d\/1X3Uhs6qgnuXIGMwHsUKyKP1R2eWnUjXl\/view?usp=sharing\">Quinto de educaci\u00f3n primaria.<\/a><\/li>\n<li><a href=\"https:\/\/drive.google.com\/file\/d\/1MgcmPA69ZJm0y9ghlmCGgszFDdKEPC_u\/view?usp=sharing\">Sexto de educaci\u00f3n primaria.<\/a><\/li>\n<\/ul>\n<p>&nbsp;<\/p>\n<p>&nbsp;<\/p>\n<ul>\n<li style=\"list-style-type: none\">&nbsp;<\/li>\n<li style=\"list-style-type: none\">&nbsp; &nbsp; &nbsp; &nbsp; &nbsp; &nbsp; &nbsp; &nbsp; &nbsp; &nbsp; &nbsp; &nbsp; &nbsp; &nbsp; &nbsp; &nbsp; &nbsp; &nbsp; &nbsp; &nbsp; &nbsp; &nbsp; &nbsp;<\/li>\n<\/ul>\n","protected":false},"excerpt":{"rendered":"<p>Propuestas pedag\u00f3gicas \/ programaciones did\u00e1cticas:&nbsp; &nbsp;Anexo VI Educaci\u00f3n Infantil: Educaci\u00f3n Infantil 3 a\u00f1os Educaci\u00f3n Infantil 4 a\u00f1os Educaci\u00f3n Infantil 5 a\u00f1os &nbsp; Primer ciclo de primaria: Primero de educaci\u00f3n primaria. Segundo de educaci\u00f3n primaria.&#46;&#46;&#46;<\/p>\n","protected":false},"author":2632,"featured_media":0,"parent":0,"menu_order":0,"comment_status":"closed","ping_status":"closed","template":"","meta":{"ngg_post_thumbnail":0,"footnotes":"","_mc_calendar":[]},"aioseo_notices":[],"_links":{"self":[{"href":"https:\/\/blogsaverroes.juntadeandalucia.es\/ceiptiernogalvanarmilla\/wp-json\/wp\/v2\/pages\/3631"}],"collection":[{"href":"https:\/\/blogsaverroes.juntadeandalucia.es\/ceiptiernogalvanarmilla\/wp-json\/wp\/v2\/pages"}],"about":[{"href":"https:\/\/blogsaverroes.juntadeandalucia.es\/ceiptiernogalvanarmilla\/wp-json\/wp\/v2\/types\/page"}],"author":[{"embeddable":true,"href":"https:\/\/blogsaverroes.juntadeandalucia.es\/ceiptiernogalvanarmilla\/wp-json\/wp\/v2\/users\/2632"}],"replies":[{"embeddable":true,"href":"https:\/\/blogsaverroes.juntadeandalucia.es\/ceiptiernogalvanarmilla\/wp-json\/wp\/v2\/comments?post=3631"}],"version-history":[{"count":18,"href":"https:\/\/blogsaverroes.juntadeandalucia.es\/ceiptiernogalvanarmilla\/wp-json\/wp\/v2\/pages\/3631\/revisions"}],"predecessor-version":[{"id":3922,"href":"https:\/\/blogsaverroes.juntadeandalucia.es\/ceiptiernogalvanarmilla\/wp-json\/wp\/v2\/pages\/3631\/revisions\/3922"}],"wp:attachment":[{"href":"https:\/\/blogsaverroes.juntadeandalucia.es\/ceiptiernogalvanarmilla\/wp-json\/wp\/v2\/media?parent=3631"}],"curies":[{"name":"wp","href":"https:\/\/api.w.org\/{rel}","templated":true}]}}