{"id":869,"date":"2015-03-16T07:03:52","date_gmt":"2015-03-16T07:03:52","guid":{"rendered":"http:\/\/blogsaverroes.juntadeandalucia.es\/pre\/ceip\/?page_id=84"},"modified":"2025-06-10T16:35:26","modified_gmt":"2025-06-10T15:35:26","slug":"calendario-escolar","status":"publish","type":"page","link":"https:\/\/blogsaverroes.juntadeandalucia.es\/ceiptiernogalvanarmilla\/calendario-escolar\/","title":{"rendered":"Calendario escolar 2"},"content":{"rendered":"<p style=\"text-align: left\"><strong>Aqu\u00ed puede consultar el&nbsp;calendario escolar&nbsp;<\/strong><strong>del presente curso y&nbsp;la resoluci\u00f3n correspondiente.&nbsp;<\/strong><\/p>\n<p style=\"text-align: left\"><a href=\"https:\/\/drive.google.com\/file\/d\/1_jBac-HEhVpC8ER1RrR9MYbU7DCyCGzz\/view\" target=\"_blank\" rel=\"noopener noreferrer\">Calendario escolar<\/a><\/p>\n<p style=\"text-align: left\"><a href=\"https:\/\/www.juntadeandalucia.es\/educacion\/portals\/delegate\/content\/725509d3-15fe-49ee-b535-d09fadb73afa\/RESOLUCION%20CALENDARIO%20ESCOLAR%2024_25\" target=\"_blank\" rel=\"noopener noreferrer\">Resoluci\u00f3n calendario escolar<\/a><\/p>\n<h4 style=\"text-align: center\">&nbsp;<\/h4>\n<h4 style=\"text-align: center\">&nbsp;<\/h4>\n","protected":false},"excerpt":{"rendered":"<p>Aqu\u00ed puede consultar el&nbsp;calendario escolar&nbsp;del presente curso y&nbsp;la resoluci\u00f3n correspondiente.&nbsp; Calendario escolar Resoluci\u00f3n calendario escolar &nbsp; &nbsp;<\/p>\n","protected":false},"author":1,"featured_media":0,"parent":0,"menu_order":0,"comment_status":"closed","ping_status":"open","template":"","meta":{"ngg_post_thumbnail":0,"footnotes":"","_mc_calendar":{"format":"mini","weekends":"true","shortcode":"[my_calendar format=&quot;mini&quot; weekends=&quot;true&quot;]","append":""}},"aioseo_notices":[],"_links":{"self":[{"href":"https:\/\/blogsaverroes.juntadeandalucia.es\/ceiptiernogalvanarmilla\/wp-json\/wp\/v2\/pages\/869"}],"collection":[{"href":"https:\/\/blogsaverroes.juntadeandalucia.es\/ceiptiernogalvanarmilla\/wp-json\/wp\/v2\/pages"}],"about":[{"href":"https:\/\/blogsaverroes.juntadeandalucia.es\/ceiptiernogalvanarmilla\/wp-json\/wp\/v2\/types\/page"}],"author":[{"embeddable":true,"href":"https:\/\/blogsaverroes.juntadeandalucia.es\/ceiptiernogalvanarmilla\/wp-json\/wp\/v2\/users\/1"}],"replies":[{"embeddable":true,"href":"https:\/\/blogsaverroes.juntadeandalucia.es\/ceiptiernogalvanarmilla\/wp-json\/wp\/v2\/comments?post=869"}],"version-history":[{"count":14,"href":"https:\/\/blogsaverroes.juntadeandalucia.es\/ceiptiernogalvanarmilla\/wp-json\/wp\/v2\/pages\/869\/revisions"}],"predecessor-version":[{"id":3819,"href":"https:\/\/blogsaverroes.juntadeandalucia.es\/ceiptiernogalvanarmilla\/wp-json\/wp\/v2\/pages\/869\/revisions\/3819"}],"wp:attachment":[{"href":"https:\/\/blogsaverroes.juntadeandalucia.es\/ceiptiernogalvanarmilla\/wp-json\/wp\/v2\/media?parent=869"}],"curies":[{"name":"wp","href":"https:\/\/api.w.org\/{rel}","templated":true}]}}