{"id":870,"date":"2015-03-16T07:24:27","date_gmt":"2015-03-16T07:24:27","guid":{"rendered":"http:\/\/blogsaverroes.juntadeandalucia.es\/pre\/ceip\/?page_id=103"},"modified":"2023-08-09T21:50:15","modified_gmt":"2023-08-09T20:50:15","slug":"aula-matinal","status":"publish","type":"page","link":"https:\/\/blogsaverroes.juntadeandalucia.es\/ceiptiernogalvanarmilla\/aula-matinal\/","title":{"rendered":"Aula Matinal"},"content":{"rendered":"<p>El horario es de 7:30 a 9:00 horas de la ma\u00f1ana, pudiendo los usuarios incorporarse a dicho servicio en cualquier momento dentro de ese horario.<\/p>\n<p>La empresa contratada por la Administraci\u00f3n Educativa para la realizaci\u00f3n de este servicio es&nbsp; GrupoEuroseper<\/p>\n<p>El precio de la actividad es de 17,51 \u20ac. por &nbsp;alumno\/a &nbsp;y mes. Los d\u00edas sueltos se abonar\u00e1n a raz\u00f3n de 1,33 \u20ac cada d\u00eda.<\/p>\n<p>Cada mes, la empresa har\u00e1 el cargo correspondiente en la cuenta que las familias pusieron en el impreso de solicitud. La cantidad vendr\u00e1 fijada seg\u00fan la bonificaci\u00f3n obtenida.<\/p>\n<p>La&nbsp; solicitud e incorporaci\u00f3n a este servicio puede efectuarse en cualquier momento del curso escolar, <u>siempre que exista disponibilidad de plazas.<\/u><\/p>\n","protected":false},"excerpt":{"rendered":"<p>El horario es de 7:30 a 9:00 horas de la ma\u00f1ana, pudiendo los usuarios incorporarse a dicho servicio en cualquier momento dentro de ese horario. La empresa contratada por la Administraci\u00f3n Educativa para la&#46;&#46;&#46;<\/p>\n","protected":false},"author":1,"featured_media":0,"parent":0,"menu_order":0,"comment_status":"closed","ping_status":"open","template":"","meta":{"ngg_post_thumbnail":0,"footnotes":"","_mc_calendar":[]},"aioseo_notices":[],"_links":{"self":[{"href":"https:\/\/blogsaverroes.juntadeandalucia.es\/ceiptiernogalvanarmilla\/wp-json\/wp\/v2\/pages\/870"}],"collection":[{"href":"https:\/\/blogsaverroes.juntadeandalucia.es\/ceiptiernogalvanarmilla\/wp-json\/wp\/v2\/pages"}],"about":[{"href":"https:\/\/blogsaverroes.juntadeandalucia.es\/ceiptiernogalvanarmilla\/wp-json\/wp\/v2\/types\/page"}],"author":[{"embeddable":true,"href":"https:\/\/blogsaverroes.juntadeandalucia.es\/ceiptiernogalvanarmilla\/wp-json\/wp\/v2\/users\/1"}],"replies":[{"embeddable":true,"href":"https:\/\/blogsaverroes.juntadeandalucia.es\/ceiptiernogalvanarmilla\/wp-json\/wp\/v2\/comments?post=870"}],"version-history":[{"count":9,"href":"https:\/\/blogsaverroes.juntadeandalucia.es\/ceiptiernogalvanarmilla\/wp-json\/wp\/v2\/pages\/870\/revisions"}],"predecessor-version":[{"id":3590,"href":"https:\/\/blogsaverroes.juntadeandalucia.es\/ceiptiernogalvanarmilla\/wp-json\/wp\/v2\/pages\/870\/revisions\/3590"}],"wp:attachment":[{"href":"https:\/\/blogsaverroes.juntadeandalucia.es\/ceiptiernogalvanarmilla\/wp-json\/wp\/v2\/media?parent=870"}],"curies":[{"name":"wp","href":"https:\/\/api.w.org\/{rel}","templated":true}]}}