{"id":1730,"date":"2022-05-27T07:27:00","date_gmt":"2022-05-27T07:27:00","guid":{"rendered":"http:\/\/blogsaverroes.juntadeandalucia.es\/ceiptiernogalvancadiz\/?page_id=1730"},"modified":"2022-05-27T11:23:46","modified_gmt":"2022-05-27T11:23:46","slug":"robotica","status":"publish","type":"page","link":"https:\/\/blogsaverroes.juntadeandalucia.es\/ceiptiernogalvancadiz\/robotica\/","title":{"rendered":"ROB\u00d3TICA"},"content":{"rendered":"<p style=\"text-align: center\"><strong>AULA DE ROB\u00d3TICA<\/strong><\/p>\n<p>Gestionada por \u00abROBOTIFUN, ROB\u00d3TICA EDUCATIVA\u00bb y AFA Fondo Sur<\/p>\n<p style=\"text-align: left\">La actividad dar\u00e1 comienzo en el mes de Octubre de 2022 hasta el mes de Mayo de 2023.&nbsp;<\/p>\n<p>Para que sea posible llevar a cabo dicha actividad se establecer\u00e1 un m\u00ednimo y un m\u00e1ximo de alumn@s para formar los grupos .<\/p>\n<p>HORARIO:<br \/>\nINFANTIL: MARTES Y JUEVES DE 17:00 A 18:00 H<br \/>\nPRIMARIA: MARTES Y JUEVES DE 18:00 A 19:00 H<br \/>\nPRECIO DE LA ACTIVIDAD<br \/>\nFAMILIAS NO ASOCIADAS A LA AFA : PREINSCRIPCI\u00d3N 5\u20ac + 35 EUROS\/MES<br \/>\nFAMILIAS ASOCIADAS A LA AFA : PREINSCRICI\u00d3N 5\u20ac+ 30 EUROS\/MES<br \/>\n* Para inscribirse , deber\u00e1n rellenar la ficha que encontrar\u00e1n en la barra lateral izquierda de la p\u00e1gina web del colegio recogerla en secretar\u00eda y entregarla en la sede de la AFA o enviarla a nuestro correo y abonar la cuant\u00eda de la preinscripci\u00f3n para reservar su plaza.<br \/>\n*Plazo para la preinscripci\u00f3n desde el 11 de Junio hasta el 10 de Septiembre de 2022.<br \/>\n*Si desean pueden hacer el pago de la reserva de plaza mediante ingreso en la cuenta de<br \/>\nROBOTIFUN, ROBOTIFUN ROB\u00d3TICA EDUCATIVA. BBVA ES53 0182 3234 1002 0159 5196<br \/>\n(indicando nombre, apellidos y curso del alumn@ en el que se matricula y enviar la ficha de preinscripci\u00f3n a nuestro correo electr\u00f3nico :<br \/>\ncontacto@robotifuncadiz.com ( indicado en el asunto: ESCUELA DE ROB\u00d3TICA TIERNO GALV\u00c1N).<br \/>\n*En el mes de Septiembre informaremos a las familias, de los grupos que se han formado para que procedan a abonar la cuota de la actividad antes de que de comienzo la actividad.<br \/>\n*La cuant\u00eda de la reserva se devolver\u00e1 en caso de no tener el m\u00ednimo de alumn@ establecido por grupos para llevar a cabo dicha actividad .<\/p>\n","protected":false},"excerpt":{"rendered":"<p>AULA DE ROB\u00d3TICA Gestionada por \u00abROBOTIFUN, ROB\u00d3TICA EDUCATIVA\u00bb y AFA Fondo Sur La actividad dar\u00e1 comienzo en el mes de Octubre de 2022 hasta el mes de Mayo de 2023.&nbsp; Para que sea posible llevar a cabo dicha actividad se establecer\u00e1 un m\u00ednimo y un m\u00e1ximo de alumn@s para formar&#46;&#46;&#46;<\/p>\n","protected":false},"author":3206,"featured_media":0,"parent":0,"menu_order":0,"comment_status":"closed","ping_status":"closed","template":"","meta":{"ngg_post_thumbnail":0,"footnotes":""},"aioseo_notices":[],"_links":{"self":[{"href":"https:\/\/blogsaverroes.juntadeandalucia.es\/ceiptiernogalvancadiz\/wp-json\/wp\/v2\/pages\/1730"}],"collection":[{"href":"https:\/\/blogsaverroes.juntadeandalucia.es\/ceiptiernogalvancadiz\/wp-json\/wp\/v2\/pages"}],"about":[{"href":"https:\/\/blogsaverroes.juntadeandalucia.es\/ceiptiernogalvancadiz\/wp-json\/wp\/v2\/types\/page"}],"author":[{"embeddable":true,"href":"https:\/\/blogsaverroes.juntadeandalucia.es\/ceiptiernogalvancadiz\/wp-json\/wp\/v2\/users\/3206"}],"replies":[{"embeddable":true,"href":"https:\/\/blogsaverroes.juntadeandalucia.es\/ceiptiernogalvancadiz\/wp-json\/wp\/v2\/comments?post=1730"}],"version-history":[{"count":4,"href":"https:\/\/blogsaverroes.juntadeandalucia.es\/ceiptiernogalvancadiz\/wp-json\/wp\/v2\/pages\/1730\/revisions"}],"predecessor-version":[{"id":1736,"href":"https:\/\/blogsaverroes.juntadeandalucia.es\/ceiptiernogalvancadiz\/wp-json\/wp\/v2\/pages\/1730\/revisions\/1736"}],"wp:attachment":[{"href":"https:\/\/blogsaverroes.juntadeandalucia.es\/ceiptiernogalvancadiz\/wp-json\/wp\/v2\/media?parent=1730"}],"curies":[{"name":"wp","href":"https:\/\/api.w.org\/{rel}","templated":true}]}}