{"id":1732,"date":"2022-05-27T07:28:29","date_gmt":"2022-05-27T07:28:29","guid":{"rendered":"http:\/\/blogsaverroes.juntadeandalucia.es\/ceiptiernogalvancadiz\/?page_id=1732"},"modified":"2022-05-27T11:29:20","modified_gmt":"2022-05-27T11:29:20","slug":"aula-extraescolar-de-ingles","status":"publish","type":"page","link":"https:\/\/blogsaverroes.juntadeandalucia.es\/ceiptiernogalvancadiz\/aula-extraescolar-de-ingles\/","title":{"rendered":"AULA DE INGL\u00c9S EXTRAESCOLAR"},"content":{"rendered":"<p style=\"text-align: center\"><strong>AULA DE INGL\u00c9S EXTRAESCOLAR<\/strong><\/p>\n<p>&nbsp;<\/p>\n<p>Gestionada por la Academia Chelsea.<\/p>\n<p>Chelsea es una academia que lleva funcionando en la Bah\u00eda de C\u00e1diz desde el a\u00f1o 2003. En el 2016 empezamos a colaboramos con la asociaci\u00f3n Idiomas In House para prestar servicio en colegios p\u00fablicos y ahora trabajamos en 7 colegios diferentes en C\u00e1diz, Puerto Real y El Puerto de Santa Mar\u00eda.<br \/>\nTrabajamos con profesorado de nivel nativo muy experimentado y especializado en educaci\u00f3n infantil\/primaria. Tambi\u00e9n somos preparadores oficiales de los ex\u00e1menes Cambridge (YLE, PET B1, FCE B2,etc).<br \/>\nLas clases son amenas y motivadoras siguiendo una metodolog\u00eda que ayudar\u00e1 al alumnado estar familiarizado con el vocabulario y estructuras que deben saber para su nivel. De est\u00e1 manera, los ni\u00f1os y ni\u00f1as ganan la confianza necesaria para empezar a expresarse y hablar con nosotros en ingl\u00e9s.<\/p>\n<p><strong>Horario provisional propuesto (se revisar\u00e1 seg\u00fan demanda)<\/strong><br \/>\nHORARIO LUNES \/ MI\u00c9RCOLES<br \/>\nMARTES \/ JUEVES<br \/>\n16:00 a 16:55 Infantil 1o<br \/>\nPrimaria 1o Primaria<br \/>\n17:00 a 17:55 2o\/3o Primaria 3o<br \/>\nPrimaria 2o Primaria<br \/>\n18:05 a 19:00 4o Primaria 6o<br \/>\nPrimaria 2o\/3o ESO<br \/>\n19:05 a 20:00 5o 1o ESO<\/p>\n<p><strong>Precios 2022-23<\/strong><br \/>\nMatr\u00edcula 25\u20ac (incluye libro de texto),<br \/>\nMensualidad 37\u20ac-38\u20ac<br \/>\nInformaci\u00f3n:<br \/>\nEmail: info@academiachelsea.com<br \/>\nWhatsApp: 610 237784<br \/>\nTel\u00e9fono oficina: 956 472306<br \/>\nMatr\u00edcula 2022-23:<br \/>\nPara efectuar la matricula en nuestra web, dirigirse a: www.academiachelsea.com<\/p>\n","protected":false},"excerpt":{"rendered":"<p>AULA DE INGL\u00c9S EXTRAESCOLAR &nbsp; Gestionada por la Academia Chelsea. Chelsea es una academia que lleva funcionando en la Bah\u00eda de C\u00e1diz desde el a\u00f1o 2003. En el 2016 empezamos a colaboramos con la asociaci\u00f3n Idiomas In House para prestar servicio en colegios p\u00fablicos y ahora trabajamos en 7 colegios&#46;&#46;&#46;<\/p>\n","protected":false},"author":3206,"featured_media":0,"parent":0,"menu_order":0,"comment_status":"closed","ping_status":"closed","template":"","meta":{"ngg_post_thumbnail":0,"footnotes":""},"aioseo_notices":[],"_links":{"self":[{"href":"https:\/\/blogsaverroes.juntadeandalucia.es\/ceiptiernogalvancadiz\/wp-json\/wp\/v2\/pages\/1732"}],"collection":[{"href":"https:\/\/blogsaverroes.juntadeandalucia.es\/ceiptiernogalvancadiz\/wp-json\/wp\/v2\/pages"}],"about":[{"href":"https:\/\/blogsaverroes.juntadeandalucia.es\/ceiptiernogalvancadiz\/wp-json\/wp\/v2\/types\/page"}],"author":[{"embeddable":true,"href":"https:\/\/blogsaverroes.juntadeandalucia.es\/ceiptiernogalvancadiz\/wp-json\/wp\/v2\/users\/3206"}],"replies":[{"embeddable":true,"href":"https:\/\/blogsaverroes.juntadeandalucia.es\/ceiptiernogalvancadiz\/wp-json\/wp\/v2\/comments?post=1732"}],"version-history":[{"count":3,"href":"https:\/\/blogsaverroes.juntadeandalucia.es\/ceiptiernogalvancadiz\/wp-json\/wp\/v2\/pages\/1732\/revisions"}],"predecessor-version":[{"id":1738,"href":"https:\/\/blogsaverroes.juntadeandalucia.es\/ceiptiernogalvancadiz\/wp-json\/wp\/v2\/pages\/1732\/revisions\/1738"}],"wp:attachment":[{"href":"https:\/\/blogsaverroes.juntadeandalucia.es\/ceiptiernogalvancadiz\/wp-json\/wp\/v2\/media?parent=1732"}],"curies":[{"name":"wp","href":"https:\/\/api.w.org\/{rel}","templated":true}]}}