{"id":271,"date":"2017-06-27T10:28:00","date_gmt":"2017-06-27T10:28:00","guid":{"rendered":"http:\/\/blogsaverroes.juntadeandalucia.es\/ceiptiernogalvancadiz\/?page_id=271"},"modified":"2022-05-26T08:17:08","modified_gmt":"2022-05-26T08:17:08","slug":"aula-sonora","status":"publish","type":"page","link":"https:\/\/blogsaverroes.juntadeandalucia.es\/ceiptiernogalvancadiz\/aula-sonora\/","title":{"rendered":"Aula Sonora"},"content":{"rendered":"<p class=\"western\" lang=\"zxx\"><span style=\"font-family: Arial-BoldMT\">Como en el pasado curso tambi\u00e9n se van a realizar talleres de m\u00fasica y danza, gestionadas por \u00abAula sonora\u00bb que&nbsp; no cuentan con bonificaci\u00f3n. El horario de estas actividades es de seis a ocho de la tarde, de lunes a jueves y generalmente una sesi\u00f3n semanal. Est\u00e1n impartidos por profesionales titulados y funcionar\u00e1 con grupos reducidos. En este caso se oferta al p\u00fablico en general, aunque no sea alumno o alumna del Centro y alguna con la posibilidad de orientarse a adultos.<\/span><\/p>\n<p class=\"western\" lang=\"zxx\">Los talleres que se realicen ser\u00e1n en funci\u00f3n de las inscripciones. Se puede recoger el impreso e informaci\u00f3n detallada en secretar\u00eda o conserjer\u00eda o en la barra lateral izquierda o superior de la p\u00e1gina web del colegio. <span style=\"font-family: Arial-BoldMT\">Cualquier duda sobre estas actividades deben ser dirigidas a la empresa al tel\u00e9fono 626050179 o al email <a href=\"mailto:musicaentiernogalvan@gmail.com\">musicaentiernogalvan@gmail.com<\/a>. <\/span><\/p>\n<p style=\"text-align: center\">Enlace: <strong><span style=\"text-decoration: underline\"><a href=\"http:\/\/www.aulasonora.com\">Aula Sonora<\/a><\/span><\/strong><\/p>\n","protected":false},"excerpt":{"rendered":"<p>Como en el pasado curso tambi\u00e9n se van a realizar talleres de m\u00fasica y danza, gestionadas por \u00abAula sonora\u00bb que&nbsp; no cuentan con bonificaci\u00f3n. El horario de estas actividades es de seis a ocho de la tarde, de lunes a jueves y generalmente una sesi\u00f3n semanal. Est\u00e1n impartidos por profesionales&#46;&#46;&#46;<\/p>\n","protected":false},"author":3206,"featured_media":0,"parent":0,"menu_order":0,"comment_status":"closed","ping_status":"closed","template":"","meta":{"ngg_post_thumbnail":0,"footnotes":""},"aioseo_notices":[],"_links":{"self":[{"href":"https:\/\/blogsaverroes.juntadeandalucia.es\/ceiptiernogalvancadiz\/wp-json\/wp\/v2\/pages\/271"}],"collection":[{"href":"https:\/\/blogsaverroes.juntadeandalucia.es\/ceiptiernogalvancadiz\/wp-json\/wp\/v2\/pages"}],"about":[{"href":"https:\/\/blogsaverroes.juntadeandalucia.es\/ceiptiernogalvancadiz\/wp-json\/wp\/v2\/types\/page"}],"author":[{"embeddable":true,"href":"https:\/\/blogsaverroes.juntadeandalucia.es\/ceiptiernogalvancadiz\/wp-json\/wp\/v2\/users\/3206"}],"replies":[{"embeddable":true,"href":"https:\/\/blogsaverroes.juntadeandalucia.es\/ceiptiernogalvancadiz\/wp-json\/wp\/v2\/comments?post=271"}],"version-history":[{"count":7,"href":"https:\/\/blogsaverroes.juntadeandalucia.es\/ceiptiernogalvancadiz\/wp-json\/wp\/v2\/pages\/271\/revisions"}],"predecessor-version":[{"id":1725,"href":"https:\/\/blogsaverroes.juntadeandalucia.es\/ceiptiernogalvancadiz\/wp-json\/wp\/v2\/pages\/271\/revisions\/1725"}],"wp:attachment":[{"href":"https:\/\/blogsaverroes.juntadeandalucia.es\/ceiptiernogalvancadiz\/wp-json\/wp\/v2\/media?parent=271"}],"curies":[{"name":"wp","href":"https:\/\/api.w.org\/{rel}","templated":true}]}}